{"id":23605,"date":"2025-02-12T12:50:33","date_gmt":"2025-02-12T08:50:33","guid":{"rendered":"https:\/\/airsystems.ge\/shop\/product\/acoustic-vertical-baffles-alphacoustic-ab-2\/"},"modified":"2025-02-25T23:23:55","modified_gmt":"2025-02-25T19:23:55","slug":"acoustic-vertical-baffles-alphacoustic-ab-2","status":"publish","type":"product","link":"https:\/\/airsystems.ge\/shop\/az\/product\/acoustic-vertical-baffles-alphacoustic-ab-2\/","title":{"rendered":"1,594 \/ 5,000 Akustik \u015eaquli B\u00f6lm\u0259l\u0259r ALPHAcoustic \u2013 AB"},"content":{"rendered":"<div class=\"wpb-content-wrapper\"><div class=\"content_row row vc_row wpb_row default-style default\">\n<div class=\"content_row_wrapper \">\n<div class=\"vc_col-sm-12 wpb_column vc_column_container\">\n<div class=\"wpb_wrapper\">\n<div class=\"wpb_text_column wpb_content_element vc_custom_1669805609575\">\n<div class=\"wpb_wrapper\">\n<p>ALPHAcoustic\u00a0\u2013 AB.Sine\u00a0sinusoidal s\u0259s uducu tavan p\u0259rd\u0259l\u0259ridir. Onlar ALPHAcoustic variant\u0131d\u0131r \u2013 AB.Ortho.<\/p>\n<p>Bu \u00e7\u0259ng\u0259ll\u0259r m\u00fcvafiq akustik ara\u015fd\u0131rma il\u0259 m\u00fc\u0259yy\u0259n edildiyi kimi, paralel x\u0259tl\u0259rd\u0259 tavandan \u015faquli olaraq as\u0131l\u0131r. M\u0259kanda f\u0259rqli, z\u0259rif bir estetik t\u0259qdim edirl\u0259r.<\/p>\n<p><img decoding=\"async\" class=\"wp-image-11385 size-large\" src=\"https:\/\/alphacoustic.com\/wp-content\/uploads\/2023\/09\/AB-SIN-%CE%B3%CE%B9%CE%B1-%CE%AD%CE%BD%CF%84%CF%85%CF%80%CE%BF-1024x150-1.jpg\" \/><\/p>\n<p>Standart \u00f6l\u00e7\u00fcl\u0259r: 120x40sm v\u0259 180x40sm<br \/>\nQal\u0131nl\u0131q: 30-50-80mm<br \/>\n(ist\u0259y\u0259 g\u00f6r\u0259 m\u00fcxt\u0259lif forma, \u00f6l\u00e7\u00fc v\u0259 qal\u0131nl\u0131qda haz\u0131rlana bil\u0259r)<\/p>\n<p>\u00c7ox t\u0259sirli iki s\u0259s udma t\u0259r\u0259fi say\u0259sind\u0259 bu elementl\u0259r y\u00fcks\u0259k s\u0259s udulmas\u0131na nail ola bilir. Onlar h\u0259m\u00e7inin daxili akustikan\u0131 yax\u015f\u0131la\u015fd\u0131rmaq v\u0259 \u0259ks-s\u0259dalar\u0131 azaltmaq \u00fc\u00e7\u00fcn z\u0259hl\u0259t\u00f6k\u0259n \u00e7oxsayl\u0131 s\u0259s-k\u00fcy \u0259ksini azald\u0131r. Onlar kondisionerin v\u0259 i\u015f\u0131qland\u0131rma sisteminin i\u015fini pozmadan daha yax\u015f\u0131 akustik m\u00fchit yarad\u0131rlar.<\/p>\n<p>S\u0259s uducu panell\u0259r\u00a0ALPHAcoustic\u00a0\u2013 AB\u00a0ISO 354:2003-\u0259 uy\u011fun olaraq \u00f6l\u00e7\u00fcl\u00fcb. \u00d6l\u00e7\u00fcl\u0259ri 1200x600x80 mm olan, aralar\u0131nda 600 mm m\u0259saf\u0259d\u0259 as\u0131lm\u0131\u015f panell\u0259r \u00fc\u00e7\u00fcn s\u0259s udma \u0259msal\u0131 a\u015fa\u011f\u0131dak\u0131 c\u0259dv\u0259ld\u0259 g\u00f6st\u0259rilmi\u015fdir (burada \u03b1N h\u0259r obyekt \u00fc\u00e7\u00fcn ekvivalent s\u0259s udma s\u0259thidir).<\/p>\n<\/div>\n<\/div>\n<\/div>\n<\/div>\n<\/div>\n<\/div>\n<div class=\"content_row row vc_row wpb_row default-style default\">\n<div class=\"content_row_wrapper \">\n<div class=\"vc_col-sm-12 wpb_column vc_column_container\">\n<div class=\"wpb_wrapper\">\n<div class=\"wpb_text_column wpb_content_element vc_custom_1669805594224\">\n<div class=\"wpb_wrapper\">\n<table width=\"435\">\n<thead>\n<tr>\n<th rowspan=\"2\"><small>Sample type:<br \/>\nALPHAcoustic\u00a0\u2013 AB<br \/>\n1200 mm x 600 mm x 80 mm<\/small><\/th>\n<th colspan=\"6\">Frequency (Hz)<\/th>\n<\/tr>\n<tr>\n<td>125<\/td>\n<td>250<\/td>\n<td>500<\/td>\n<td>1000<\/td>\n<td>2000<\/td>\n<td>4000<\/td>\n<\/tr>\n<\/thead>\n<tbody>\n<tr>\n<td><strong>Sound Absorption Coefficient (\u03b1<sub>N<\/sub>)<\/strong><\/td>\n<td>0.2<\/td>\n<td>0.43<\/td>\n<td>0.98<\/td>\n<td>1.4<\/td>\n<td>1.4<\/td>\n<td>1.3<\/td>\n<\/tr>\n<\/tbody>\n<\/table>\n<\/div>\n<\/div>\n<\/div>\n<\/div>\n<\/div>\n<\/div>\n<\/div>","protected":false},"excerpt":{"rendered":"<div class=\"single_variation_wrap\">\n<div class=\"woocommerce-variation single_variation\">\n<div class=\"woocommerce-variation-description\">\n<p>Kesiti\u00a0 \u00a0\u00a0\u00a0Sinusoidal<\/p>\n<p>&nbsp;<\/p>\n<p>ALPHAcoustic\u00a0\u2013 AB.Sine\u00a0sinusoidal s\u0259s uducu tavan p\u0259rd\u0259l\u0259ridir. Onlar ALPHAcoustic variant\u0131d\u0131r \u2013 AB.Ortho.<\/p>\n<p>Bu \u00e7\u0259ng\u0259ll\u0259r m\u00fcvafiq akustik ara\u015fd\u0131rma il\u0259 m\u00fc\u0259yy\u0259n edildiyi kimi, paralel x\u0259tl\u0259rd\u0259 tavandan \u015faquli olaraq as\u0131l\u0131r. M\u0259kanda f\u0259rqli, z\u0259rif bir estetik t\u0259qdim edirl\u0259r.<\/p>\n<p><img decoding=\"async\" class=\"wp-image-11385 size-large\" src=\"https:\/\/alphacoustic.com\/wp-content\/uploads\/2023\/09\/AB-SIN-%CE%B3%CE%B9%CE%B1-%CE%AD%CE%BD%CF%84%CF%85%CF%80%CE%BF-1024x150-1.jpg\" \/><\/p>\n<\/div>\n<\/div>\n<\/div>\n<div class=\"variation-description show\" data-value=\"sinusoidal\" data-id=\"28521\">\n<p>Standart \u00f6l\u00e7\u00fcl\u0259r: 120x40sm v\u0259 180x40sm<br \/>\nQal\u0131nl\u0131q: 30-50-80mm<br \/>\n(ist\u0259y\u0259 g\u00f6r\u0259 m\u00fcxt\u0259lif forma, \u00f6l\u00e7\u00fc v\u0259 qal\u0131nl\u0131qda haz\u0131rlana bil\u0259r)<\/p>\n<\/div>\n","protected":false},"featured_media":22839,"template":"","meta":[],"product_brand":[],"product_cat":[930,931],"product_tag":[],"class_list":{"0":"post-23605","1":"product","2":"type-product","3":"status-publish","4":"has-post-thumbnail","6":"product_cat-acoustic-panels-az","7":"product_cat-architectural-acoustic-az","9":"first","10":"instock","11":"shipping-taxable","12":"product-type-simple"},"_links":{"self":[{"href":"https:\/\/airsystems.ge\/shop\/az\/wp-json\/wp\/v2\/product\/23605","targetHints":{"allow":["GET"]}}],"collection":[{"href":"https:\/\/airsystems.ge\/shop\/az\/wp-json\/wp\/v2\/product"}],"about":[{"href":"https:\/\/airsystems.ge\/shop\/az\/wp-json\/wp\/v2\/types\/product"}],"wp:featuredmedia":[{"embeddable":true,"href":"https:\/\/airsystems.ge\/shop\/az\/wp-json\/wp\/v2\/media\/22839"}],"wp:attachment":[{"href":"https:\/\/airsystems.ge\/shop\/az\/wp-json\/wp\/v2\/media?parent=23605"}],"wp:term":[{"taxonomy":"product_brand","embeddable":true,"href":"https:\/\/airsystems.ge\/shop\/az\/wp-json\/wp\/v2\/product_brand?post=23605"},{"taxonomy":"product_cat","embeddable":true,"href":"https:\/\/airsystems.ge\/shop\/az\/wp-json\/wp\/v2\/product_cat?post=23605"},{"taxonomy":"product_tag","embeddable":true,"href":"https:\/\/airsystems.ge\/shop\/az\/wp-json\/wp\/v2\/product_tag?post=23605"}],"curies":[{"name":"wp","href":"https:\/\/api.w.org\/{rel}","templated":true}]}}