{"id":23602,"date":"2025-02-11T16:00:15","date_gmt":"2025-02-11T12:00:15","guid":{"rendered":"https:\/\/airsystems.ge\/shop\/product\/revib-brick-block-vibration-isolator-from-recycled-rubber\/"},"modified":"2025-02-22T19:07:19","modified_gmt":"2025-02-22T15:07:19","slug":"revib-brick-block-vibration-isolator-from-recycled-rubber","status":"publish","type":"product","link":"https:\/\/airsystems.ge\/shop\/az\/product\/revib-brick-block-vibration-isolator-from-recycled-rubber\/","title":{"rendered":"T\u0259krar emal edilmi\u015f kau\u00e7ukdan ReVib-Brick Blok Vibrasiya \u0130zolyatoru"},"content":{"rendered":"<p>T\u0259svir<br \/>\nReVib-Brick, PUR il\u0259 ba\u011flanm\u0131\u015f T\u0259krar \u0130stifad\u0259 Edilmi\u015f \u00d6mr\u00fcn\u00fcn Sonu T\u0259k\u0259r (ELTR) Rezin lifl\u0259rind\u0259n haz\u0131rlanm\u0131\u015f a\u011f\u0131r rezin blokdan ibar\u0259tdir. \u03a4o vibrasiya \u0259leyhin\u0259 m\u0259hsullarda ekoloji c\u0259h\u0259td\u0259n t\u0259miz se\u00e7imdir.<br \/>\nReVib-Brick b\u00fct\u00fcn kondisioner qur\u011fular\u0131 \u00fc\u00e7\u00fcn m\u00fck\u0259mm\u0259l iqtisadi amortizatordur v\u0259 \u0259traf m\u00fchitin qorunmas\u0131na \u0259h\u0259miyy\u0259t ver\u0259n insanlar \u00fc\u00e7\u00fcn \u0259n ekoloji se\u00e7imdir.<br \/>\nX\u00fcsusi poliuretan yap\u0131\u015fd\u0131r\u0131c\u0131 il\u0259 yap\u0131\u015fd\u0131r\u0131lm\u0131\u015f 100% par\u00e7alanm\u0131\u015f t\u0259krar emal edilmi\u015f avtomobil t\u0259k\u0259rl\u0259rind\u0259n istehsal edilmi\u015fdir.<br \/>\nOnun dahiyan\u0259 dizayn\u0131 onu b\u00fct\u00fcn HVAC cihazlar\u0131n\u0131n soyuducu qur\u011fular\u0131n\u0131n, boru k\u0259m\u0259rl\u0259rinin d\u0259st\u0259yinin, dam \u00f6rt\u00fcy\u00fc sisteml\u0259rinin, kanallar\u0131n, boru k\u0259m\u0259rinin, kabel l\u00f6vh\u0259sinin v\u0259 s.-nin ist\u0259nil\u0259n da\u015f\u0131y\u0131c\u0131 n\u00f6qt\u0259sin\u0259 (m\u0259rk\u0259zind\u0259ki uy\u011fun ke\u00e7id vinti vasit\u0259sil\u0259) asan b\u0259rkitm\u0259y\u0259 imkan verir.<\/p>\n<p>\u018fsas \u00dcst\u00fcnl\u00fckl\u0259r<br \/>\n\u2022 M\u00f6hk\u0259m baza kondisioneri vibrasiyadan v\u0259 z\u0259d\u0259l\u0259nm\u0259d\u0259n qoruyur<br \/>\n\u2022 Universal \u00f6l\u00e7\u00fcs\u00fc Brick-i m\u00fcxt\u0259lif kondisioner modell\u0259ri \u00fc\u00e7\u00fcn uy\u011fun edir<br \/>\n\u2022 Xarici hava v\u0259 mexaniki g\u0259rginlikl\u0259r\u0259 davaml\u0131d\u0131r. UV davaml\u0131<br \/>\n\u2022 M\u0259hsulun t\u0259rkibi k\u0259skin v\u0259 ya a\u015f\u0131nd\u0131r\u0131c\u0131 deyil; dam\u0131n \u00f6mr\u00fcn\u00fc uzatma\u011fa k\u00f6m\u0259k edir<br \/>\n\u2022 \u0130st\u0259nil\u0259n n\u00f6v dam \u00f6rt\u00fcy\u00fc v\u0259 ya dig\u0259r d\u00fcz s\u0259th \u00fc\u00e7\u00fcn uy\u011fundur<br \/>\n\u2022 Ad\u0259t\u0259n, dam \u00f6rt\u00fcy\u00fcn\u0259 ehtiyac yoxdur<br \/>\n\u2022 Ekoloji iz. LEED kreditl\u0259ri \u00fc\u00e7\u00fcn uy\u011fundur<br \/>\n\u2022 Donma\u011fa\/\u0259rim\u0259y\u0259 davaml\u0131d\u0131r<br \/>\n\u2022 Tez v\u0259 effektiv qura\u015fd\u0131rma<\/p>\n<p>X\u00fcsusiyy\u0259tl\u0259r<br \/>\n\u00d6l\u00e7\u00fcl\u0259r: 125x125x80 mm Maksimum t\u00f6vsiy\u0259 olunan y\u00fck: 100kg<\/p>\n<p>&nbsp;<\/p>\n","protected":false},"excerpt":{"rendered":"<p>T\u0259svir ReVib-Brick, PUR il\u0259 ba\u011flanm\u0131\u015f T\u0259krar \u0130stifad\u0259 Edilmi\u015f \u00d6mr\u00fcn\u00fcn Sonu T\u0259k\u0259r (ELTR) Rezin lifl\u0259rind\u0259n haz\u0131rlanm\u0131\u015f a\u011f\u0131r rezin blokdan ibar\u0259tdir. \u03a4o<\/p>\n","protected":false},"featured_media":22795,"template":"","meta":[],"product_brand":[],"product_cat":[927],"product_tag":[],"class_list":{"0":"post-23602","1":"product","2":"type-product","3":"status-publish","4":"has-post-thumbnail","6":"product_cat-vibrasiya-anti-ss-kuy-akustik-az","8":"first","9":"instock","10":"shipping-taxable","11":"product-type-simple"},"_links":{"self":[{"href":"https:\/\/airsystems.ge\/shop\/az\/wp-json\/wp\/v2\/product\/23602","targetHints":{"allow":["GET"]}}],"collection":[{"href":"https:\/\/airsystems.ge\/shop\/az\/wp-json\/wp\/v2\/product"}],"about":[{"href":"https:\/\/airsystems.ge\/shop\/az\/wp-json\/wp\/v2\/types\/product"}],"wp:featuredmedia":[{"embeddable":true,"href":"https:\/\/airsystems.ge\/shop\/az\/wp-json\/wp\/v2\/media\/22795"}],"wp:attachment":[{"href":"https:\/\/airsystems.ge\/shop\/az\/wp-json\/wp\/v2\/media?parent=23602"}],"wp:term":[{"taxonomy":"product_brand","embeddable":true,"href":"https:\/\/airsystems.ge\/shop\/az\/wp-json\/wp\/v2\/product_brand?post=23602"},{"taxonomy":"product_cat","embeddable":true,"href":"https:\/\/airsystems.ge\/shop\/az\/wp-json\/wp\/v2\/product_cat?post=23602"},{"taxonomy":"product_tag","embeddable":true,"href":"https:\/\/airsystems.ge\/shop\/az\/wp-json\/wp\/v2\/product_tag?post=23602"}],"curies":[{"name":"wp","href":"https:\/\/api.w.org\/{rel}","templated":true}]}}