{"id":23432,"date":"2024-02-06T11:03:04","date_gmt":"2024-02-06T07:03:04","guid":{"rendered":"https:\/\/airsystems.ge\/shop\/product\/master-dhp-65-condensation-dehumidifier\/"},"modified":"2025-03-17T19:59:55","modified_gmt":"2025-03-17T15:59:55","slug":"master-dhp-65-condensation-dehumidifier","status":"publish","type":"product","link":"https:\/\/airsystems.ge\/shop\/az\/product\/master-dhp-65-condensation-dehumidifier\/","title":{"rendered":"Master DHP 65 &#8211; kondensasiya n\u0259ml\u0259ndiricisi"},"content":{"rendered":"<div class=\"wpb-content-wrapper\"><p>[vc_row][vc_column]\r\n\t\t<div id=\"wd-65a957de2ee55\" class=\"title-wrapper wd-wpb set-mb-s reset-last-child  wd-rs-65a957de2ee55 wd-title-color-default wd-title-style-default text-center  wd-underline-colored\">\r\n\t\t\t\r\n\t\t\t<div class=\"liner-continer\">\r\n\t\t\t\t<h4 class=\"woodmart-title-container title  wd-font-weight- wd-fontsize-l\" >Key features<\/h4>\r\n\t\t\t\t\t\t\t<\/div>\r\n\t\t\t\r\n\t\t\t\r\n\t\t\t\r\n\t\t<\/div>\r\n\t\t\r\n\t\t[\/vc_column][\/vc_row][vc_row][vc_column width=&#8221;1\/2&#8243;]\r\n\t\t<ul class=\" wd-rs-65b029378a36e wd-list wd-wpb color-scheme- wd-fontsize-xs wd-list-type-icon wd-list-style-default wd-justify-left \" id=\"wd-65b029378a36e\">\r\n\t\t\t\t\t\t\t\t\t\t\t<li>\r\n\t\t\t\t\t<span class=\"list-icon far fa-check-circle\"><\/span>\r\n\t\t\t\t\t<span class=\"list-content\">Easy to open for cleaning <\/span>\r\n\t\t\t\t\t\t\t\t\t<\/li>\r\n\t\t\t\t\t\t\t\t\t\t\t<li>\r\n\t\t\t\t\t<span class=\"list-icon far fa-check-circle\"><\/span>\r\n\t\t\t\t\t<span class=\"list-content\">Can be cleaned with water jet <\/span>\r\n\t\t\t\t\t\t\t\t\t<\/li>\r\n\t\t\t\t\t\t\t\t\t\t\t<li>\r\n\t\t\t\t\t<span class=\"list-icon far fa-check-circle\"><\/span>\r\n\t\t\t\t\t<span class=\"list-content\">Stackable <\/span>\r\n\t\t\t\t\t\t\t\t\t<\/li>\r\n\t\t\t\t\t\t\t\t\t\t\t<li>\r\n\t\t\t\t\t<span class=\"list-icon far fa-check-circle\"><\/span>\r\n\t\t\t\t\t<span class=\"list-content\"> Possibility of having the on board water pump and the on board water tank at the same time <\/span>\r\n\t\t\t\t\t\t\t\t\t<\/li>\r\n\t\t\t\t\t\t\t\t\t\t\t<li>\r\n\t\t\t\t\t<span class=\"list-icon far fa-check-circle\"><\/span>\r\n\t\t\t\t\t<span class=\"list-content\">On-board humidistat <\/span>\r\n\t\t\t\t\t\t\t\t\t<\/li>\r\n\t\t\t\t\t<\/ul>\r\n\t\t[\/vc_column][vc_column width=&#8221;1\/2&#8243;]\r\n\t\t<ul class=\" wd-rs-65b02964a9b87 wd-list wd-wpb color-scheme- wd-fontsize-xs wd-list-type-icon wd-list-style-default wd-justify-left \" id=\"wd-65b02964a9b87\">\r\n\t\t\t\t\t\t\t\t\t\t\t<li>\r\n\t\t\t\t\t<span class=\"list-icon far fa-check-circle\"><\/span>\r\n\t\t\t\t\t<span class=\"list-content\"> Heavy-duty, rotomoulded casing <\/span>\r\n\t\t\t\t\t\t\t\t\t<\/li>\r\n\t\t\t\t\t\t\t\t\t\t\t<li>\r\n\t\t\t\t\t<span class=\"list-icon far fa-check-circle\"><\/span>\r\n\t\t\t\t\t<span class=\"list-content\"> High efficiency <\/span>\r\n\t\t\t\t\t\t\t\t\t<\/li>\r\n\t\t\t\t\t\t\t\t\t\t\t<li>\r\n\t\t\t\t\t<span class=\"list-icon far fa-check-circle\"><\/span>\r\n\t\t\t\t\t<span class=\"list-content\"> Hour counter <\/span>\r\n\t\t\t\t\t\t\t\t\t<\/li>\r\n\t\t\t\t\t\t\t\t\t\t\t<li>\r\n\t\t\t\t\t<span class=\"list-icon far fa-check-circle\"><\/span>\r\n\t\t\t\t\t<span class=\"list-content\"> Large water tank with automatic shut-off when full <\/span>\r\n\t\t\t\t\t\t\t\t\t<\/li>\r\n\t\t\t\t\t\t\t\t\t\t\t<li>\r\n\t\t\t\t\t<span class=\"list-icon far fa-check-circle\"><\/span>\r\n\t\t\t\t\t<span class=\"list-content\"> Possibility of continuous operation (24h\/day) <\/span>\r\n\t\t\t\t\t\t\t\t\t<\/li>\r\n\t\t\t\t\t<\/ul>\r\n\t\t[\/vc_column][\/vc_row][vc_row][vc_column]\r\n\t\t<div id=\"wd-65a97cfe5a139\" class=\"title-wrapper wd-wpb set-mb-s reset-last-child  wd-rs-65a97cfe5a139 wd-title-color-default wd-title-style-default text-center  wd-underline-colored\">\r\n\t\t\t\r\n\t\t\t<div class=\"liner-continer\">\r\n\t\t\t\t<h4 class=\"woodmart-title-container title  wd-font-weight- wd-fontsize-l\" >Product specifications<\/h4>\r\n\t\t\t\t\t\t\t<\/div>\r\n\t\t\t\r\n\t\t\t\r\n\t\t\t\r\n\t\t<\/div>\r\n\t\t\r\n\t\t[\/vc_column][\/vc_row][vc_row][vc_column][vc_raw_html]JTNDZGl2JTIwY2xhc3MlM0QlMjJ3ZC1lbC10YWJsZSUyMiUzRSUwQSUyMCUyMCUzQ2RpdiUyMGNsYXNzJTNEJTIyd2QtZWwtdGFibGUtd3JhcCUyMiUzRSUwQSUyMCUyMCUyMCUyMCUzQ3RhYmxlJTIwY2xhc3MlM0QlMjJ3ZC1lbC10YWJsZSUyMiUzRSUwQSUyMCUyMCUyMCUyMCUyMCUyMCUzQ3Rib2R5JTIwY2xhc3MlM0QlMjJ0ZXh0LWxlZnQlMjIlM0UlMEElMjAlMjAlMjAlMjAlMjAlMjAlMjAlMjAlM0N0ciUzRSUwQSUyMCUyMCUyMCUyMCUyMCUyMCUyMCUyMCUyMCUyMCUzQ3RoJTIwY29sc3BhbiUzRCUyMjElMjIlMjByb3dzcGFuJTNEJTIyMSUyMiUzRVNwZWNpZmljYXRpb25zJTNDJTJGdGglM0UlMEElMjAlMjAlMjAlMjAlMjAlMjAlMjAlMjAlMjAlMjAlM0N0aCUyMGNvbHNwYW4lM0QlMjIxJTIyJTIwcm93c3BhbiUzRCUyMjElMjIlM0VVbml0cyUzQyUyRnRoJTNFJTBBJTIwJTIwJTIwJTIwJTIwJTIwJTIwJTIwJTIwJTIwJTNDdGglMjBjb2xzcGFuJTNEJTIyMSUyMiUyMHJvd3NwYW4lM0QlMjIxJTIyJTNFREhQJTIwNjUlM0MlMkZ0aCUzRSUwQSUyMCUyMCUyMCUyMCUyMCUyMCUyMCUyMCUzQyUyRnRyJTNFJTBBJTIwJTIwJTIwJTIwJTIwJTIwJTIwJTIwJTNDdHIlM0UlMEElMjAlMjAlMjAlMjAlMjAlMjAlMjAlMjAlMjAlMjAlM0N0ZCUyMGNvbHNwYW4lM0QlMjIxJTIyJTIwcm93c3BhbiUzRCUyMjElMjIlM0VDYXBhY2l0eSUyMCUyODMwJUMyJUIwQyUyRjgwJTI1JTIwUkglMjklM0MlMkZ0ZCUzRSUwQSUyMCUyMCUyMCUyMCUyMCUyMCUyMCUyMCUyMCUyMCUzQ3RkJTIwY29sc3BhbiUzRCUyMjElMjIlMjByb3dzcGFuJTNEJTIyMSUyMiUzRWwlMkYyNGglM0MlMkZ0ZCUzRSUwQSUyMCUyMCUyMCUyMCUyMCUyMCUyMCUyMCUyMCUyMCUzQ3RkJTIwY29sc3BhbiUzRCUyMjElMjIlMjByb3dzcGFuJTNEJTIyMSUyMiUzRTU2JTNDJTJGdGQlM0UlMEElMjAlMjAlMjAlMjAlMjAlMjAlMjAlMjAlM0MlMkZ0ciUzRSUwQSUyMCUyMCUyMCUyMCUyMCUyMCUyMCUyMCUzQ3RyJTNFJTBBJTIwJTIwJTIwJTIwJTIwJTIwJTIwJTIwJTIwJTIwJTNDdGQlMjBjb2xzcGFuJTNEJTIyMSUyMiUyMHJvd3NwYW4lM0QlMjIxJTIyJTNFQ2FwYWNpdHklMjAlMjgyMCVDMiVCMEMlMkY2MCUyNSUyMFJIJTI5JTNDJTJGdGQlM0UlMEElMjAlMjAlMjAlMjAlMjAlMjAlMjAlMjAlMjAlMjAlM0N0ZCUyMGNvbHNwYW4lM0QlMjIxJTIyJTIwcm93c3BhbiUzRCUyMjElMjIlM0VsJTJGMjRoJTNDJTJGdGQlM0UlMEElMjAlMjAlMjAlMjAlMjAlMjAlMjAlMjAlMjAlMjAlM0N0ZCUyMGNvbHNwYW4lM0QlMjIxJTIyJTIwcm93c3BhbiUzRCUyMjElMjIlM0UyMiUzQyUyRnRkJTNFJTBBJTIwJTIwJTIwJTIwJTIwJTIwJTIwJTIwJTNDJTJGdHIlM0UlMEElMjAlMjAlMjAlMjAlMjAlMjAlMjAlMjAlM0N0ciUzRSUwQSUyMCUyMCUyMCUyMCUyMCUyMCUyMCUyMCUyMCUyMCUzQ3RkJTIwY29sc3BhbiUzRCUyMjElMjIlMjByb3dzcGFuJTNEJTIyMSUyMiUzRUZvciUyMHJvb21zJTIwb2YlMjBhcHByb3guJTNDJTJGdGQlM0UlMEElMjAlMjAlMjAlMjAlMjAlMjAlMjAlMjAlMjAlMjAlM0N0ZCUyMGNvbHNwYW4lM0QlMjIxJTIyJTIwcm93c3BhbiUzRCUyMjElMjIlM0VtJUMyJUIzJTNDJTJGdGQlM0UlMEElMjAlMjAlMjAlMjAlMjAlMjAlMjAlMjAlMjAlMjAlM0N0ZCUyMGNvbHNwYW4lM0QlMjIxJTIyJTIwcm93c3BhbiUzRCUyMjElMjIlM0U4NDAlM0MlMkZ0ZCUzRSUwQSUyMCUyMCUyMCUyMCUyMCUyMCUyMCUyMCUzQyUyRnRyJTNFJTBBJTIwJTIwJTIwJTIwJTIwJTIwJTIwJTIwJTNDdHIlM0UlMEElMjAlMjAlMjAlMjAlMjAlMjAlMjAlMjAlMjAlMjAlM0N0ZCUyMGNvbHNwYW4lM0QlMjIxJTIyJTIwcm93c3BhbiUzRCUyMjElMjIlM0VGb3IlMjByZXN0b3JhdGlvbiUyMGFmdGVyJTIwZmxvb2RpbmclM0MlMkZ0ZCUzRSUwQSUyMCUyMCUyMCUyMCUyMCUyMCUyMCUyMCUyMCUyMCUzQ3RkJTIwY29sc3BhbiUzRCUyMjElMjIlMjByb3dzcGFuJTNEJTIyMSUyMiUzRW0lQzIlQjMlM0MlMkZ0ZCUzRSUwQSUyMCUyMCUyMCUyMCUyMCUyMCUyMCUyMCUyMCUyMCUzQ3RkJTIwY29sc3BhbiUzRCUyMjElMjIlMjByb3dzcGFuJTNEJTIyMSUyMiUzRTMzNiUzQyUyRnRkJTNFJTBBJTIwJTIwJTIwJTIwJTIwJTIwJTIwJTIwJTNDJTJGdHIlM0UlMEElMjAlMjAlMjAlMjAlMjAlMjAlMjAlMjAlM0N0ciUzRSUwQSUyMCUyMCUyMCUyMCUyMCUyMCUyMCUyMCUyMCUyMCUzQ3RkJTIwY29sc3BhbiUzRCUyMjElMjIlMjByb3dzcGFuJTNEJTIyMSUyMiUzRVJlZnJpZ2VyYW50JTNDJTJGdGQlM0UlMEElMjAlMjAlMjAlMjAlMjAlMjAlMjAlMjAlMjAlMjAlM0N0ZCUyMGNvbHNwYW4lM0QlMjIxJTIyJTIwcm93c3BhbiUzRCUyMjElMjIlM0UlM0MlMkZ0ZCUzRSUwQSUyMCUyMCUyMCUyMCUyMCUyMCUyMCUyMCUyMCUyMCUzQ3RkJTIwY29sc3BhbiUzRCUyMjElMjIlMjByb3dzcGFuJTNEJTIyMSUyMiUzRVIxMjM0eWYlM0MlMkZ0ZCUzRSUwQSUyMCUyMCUyMCUyMCUyMCUyMCUyMCUyMCUzQyUyRnRyJTNFJTBBJTIwJTIwJTIwJTIwJTIwJTIwJTIwJTIwJTNDdHIlM0UlMEElMjAlMjAlMjAlMjAlMjAlMjAlMjAlMjAlMjAlMjAlM0N0ZCUyMGNvbHNwYW4lM0QlMjIxJTIyJTIwcm93c3BhbiUzRCUyMjElMjIlM0VBaXIlMjBmbG93JTIwRm9yJTIwcm9vbXMlMjBvZiUyMGFwcHJveC4lM0MlMkZ0ZCUzRSUwQSUyMCUyMCUyMCUyMCUyMCUyMCUyMCUyMCUyMCUyMCUzQ3RkJTIwY29sc3BhbiUzRCUyMjElMjIlMjByb3dzcGFuJTNEJTIyMSUyMiUzRW0lQzIlQjMlMkZoJTNDJTJGdGQlM0UlMEElMjAlMjAlMjAlMjAlMjAlMjAlMjAlMjAlMjAlMjAlM0N0ZCUyMGNvbHNwYW4lM0QlMjIxJTIyJTIwcm93c3BhbiUzRCUyMjElMjIlM0U1MDAlM0MlMkZ0ZCUzRSUwQSUyMCUyMCUyMCUyMCUyMCUyMCUyMCUyMCUzQyUyRnRyJTNFJTBBJTIwJTIwJTIwJTIwJTIwJTIwJTIwJTIwJTNDdHIlM0UlMEElMjAlMjAlMjAlMjAlMjAlMjAlMjAlMjAlMjAlMjAlM0N0ZCUyMGNvbHNwYW4lM0QlMjIxJTIyJTIwcm93c3BhbiUzRCUyMjElMjIlM0VPcGVyYXRpbmclMjB0ZW1wZXJhdHVyZSUyMHJhbmdlJTNDJTJGdGQlM0UlMEElMjAlMjAlMjAlMjAlMjAlMjAlMjAlMjAlMjAlMjAlM0N0ZCUyMGNvbHNwYW4lM0QlMjIxJTIyJTIwcm93c3BhbiUzRCUyMjElMjIlM0UlQzIlQjBDJTNDJTJGdGQlM0UlMEElMjAlMjAlMjAlMjAlMjAlMjAlMjAlMjAlMjAlMjAlM0N0ZCUyMGNvbHNwYW4lM0QlMjIxJTIyJTIwcm93c3BhbiUzRCUyMjElMjIlM0UzLTMyJTJGMy00NSUzQyUyRnRkJTNFJTBBJTIwJTIwJTIwJTIwJTIwJTIwJTIwJTIwJTNDJTJGdHIlM0UlMEElMjAlMjAlMjAlMjAlMjAlMjAlMjAlMjAlM0N0ciUzRSUwQSUyMCUyMCUyMCUyMCUyMCUyMCUyMCUyMCUyMCUyMCUzQ3RkJTIwY29sc3BhbiUzRCUyMjElMjIlMjByb3dzcGFuJTNEJTIyMSUyMiUzRU9wZXJhdGluZyUyMGh1bWlkaXR5JTIwcmFuZ2UlM0MlMkZ0ZCUzRSUwQSUyMCUyMCUyMCUyMCUyMCUyMCUyMCUyMCUyMCUyMCUzQ3RkJTIwY29sc3BhbiUzRCUyMjElMjIlMjByb3dzcGFuJTNEJTIyMSUyMiUzRSUyNSUzQyUyRnRkJTNFJTBBJTIwJTIwJTIwJTIwJTIwJTIwJTIwJTIwJTIwJTIwJTNDdGQlMjBjb2xzcGFuJTNEJTIyMSUyMiUyMHJvd3NwYW4lM0QlMjIxJTIyJTNFNDAtOTglMkY0MC03MCUzQyUyRnRkJTNFJTBBJTIwJTIwJTIwJTIwJTIwJTIwJTIwJTIwJTNDJTJGdHIlM0UlMEElMjAlMjAlMjAlMjAlMjAlMjAlMjAlMjAlM0N0ciUzRSUwQSUyMCUyMCUyMCUyMCUyMCUyMCUyMCUyMCUyMCUyMCUzQ3RkJTIwY29sc3BhbiUzRCUyMjElMjIlMjByb3dzcGFuJTNEJTIyMSUyMiUzRVBvd2VyJTIwY29uc3VtcHRpb24lM0MlMkZ0ZCUzRSUwQSUyMCUyMCUyMCUyMCUyMCUyMCUyMCUyMCUyMCUyMCUzQ3RkJTIwY29sc3BhbiUzRCUyMjElMjIlMjByb3dzcGFuJTNEJTIyMSUyMiUzRVclM0MlMkZ0ZCUzRSUwQSUyMCUyMCUyMCUyMCUyMCUyMCUyMCUyMCUyMCUyMCUzQ3RkJTIwY29sc3BhbiUzRCUyMjElMjIlMjByb3dzcGFuJTNEJTIyMSUyMiUzRTg2MCUzQyUyRnRkJTNFJTBBJTIwJTIwJTIwJTIwJTIwJTIwJTIwJTIwJTNDJTJGdHIlM0UlMEElMjAlMjAlMjAlMjAlMjAlMjAlMjAlMjAlM0N0ciUzRSUwQSUyMCUyMCUyMCUyMCUyMCUyMCUyMCUyMCUyMCUyMCUzQ3RkJTIwY29sc3BhbiUzRCUyMjElMjIlMjByb3dzcGFuJTNEJTIyMSUyMiUzRVBvd2VyJTIwc3VwcGx5JTNDJTJGdGQlM0UlMEElMjAlMjAlMjAlMjAlMjAlMjAlMjAlMjAlMjAlMjAlM0N0ZCUyMGNvbHNwYW4lM0QlMjIxJTIyJTIwcm93c3BhbiUzRCUyMjElMjIlM0VWJTJGSHolM0MlMkZ0ZCUzRSUwQSUyMCUyMCUyMCUyMCUyMCUyMCUyMCUyMCUyMCUyMCUzQ3RkJTIwY29sc3BhbiUzRCUyMjElMjIlMjByb3dzcGFuJTNEJTIyMSUyMiUzRTIyMC0yNDAlMkYxcGglMkY1MCUzQyUyRnRkJTNFJTBBJTIwJTIwJTIwJTIwJTIwJTIwJTIwJTIwJTNDJTJGdHIlM0UlMEElMjAlMjAlMjAlMjAlMjAlMjAlMjAlMjAlM0N0ciUzRSUwQSUyMCUyMCUyMCUyMCUyMCUyMCUyMCUyMCUyMCUyMCUzQ3RkJTIwY29sc3BhbiUzRCUyMjElMjIlMjByb3dzcGFuJTNEJTIyMSUyMiUzRVNvdW5kJTIwbGV2ZWwlM0MlMkZ0ZCUzRSUwQSUyMCUyMCUyMCUyMCUyMCUyMCUyMCUyMCUyMCUyMCUzQ3RkJTIwY29sc3BhbiUzRCUyMjElMjIlMjByb3dzcGFuJTNEJTIyMSUyMiUzRWRCJTI4QSUyOSUzQyUyRnRkJTNFJTBBJTIwJTIwJTIwJTIwJTIwJTIwJTIwJTIwJTIwJTIwJTNDdGQlMjBjb2xzcGFuJTNEJTIyMSUyMiUyMHJvd3NwYW4lM0QlMjIxJTIyJTNFNTMlM0MlMkZ0ZCUzRSUwQSUyMCUyMCUyMCUyMCUyMCUyMCUyMCUyMCUzQyUyRnRyJTNFJTBBJTIwJTIwJTIwJTIwJTIwJTIwJTIwJTIwJTNDdHIlM0UlMEElMjAlMjAlMjAlMjAlMjAlMjAlMjAlMjAlMjAlMjAlM0N0ZCUyMGNvbHNwYW4lM0QlMjIxJTIyJTIwcm93c3BhbiUzRCUyMjElMjIlM0VDb21wcmVzc29yJTNDJTJGdGQlM0UlMEElMjAlMjAlMjAlMjAlMjAlMjAlMjAlMjAlMjAlMjAlM0N0ZCUyMGNvbHNwYW4lM0QlMjIxJTIyJTIwcm93c3BhbiUzRCUyMjElMjIlM0UlM0MlMkZ0ZCUzRSUwQSUyMCUyMCUyMCUyMCUyMCUyMCUyMCUyMCUyMCUyMCUzQ3RkJTIwY29sc3BhbiUzRCUyMjElMjIlMjByb3dzcGFuJTNEJTIyMSUyMiUzRVJvdGFyeSUzQyUyRnRkJTNFJTBBJTIwJTIwJTIwJTIwJTIwJTIwJTIwJTIwJTNDJTJGdHIlM0UlMEElMjAlMjAlMjAlMjAlMjAlMjAlMjAlMjAlM0N0ciUzRSUwQSUyMCUyMCUyMCUyMCUyMCUyMCUyMCUyMCUyMCUyMCUzQ3RkJTIwY29sc3BhbiUzRCUyMjElMjIlMjByb3dzcGFuJTNEJTIyMSUyMiUzRVRhbmslMjBjYXBhY2l0eSUzQyUyRnRkJTNFJTBBJTIwJTIwJTIwJTIwJTIwJTIwJTIwJTIwJTIwJTIwJTNDdGQlMjBjb2xzcGFuJTNEJTIyMSUyMiUyMHJvd3NwYW4lM0QlMjIxJTIyJTNFbCUzQyUyRnRkJTNFJTBBJTIwJTIwJTIwJTIwJTIwJTIwJTIwJTIwJTIwJTIwJTNDdGQlMjBjb2xzcGFuJTNEJTIyMSUyMiUyMHJvd3NwYW4lM0QlMjIxJTIyJTNFMTAuNSUzQyUyRnRkJTNFJTBBJTIwJTIwJTIwJTIwJTIwJTIwJTIwJTIwJTNDJTJGdHIlM0UlMEElMjAlMjAlMjAlMjAlMjAlMjAlMjAlMjAlM0N0ciUzRSUwQSUyMCUyMCUyMCUyMCUyMCUyMCUyMCUyMCUyMCUyMCUzQ3RkJTIwY29sc3BhbiUzRCUyMjElMjIlMjByb3dzcGFuJTNEJTIyMSUyMiUzRVByb2R1Y3QlMjBzaXplJTIwJTI4bCUyMHglMjB3JTIweCUyMGglMjklM0MlMkZ0ZCUzRSUwQSUyMCUyMCUyMCUyMCUyMCUyMCUyMCUyMCUyMCUyMCUzQ3RkJTIwY29sc3BhbiUzRCUyMjElMjIlMjByb3dzcGFuJTNEJTIyMSUyMiUzRW1tJTNDJTJGdGQlM0UlMEElMjAlMjAlMjAlMjAlMjAlMjAlMjAlMjAlMjAlMjAlM0N0ZCUyMGNvbHNwYW4lM0QlMjIxJTIyJTIwcm93c3BhbiUzRCUyMjElMjIlM0U1NzAlMjB4JTIwNTMwJTIweCUyMDcwMCUzQyUyRnRkJTNFJTBBJTIwJTIwJTIwJTIwJTIwJTIwJTIwJTIwJTNDJTJGdHIlM0UlMEElMjAlMjAlMjAlMjAlMjAlMjAlMjAlMjAlM0N0ciUzRSUwQSUyMCUyMCUyMCUyMCUyMCUyMCUyMCUyMCUyMCUyMCUzQ3RkJTIwY29sc3BhbiUzRCUyMjElMjIlMjByb3dzcGFuJTNEJTIyMSUyMiUzRUJveCUyMHNpemUlMjAlMjhsJTIweCUyMHclMjB4JTIwaCUyOSUzQyUyRnRkJTNFJTBBJTIwJTIwJTIwJTIwJTIwJTIwJTIwJTIwJTIwJTIwJTNDdGQlMjBjb2xzcGFuJTNEJTIyMSUyMiUyMHJvd3NwYW4lM0QlMjIxJTIyJTNFbW0lM0MlMkZ0ZCUzRSUwQSUyMCUyMCUyMCUyMCUyMCUyMCUyMCUyMCUyMCUyMCUzQ3RkJTIwY29sc3BhbiUzRCUyMjElMjIlMjByb3dzcGFuJTNEJTIyMSUyMiUzRTczMCUyMHglMjA1ODAlMjB4JTIwODQwJTNDJTJGdGQlM0UlMEElMjAlMjAlMjAlMjAlMjAlMjAlMjAlMjAlM0MlMkZ0ciUzRSUwQSUyMCUyMCUyMCUyMCUyMCUyMCUyMCUyMCUzQ3RyJTNFJTBBJTIwJTIwJTIwJTIwJTIwJTIwJTIwJTIwJTIwJTIwJTNDdGQlMjBjb2xzcGFuJTNEJTIyMSUyMiUyMHJvd3NwYW4lM0QlMjIxJTIyJTNFTmV0JTJGZ3Jvc3MlMjB3ZWlnaHQlM0MlMkZ0ZCUzRSUwQSUyMCUyMCUyMCUyMCUyMCUyMCUyMCUyMCUyMCUyMCUzQ3RkJTIwY29sc3BhbiUzRCUyMjElMjIlMjByb3dzcGFuJTNEJTIyMSUyMiUzRWtnJTNDJTJGdGQlM0UlMEElMjAlMjAlMjAlMjAlMjAlMjAlMjAlMjAlMjAlMjAlM0N0ZCUyMGNvbHNwYW4lM0QlMjIxJTIyJTIwcm93c3BhbiUzRCUyMjElMjIlM0U0NSUyRjUwJTNDJTJGdGQlM0UlMEElMjAlMjAlMjAlMjAlMjAlMjAlMjAlMjAlM0MlMkZ0ciUzRSUwQSUyMCUyMCUyMCUyMCUyMCUyMCUyMCUyMCUzQ3RyJTNFJTBBJTIwJTIwJTIwJTIwJTIwJTIwJTIwJTIwJTIwJTIwJTNDdGQlMjBjb2xzcGFuJTNEJTIyMSUyMiUyMHJvd3NwYW4lM0QlMjIxJTIyJTNFUGFsbGV0JTNDJTJGdGQlM0UlMEElMjAlMjAlMjAlMjAlMjAlMjAlMjAlMjAlMjAlMjAlM0N0ZCUyMGNvbHNwYW4lM0QlMjIxJTIyJTIwcm93c3BhbiUzRCUyMjElMjIlM0VwY3MlM0MlMkZ0ZCUzRSUwQSUyMCUyMCUyMCUyMCUyMCUyMCUyMCUyMCUyMCUyMCUzQ3RkJTIwY29sc3BhbiUzRCUyMjElMjIlMjByb3dzcGFuJTNEJTIyMSUyMiUzRTQlM0MlMkZ0ZCUzRSUwQSUyMCUyMCUyMCUyMCUyMCUyMCUyMCUyMCUzQyUyRnRyJTNFJTBBJTIwJTIwJTIwJTIwJTIwJTIwJTIwJTIwJTNDdHIlM0UlMEElMjAlMjAlMjAlMjAlMjAlMjAlMjAlMjAlMjAlMjAlM0N0ZCUyMGNvbHNwYW4lM0QlMjIxJTIyJTIwcm93c3BhbiUzRCUyMjElMjIlM0VEdWFsJTIwdm9sdGFnZSUzQyUyRnRkJTNFJTBBJTIwJTIwJTIwJTIwJTIwJTIwJTIwJTIwJTIwJTIwJTNDdGQlMjBjb2xzcGFuJTNEJTIyMSUyMiUyMHJvd3NwYW4lM0QlMjIxJTIyJTNFJTNDJTJGdGQlM0UlMEElMjAlMjAlMjAlMjAlMjAlMjAlMjAlMjAlMjAlMjAlM0N0ZCUyMGNvbHNwYW4lM0QlMjIxJTIyJTIwcm93c3BhbiUzRCUyMjElMjIlM0VBdmFpbGFibGUlM0MlMkZ0ZCUzRSUwQSUyMCUyMCUyMCUyMCUyMCUyMCUyMCUyMCUzQyUyRnRyJTNFJTBBJTIwJTIwJTIwJTIwJTIwJTIwJTNDJTJGdGJvZHklM0UlMEElMjAlMjAlMjAlMjAlM0MlMkZ0YWJsZSUzRSUwQSUyMCUyMCUzQyUyRmRpdiUzRSUwQSUzQyUyRmRpdiUzRSUwQQ==[\/vc_raw_html][\/vc_column][\/vc_row][vc_row][vc_column]\r\n\t\t<div id=\"wd-65a9893650cd2\" class=\"title-wrapper wd-wpb set-mb-s reset-last-child  wd-rs-65a9893650cd2 wd-title-color-default wd-title-style-default text-center  wd-underline-colored\">\r\n\t\t\t\r\n\t\t\t<div class=\"liner-continer\">\r\n\t\t\t\t<h4 class=\"woodmart-title-container title  wd-font-weight- wd-fontsize-l\" >Suitable for<\/h4>\r\n\t\t\t\t\t\t\t<\/div>\r\n\t\t\t\r\n\t\t\t\r\n\t\t\t\r\n\t\t<\/div>\r\n\t\t\r\n\t\t[\/vc_column][\/vc_row][vc_row][vc_column width=&#8221;1\/2&#8243;]\t\t<div id=\"wd-65b0234c6cf67\" class=\"wd-text-block wd-wpb reset-last-child wd-rs-65b0234c6cf67 text-left \">\r\n\t\t\t<ul>\n<li style=\"text-align: left;\">\u00a0Agriculture<\/li>\n<li style=\"text-align: left;\">Buildings and commercial spaces<\/li>\n<li style=\"text-align: left;\">Construction<\/li>\n<li style=\"text-align: left;\">Data centres and telecoms<\/li>\n<li style=\"text-align: left;\">General industry and production<\/li>\n<\/ul>\n\t\t<\/div>\r\n\t\t[\/vc_column][vc_column width=&#8221;1\/2&#8243;]\t\t<div id=\"wd-65b02360b9239\" class=\"wd-text-block wd-wpb reset-last-child wd-rs-65b02360b9239 text-left \">\r\n\t\t\t<ul>\n<li>\u00a0Museum and gallery preservation<\/li>\n<li>Rental companies<\/li>\n<li>Storage, preservation and archives<\/li>\n<li>Water damage restoration<\/li>\n<\/ul>\n\t\t<\/div>\r\n\t\t[\/vc_column][\/vc_row][vc_row][vc_column]\r\n\t\t<div id=\"wd-65a98929cfc63\" class=\"title-wrapper wd-wpb set-mb-s reset-last-child  wd-rs-65a98929cfc63 wd-title-color-default wd-title-style-default text-center  wd-underline-colored\">\r\n\t\t\t\r\n\t\t\t<div class=\"liner-continer\">\r\n\t\t\t\t<h4 class=\"woodmart-title-container title  wd-font-weight- wd-fontsize-l\" >Accessories and consumables<\/h4>\r\n\t\t\t\t\t\t\t<\/div>\r\n\t\t\t\r\n\t\t\t\r\n\t\t\t\r\n\t\t<\/div>\r\n\t\t\r\n\t\t[\/vc_column][\/vc_row][vc_row][vc_column]<div class=\"woocommerce columns-4 \"><\/div>[\/vc_column][\/vc_row][vc_row][vc_column]\r\n\t\t<div id=\"wd-65aa6e6129302\" class=\"title-wrapper wd-wpb set-mb-s reset-last-child  wd-rs-65aa6e6129302 wd-title-color-default wd-title-style-default text-center  wd-underline-colored\">\r\n\t\t\t\r\n\t\t\t<div class=\"liner-continer\">\r\n\t\t\t\t<h4 class=\"woodmart-title-container title  wd-font-weight- wd-fontsize-l\" >Useful downloads<\/h4>\r\n\t\t\t\t\t\t\t<\/div>\r\n\t\t\t\r\n\t\t\t\r\n\t\t\t\r\n\t\t<\/div>\r\n\t\t\r\n\t\t[\/vc_column][\/vc_row][vc_row][vc_column]\r\n\t\t<ul class=\" wd-rs-65b02ab1a4b2c wd-list wd-wpb color-scheme- wd-fontsize-xs wd-list-type-icon wd-list-style-square wd-justify-left wd-list-shape-icon \" id=\"wd-65b02ab1a4b2c\">\r\n\t\t\t\t\t\t\t\t\t\t\t<li>\r\n\t\t\t\t\t<span class=\"list-icon fas fa-download\"><\/span>\r\n\t\t\t\t\t<span class=\"list-content\">Master catalogue <\/span>\r\n\t\t\t\t\t\t\t\t\t\t\t<a class=\"wd-fill\" href=\"https:\/\/www.danthermgroup.com\/en-gb\/downloads\/master-catalogue\" title=\"\" aria-label=\"List link\"><\/a>\r\n\t\t\t\t\t\t\t\t\t<\/li>\r\n\t\t\t\t\t\t\t\t\t\t\t<li>\r\n\t\t\t\t\t<span class=\"list-icon fas fa-download\"><\/span>\r\n\t\t\t\t\t<span class=\"list-content\">Water Damage Restoration application guide <\/span>\r\n\t\t\t\t\t\t\t\t\t\t\t<a class=\"wd-fill\" href=\"https:\/\/danthermpublicfiles.blob.core.windows.net\/en-danthermgroup-guides\/Dantherm-Group-WDR-Application-Guide-EN.pdf\" title=\"\" aria-label=\"List link\"><\/a>\r\n\t\t\t\t\t\t\t\t\t<\/li>\r\n\t\t\t\t\t\t\t\t\t\t\t<li>\r\n\t\t\t\t\t<span class=\"list-icon fas fa-download\"><\/span>\r\n\t\t\t\t\t<span class=\"list-content\">Master DHP 65-65 DV user manual <\/span>\r\n\t\t\t\t\t\t\t\t\t\t\t<a class=\"wd-fill\" href=\"https:\/\/danthermpublicfiles.blob.core.windows.net\/en-master-manuals\/Master-DHP-65-65DV-user-manual-4141.422-Multi.pdf\" title=\"\" aria-label=\"List link\"><\/a>\r\n\t\t\t\t\t\t\t\t\t<\/li>\r\n\t\t\t\t\t<\/ul>\r\n\t\t[\/vc_column][\/vc_row]<\/p>\n<\/div>","protected":false},"excerpt":{"rendered":"<p>Professional kondensasiya n\u0259ml\u0259ndiricil\u0259ri<\/p>\n<p>Pe\u015f\u0259kar icar\u0259 \u00fc\u00e7\u00fcn n\u0259z\u0259rd\u0259 tutulmu\u015f y\u00fcks\u0259k s\u0259m\u0259r\u0259li n\u0259ml\u0259ndiricil\u0259r. Onlar\u0131n m\u00f6hk\u0259m dizayn\u0131 onlar\u0131 tikinti s\u0259nayesi kimi \u00e7\u0259tin i\u015f \u015f\u0259raiti \u00fc\u00e7\u00fcn m\u00fck\u0259mm\u0259l edir.<\/p>\n<p>Tutum: 54 l \/ 24 saat<\/p>\n","protected":false},"featured_media":20417,"template":"","meta":[],"product_brand":[],"product_cat":[853,1724,887,1833],"product_tag":[],"class_list":{"0":"post-23432","1":"product","2":"type-product","3":"status-publish","4":"has-post-thumbnail","6":"product_cat-dehumidifiers-dantherm-az","7":"product_cat-hava-nmlndiricisi","8":"product_cat-nmlndirici-nmlndiricilr-qurutma-az-nmlndiricilr","9":"product_cat-nmlndiricilr-hava","11":"first","12":"instock","13":"shipping-taxable","14":"purchasable","15":"product-type-simple"},"_links":{"self":[{"href":"https:\/\/airsystems.ge\/shop\/az\/wp-json\/wp\/v2\/product\/23432","targetHints":{"allow":["GET"]}}],"collection":[{"href":"https:\/\/airsystems.ge\/shop\/az\/wp-json\/wp\/v2\/product"}],"about":[{"href":"https:\/\/airsystems.ge\/shop\/az\/wp-json\/wp\/v2\/types\/product"}],"wp:featuredmedia":[{"embeddable":true,"href":"https:\/\/airsystems.ge\/shop\/az\/wp-json\/wp\/v2\/media\/20417"}],"wp:attachment":[{"href":"https:\/\/airsystems.ge\/shop\/az\/wp-json\/wp\/v2\/media?parent=23432"}],"wp:term":[{"taxonomy":"product_brand","embeddable":true,"href":"https:\/\/airsystems.ge\/shop\/az\/wp-json\/wp\/v2\/product_brand?post=23432"},{"taxonomy":"product_cat","embeddable":true,"href":"https:\/\/airsystems.ge\/shop\/az\/wp-json\/wp\/v2\/product_cat?post=23432"},{"taxonomy":"product_tag","embeddable":true,"href":"https:\/\/airsystems.ge\/shop\/az\/wp-json\/wp\/v2\/product_tag?post=23432"}],"curies":[{"name":"wp","href":"https:\/\/api.w.org\/{rel}","templated":true}]}}