{"id":23376,"date":"2024-01-27T16:11:52","date_gmt":"2024-01-27T12:11:52","guid":{"rendered":"https:\/\/airsystems.ge\/shop\/product\/master-mas-13-air-scrubber\/"},"modified":"2025-02-22T14:29:07","modified_gmt":"2025-02-22T10:29:07","slug":"master-mas-13-air-scrubber","status":"publish","type":"product","link":"https:\/\/airsystems.ge\/shop\/az\/product\/master-mas-13-air-scrubber\/","title":{"rendered":"Master MAS 13 \u2013 hava t\u0259mizl\u0259yicisi"},"content":{"rendered":"<div class=\"wpb-content-wrapper\"><p>[vc_row][vc_column]\r\n\t\t<div id=\"wd-65a957de2ee55\" class=\"title-wrapper wd-wpb set-mb-s reset-last-child  wd-rs-65a957de2ee55 wd-title-color-default wd-title-style-default text-center  wd-underline-colored\">\r\n\t\t\t\r\n\t\t\t<div class=\"liner-continer\">\r\n\t\t\t\t<h4 class=\"woodmart-title-container title  wd-font-weight- wd-fontsize-l\" >Key features<\/h4>\r\n\t\t\t\t\t\t\t<\/div>\r\n\t\t\t\r\n\t\t\t\r\n\t\t\t\r\n\t\t<\/div>\r\n\t\t\r\n\t\t[\/vc_column][\/vc_row][vc_row][vc_column width=&#8221;1\/2&#8243;]\r\n\t\t<ul class=\" wd-rs-65b531b393e86 wd-list wd-wpb color-scheme- wd-fontsize-xs wd-list-type-icon wd-list-style-default wd-justify-left \" id=\"wd-65b531b393e86\">\r\n\t\t\t\t\t\t\t\t\t\t\t<li>\r\n\t\t\t\t\t<span class=\"list-icon far fa-check-circle\"><\/span>\r\n\t\t\t\t\t<span class=\"list-content\"> Improvement of the air quality <\/span>\r\n\t\t\t\t\t\t\t\t\t<\/li>\r\n\t\t\t\t\t\t\t\t\t\t\t<li>\r\n\t\t\t\t\t<span class=\"list-icon far fa-check-circle\"><\/span>\r\n\t\t\t\t\t<span class=\"list-content\"> Reduction of bad odours in the environment <\/span>\r\n\t\t\t\t\t\t\t\t\t<\/li>\r\n\t\t\t\t\t\t\t\t\t\t\t<li>\r\n\t\t\t\t\t<span class=\"list-icon far fa-check-circle\"><\/span>\r\n\t\t\t\t\t<span class=\"list-content\"> Improves the performance of nearby heaters and air-conditioners <\/span>\r\n\t\t\t\t\t\t\t\t\t<\/li>\r\n\t\t\t\t\t\t\t\t\t\t\t<li>\r\n\t\t\t\t\t<span class=\"list-icon far fa-check-circle\"><\/span>\r\n\t\t\t\t\t<span class=\"list-content\"> Rotomolded plastic cover <\/span>\r\n\t\t\t\t\t\t\t\t\t<\/li>\r\n\t\t\t\t\t\t\t\t\t\t\t<li>\r\n\t\t\t\t\t<span class=\"list-icon far fa-check-circle\"><\/span>\r\n\t\t\t\t\t<span class=\"list-content\"> Top casing in hard rubber <\/span>\r\n\t\t\t\t\t\t\t\t\t<\/li>\r\n\t\t\t\t\t\t\t\t\t\t\t<li>\r\n\t\t\t\t\t<span class=\"list-icon far fa-check-circle\"><\/span>\r\n\t\t\t\t\t<span class=\"list-content\"> Central plastic handle <\/span>\r\n\t\t\t\t\t\t\t\t\t<\/li>\r\n\t\t\t\t\t\t\t\t\t\t\t<li>\r\n\t\t\t\t\t<span class=\"list-icon far fa-check-circle\"><\/span>\r\n\t\t\t\t\t<span class=\"list-content\"> LED filter change indicator and stepless fan speed <\/span>\r\n\t\t\t\t\t\t\t\t\t<\/li>\r\n\t\t\t\t\t<\/ul>\r\n\t\t[\/vc_column][vc_column width=&#8221;1\/2&#8243;]\r\n\t\t<ul class=\" wd-rs-65b531f86d298 wd-list wd-wpb color-scheme- wd-fontsize-xs wd-list-type-icon wd-list-style-default wd-justify-left \" id=\"wd-65b531f86d298\">\r\n\t\t\t\t\t\t\t\t\t\t\t<li>\r\n\t\t\t\t\t<span class=\"list-icon far fa-check-circle\"><\/span>\r\n\t\t\t\t\t<span class=\"list-content\"> Display with knob for turning on and selecting power <\/span>\r\n\t\t\t\t\t\t\t\t\t<\/li>\r\n\t\t\t\t\t\t\t\t\t\t\t<li>\r\n\t\t\t\t\t<span class=\"list-icon far fa-check-circle\"><\/span>\r\n\t\t\t\t\t<span class=\"list-content\"> Side grill for the filtered air outlet <\/span>\r\n\t\t\t\t\t\t\t\t\t<\/li>\r\n\t\t\t\t\t\t\t\t\t\t\t<li>\r\n\t\t\t\t\t<span class=\"list-icon far fa-check-circle\"><\/span>\r\n\t\t\t\t\t<span class=\"list-content\"> Hour counter <\/span>\r\n\t\t\t\t\t\t\t\t\t<\/li>\r\n\t\t\t\t\t\t\t\t\t\t\t<li>\r\n\t\t\t\t\t<span class=\"list-icon far fa-check-circle\"><\/span>\r\n\t\t\t\t\t<span class=\"list-content\"> HEPA filter H13 <\/span>\r\n\t\t\t\t\t\t\t\t\t<\/li>\r\n\t\t\t\t\t\t\t\t\t\t\t<li>\r\n\t\t\t\t\t<span class=\"list-icon far fa-check-circle\"><\/span>\r\n\t\t\t\t\t<span class=\"list-content\"> G4 filter <\/span>\r\n\t\t\t\t\t\t\t\t\t<\/li>\r\n\t\t\t\t\t\t\t\t\t\t\t<li>\r\n\t\t\t\t\t<span class=\"list-icon far fa-check-circle\"><\/span>\r\n\t\t\t\t\t<span class=\"list-content\"> Variable speed <\/span>\r\n\t\t\t\t\t\t\t\t\t<\/li>\r\n\t\t\t\t\t<\/ul>\r\n\t\t[\/vc_column][\/vc_row][vc_row][vc_column]\r\n\t\t<div id=\"wd-65a97cfe5a139\" class=\"title-wrapper wd-wpb set-mb-s reset-last-child  wd-rs-65a97cfe5a139 wd-title-color-default wd-title-style-default text-center  wd-underline-colored\">\r\n\t\t\t\r\n\t\t\t<div class=\"liner-continer\">\r\n\t\t\t\t<h4 class=\"woodmart-title-container title  wd-font-weight- wd-fontsize-l\" >Product specifications<\/h4>\r\n\t\t\t\t\t\t\t<\/div>\r\n\t\t\t\r\n\t\t\t\r\n\t\t\t\r\n\t\t<\/div>\r\n\t\t\r\n\t\t[\/vc_column][\/vc_row][vc_row][vc_column][vc_raw_html]JTNDZGl2JTIwY2xhc3MlM0QlMjJ3ZC1lbC10YWJsZSUyMiUzRSUwQSUyMCUyMCUzQ2RpdiUyMGNsYXNzJTNEJTIyd2QtZWwtdGFibGUtd3JhcCUyMiUzRSUwQSUyMCUyMCUyMCUyMCUzQ3RhYmxlJTIwY2xhc3MlM0QlMjJ3ZC1lbC10YWJsZSUyMiUzRSUwQSUyMCUyMCUyMCUyMCUyMCUyMCUzQ3Rib2R5JTIwY2xhc3MlM0QlMjJ0ZXh0LWxlZnQlMjIlM0UlMEElMjAlMjAlMjAlMjAlMjAlMjAlMjAlMjAlM0N0ciUzRSUwQSUyMCUyMCUyMCUyMCUyMCUyMCUyMCUyMCUyMCUyMCUzQ3RoJTIwY29sc3BhbiUzRCUyMjElMjIlMjByb3dzcGFuJTNEJTIyMSUyMiUzRVNwZWNpZmljYXRpb25zJTNDJTJGdGglM0UlMEElMjAlMjAlMjAlMjAlMjAlMjAlMjAlMjAlMjAlMjAlM0N0aCUyMGNvbHNwYW4lM0QlMjIxJTIyJTIwcm93c3BhbiUzRCUyMjElMjIlM0VVbml0cyUzQyUyRnRoJTNFJTBBJTIwJTIwJTIwJTIwJTIwJTIwJTIwJTIwJTIwJTIwJTNDdGglMjBjb2xzcGFuJTNEJTIyMSUyMiUyMHJvd3NwYW4lM0QlMjIxJTIyJTNFTUFTJTIwMTMlM0MlMkZ0aCUzRSUwQSUyMCUyMCUyMCUyMCUyMCUyMCUyMCUyMCUzQyUyRnRyJTNFJTBBJTIwJTIwJTIwJTIwJTIwJTIwJTIwJTIwJTNDdHIlM0UlMEElMjAlMjAlMjAlMjAlMjAlMjAlMjAlMjAlMjAlMjAlM0N0ZCUyMGNvbHNwYW4lM0QlMjIxJTIyJTIwcm93c3BhbiUzRCUyMjElMjIlM0VBaXIlMjBmbG93JTNDJTJGdGQlM0UlMEElMjAlMjAlMjAlMjAlMjAlMjAlMjAlMjAlMjAlMjAlM0N0ZCUyMGNvbHNwYW4lM0QlMjIxJTIyJTIwcm93c3BhbiUzRCUyMjElMjIlM0VtJUMyJUIzJTJGaCUzQyUyRnRkJTNFJTBBJTIwJTIwJTIwJTIwJTIwJTIwJTIwJTIwJTIwJTIwJTNDdGQlMjBjb2xzcGFuJTNEJTIyMSUyMiUyMHJvd3NwYW4lM0QlMjIxJTIyJTNFMSUyQzMwMCUzQyUyRnRkJTNFJTBBJTIwJTIwJTIwJTIwJTIwJTIwJTIwJTIwJTNDJTJGdHIlM0UlMEElMjAlMjAlMjAlMjAlMjAlMjAlMjAlMjAlM0N0ciUzRSUwQSUyMCUyMCUyMCUyMCUyMCUyMCUyMCUyMCUyMCUyMCUzQ3RkJTIwY29sc3BhbiUzRCUyMjElMjIlMjByb3dzcGFuJTNEJTIyMSUyMiUzRVNwZWVkJTNDJTJGdGQlM0UlMEElMjAlMjAlMjAlMjAlMjAlMjAlMjAlMjAlMjAlMjAlM0N0ZCUyMGNvbHNwYW4lM0QlMjIxJTIyJTIwcm93c3BhbiUzRCUyMjElMjIlM0VSUE0lM0MlMkZ0ZCUzRSUwQSUyMCUyMCUyMCUyMCUyMCUyMCUyMCUyMCUyMCUyMCUzQ3RkJTIwY29sc3BhbiUzRCUyMjElMjIlMjByb3dzcGFuJTNEJTIyMSUyMiUzRTI1MDAlM0MlMkZ0ZCUzRSUwQSUyMCUyMCUyMCUyMCUyMCUyMCUyMCUyMCUzQyUyRnRyJTNFJTBBJTIwJTIwJTIwJTIwJTIwJTIwJTIwJTIwJTNDdHIlM0UlMEElMjAlMjAlMjAlMjAlMjAlMjAlMjAlMjAlMjAlMjAlM0N0ZCUyMGNvbHNwYW4lM0QlMjIxJTIyJTIwcm93c3BhbiUzRCUyMjElMjIlM0VQb3dlciUyMGNvbnN1bXB0aW9uJTNDJTJGdGQlM0UlMEElMjAlMjAlMjAlMjAlMjAlMjAlMjAlMjAlMjAlMjAlM0N0ZCUyMGNvbHNwYW4lM0QlMjIxJTIyJTIwcm93c3BhbiUzRCUyMjElMjIlM0VXJTNDJTJGdGQlM0UlMEElMjAlMjAlMjAlMjAlMjAlMjAlMjAlMjAlMjAlMjAlM0N0ZCUyMGNvbHNwYW4lM0QlMjIxJTIyJTIwcm93c3BhbiUzRCUyMjElMjIlM0UyMzAlM0MlMkZ0ZCUzRSUwQSUyMCUyMCUyMCUyMCUyMCUyMCUyMCUyMCUzQyUyRnRyJTNFJTBBJTIwJTIwJTIwJTIwJTIwJTIwJTIwJTIwJTNDdHIlM0UlMEElMjAlMjAlMjAlMjAlMjAlMjAlMjAlMjAlMjAlMjAlM0N0ZCUyMGNvbHNwYW4lM0QlMjIxJTIyJTIwcm93c3BhbiUzRCUyMjElMjIlM0VQb3dlciUyMHN1cHBseSUzQyUyRnRkJTNFJTBBJTIwJTIwJTIwJTIwJTIwJTIwJTIwJTIwJTIwJTIwJTNDdGQlMjBjb2xzcGFuJTNEJTIyMSUyMiUyMHJvd3NwYW4lM0QlMjIxJTIyJTNFViUyRkh6JTNDJTJGdGQlM0UlMEElMjAlMjAlMjAlMjAlMjAlMjAlMjAlMjAlMjAlMjAlM0N0ZCUyMGNvbHNwYW4lM0QlMjIxJTIyJTIwcm93c3BhbiUzRCUyMjElMjIlM0UyMjAtMjQwJTJGMXBoJTJGNTAlM0MlMkZ0ZCUzRSUwQSUyMCUyMCUyMCUyMCUyMCUyMCUyMCUyMCUzQyUyRnRyJTNFJTBBJTIwJTIwJTIwJTIwJTIwJTIwJTIwJTIwJTNDdHIlM0UlMEElMjAlMjAlMjAlMjAlMjAlMjAlMjAlMjAlMjAlMjAlM0N0ZCUyMGNvbHNwYW4lM0QlMjIxJTIyJTIwcm93c3BhbiUzRCUyMjElMjIlM0VSYXRlZCUyMGN1cnJlbnQlM0MlMkZ0ZCUzRSUwQSUyMCUyMCUyMCUyMCUyMCUyMCUyMCUyMCUyMCUyMCUzQ3RkJTIwY29sc3BhbiUzRCUyMjElMjIlMjByb3dzcGFuJTNEJTIyMSUyMiUzRUElM0MlMkZ0ZCUzRSUwQSUyMCUyMCUyMCUyMCUyMCUyMCUyMCUyMCUyMCUyMCUzQ3RkJTIwY29sc3BhbiUzRCUyMjElMjIlMjByb3dzcGFuJTNEJTIyMSUyMiUzRTElM0MlMkZ0ZCUzRSUwQSUyMCUyMCUyMCUyMCUyMCUyMCUyMCUyMCUzQyUyRnRyJTNFJTBBJTIwJTIwJTIwJTIwJTIwJTIwJTIwJTIwJTNDdHIlM0UlMEElMjAlMjAlMjAlMjAlMjAlMjAlMjAlMjAlMjAlMjAlM0N0ZCUyMGNvbHNwYW4lM0QlMjIxJTIyJTIwcm93c3BhbiUzRCUyMjElMjIlM0VQcm9kdWN0JTIwc2l6ZSUyMCUyOGwlMjB4JTIwdyUyMHglMjBoJTI5JTNDJTJGdGQlM0UlMEElMjAlMjAlMjAlMjAlMjAlMjAlMjAlMjAlMjAlMjAlM0N0ZCUyMGNvbHNwYW4lM0QlMjIxJTIyJTIwcm93c3BhbiUzRCUyMjElMjIlM0VtbSUzQyUyRnRkJTNFJTBBJTIwJTIwJTIwJTIwJTIwJTIwJTIwJTIwJTIwJTIwJTNDdGQlMjBjb2xzcGFuJTNEJTIyMSUyMiUyMHJvd3NwYW4lM0QlMjIxJTIyJTNFNjAwJTIweCUyMDM2NSUyMHglMjA1NjUlM0MlMkZ0ZCUzRSUwQSUyMCUyMCUyMCUyMCUyMCUyMCUyMCUyMCUzQyUyRnRyJTNFJTBBJTIwJTIwJTIwJTIwJTIwJTIwJTIwJTIwJTNDdHIlM0UlMEElMjAlMjAlMjAlMjAlMjAlMjAlMjAlMjAlMjAlMjAlM0N0ZCUyMGNvbHNwYW4lM0QlMjIxJTIyJTIwcm93c3BhbiUzRCUyMjElMjIlM0VCb3glMjBzaXplJTIwJTI4bCUyMHglMjB3JTIweCUyMGglMjklM0MlMkZ0ZCUzRSUwQSUyMCUyMCUyMCUyMCUyMCUyMCUyMCUyMCUyMCUyMCUzQ3RkJTIwY29sc3BhbiUzRCUyMjElMjIlMjByb3dzcGFuJTNEJTIyMSUyMiUzRW1tJTNDJTJGdGQlM0UlMEElMjAlMjAlMjAlMjAlMjAlMjAlMjAlMjAlMjAlMjAlM0N0ZCUyMGNvbHNwYW4lM0QlMjIxJTIyJTIwcm93c3BhbiUzRCUyMjElMjIlM0U2MjAlMjB4JTIwMzgwJTIweCUyMDU4MCUzQyUyRnRkJTNFJTBBJTIwJTIwJTIwJTIwJTIwJTIwJTIwJTIwJTNDJTJGdHIlM0UlMEElMjAlMjAlMjAlMjAlMjAlMjAlMjAlMjAlM0N0ciUzRSUwQSUyMCUyMCUyMCUyMCUyMCUyMCUyMCUyMCUyMCUyMCUzQ3RkJTIwY29sc3BhbiUzRCUyMjElMjIlMjByb3dzcGFuJTNEJTIyMSUyMiUzRU5ldCUyRmdyb3NzJTIwd2VpZ2h0JTNDJTJGdGQlM0UlMEElMjAlMjAlMjAlMjAlMjAlMjAlMjAlMjAlMjAlMjAlM0N0ZCUyMGNvbHNwYW4lM0QlMjIxJTIyJTIwcm93c3BhbiUzRCUyMjElMjIlM0VrZyUzQyUyRnRkJTNFJTBBJTIwJTIwJTIwJTIwJTIwJTIwJTIwJTIwJTIwJTIwJTNDdGQlMjBjb2xzcGFuJTNEJTIyMSUyMiUyMHJvd3NwYW4lM0QlMjIxJTIyJTNFMTMuNSUyRjE0LjUlM0MlMkZ0ZCUzRSUwQSUyMCUyMCUyMCUyMCUyMCUyMCUyMCUyMCUzQyUyRnRyJTNFJTBBJTIwJTIwJTIwJTIwJTIwJTIwJTIwJTIwJTNDdHIlM0UlMEElMjAlMjAlMjAlMjAlMjAlMjAlMjAlMjAlMjAlMjAlM0N0ZCUyMGNvbHNwYW4lM0QlMjIxJTIyJTIwcm93c3BhbiUzRCUyMjElMjIlM0VQYWxsZXQlM0MlMkZ0ZCUzRSUwQSUyMCUyMCUyMCUyMCUyMCUyMCUyMCUyMCUyMCUyMCUzQ3RkJTIwY29sc3BhbiUzRCUyMjElMjIlMjByb3dzcGFuJTNEJTIyMSUyMiUzRXBjcyUzQyUyRnRkJTNFJTBBJTIwJTIwJTIwJTIwJTIwJTIwJTIwJTIwJTIwJTIwJTNDdGQlMjBjb2xzcGFuJTNEJTIyMSUyMiUyMHJvd3NwYW4lM0QlMjIxJTIyJTNFMTYlM0MlMkZ0ZCUzRSUwQSUyMCUyMCUyMCUyMCUyMCUyMCUyMCUyMCUzQyUyRnRyJTNFJTBBJTIwJTIwJTIwJTIwJTIwJTIwJTIwJTIwJTNDdHIlM0UlMEElMjAlMjAlMjAlMjAlMjAlMjAlMjAlMjAlMjAlMjAlM0N0ZCUyMGNvbHNwYW4lM0QlMjIxJTIyJTIwcm93c3BhbiUzRCUyMjElMjIlM0VJbmNsdWRlZCUyMGluJTIwdGhlJTIwYm94JTNDJTJGdGQlM0UlMEElMjAlMjAlMjAlMjAlMjAlMjAlMjAlMjAlMjAlMjAlM0N0ZCUyMGNvbHNwYW4lM0QlMjIxJTIyJTIwcm93c3BhbiUzRCUyMjElMjIlM0UlM0MlMkZ0ZCUzRSUwQSUyMCUyMCUyMCUyMCUyMCUyMCUyMCUyMCUyMCUyMCUzQ3RkJTIwY29sc3BhbiUzRCUyMjElMjIlMjByb3dzcGFuJTNEJTIyMSUyMiUzRUhlcGElMjBmaWx0ZXIlMjBIMTMlMjBhbmQlMjBHMTQlMjBmaWx0ZXIlM0MlMkZ0ZCUzRSUwQSUyMCUyMCUyMCUyMCUyMCUyMCUyMCUyMCUzQyUyRnRyJTNFJTBBJTIwJTIwJTIwJTIwJTIwJTIwJTNDJTJGdGJvZHklM0UlMEElMjAlMjAlMjAlMjAlM0MlMkZ0YWJsZSUzRSUwQSUyMCUyMCUzQyUyRmRpdiUzRSUwQSUzQyUyRmRpdiUzRSUwQQ==[\/vc_raw_html][\/vc_column][\/vc_row][vc_row][vc_column]\r\n\t\t<div id=\"wd-65a9893650cd2\" class=\"title-wrapper wd-wpb set-mb-s reset-last-child  wd-rs-65a9893650cd2 wd-title-color-default wd-title-style-default text-center  wd-underline-colored\">\r\n\t\t\t\r\n\t\t\t<div class=\"liner-continer\">\r\n\t\t\t\t<h4 class=\"woodmart-title-container title  wd-font-weight- wd-fontsize-l\" >Suitable for<\/h4>\r\n\t\t\t\t\t\t\t<\/div>\r\n\t\t\t\r\n\t\t\t\r\n\t\t\t\r\n\t\t<\/div>\r\n\t\t\r\n\t\t[\/vc_column][\/vc_row][vc_row][vc_column width=&#8221;1\/2&#8243;]\t\t<div id=\"wd-65b53264ec6a7\" class=\"wd-text-block wd-wpb reset-last-child wd-rs-65b53264ec6a7 text-left \">\r\n\t\t\t<ul>\n<li style=\"text-align: left;\">Agriculture<\/li>\n<li style=\"text-align: left;\">Buildings and commercial spaces<\/li>\n<li style=\"text-align: left;\">Construction<\/li>\n<\/ul>\n\t\t<\/div>\r\n\t\t[\/vc_column][vc_column width=&#8221;1\/2&#8243;]\t\t<div id=\"wd-65b53255ed5e4\" class=\"wd-text-block wd-wpb reset-last-child wd-rs-65b53255ed5e4 text-left \">\r\n\t\t\t<ul>\n<li>General industry and production<\/li>\n<li>Rental companies<\/li>\n<li>Water damage restoration<\/li>\n<\/ul>\n\t\t<\/div>\r\n\t\t[\/vc_column][\/vc_row][vc_row][vc_column]\r\n\t\t<div id=\"wd-65b53280a6693\" class=\"title-wrapper wd-wpb set-mb-s reset-last-child  wd-rs-65b53280a6693 wd-title-color-default wd-title-style-default text-center  wd-underline-colored\">\r\n\t\t\t\r\n\t\t\t<div class=\"liner-continer\">\r\n\t\t\t\t<h4 class=\"woodmart-title-container title  wd-font-weight- wd-fontsize-l\" >Accessories and consumables<\/h4>\r\n\t\t\t\t\t\t\t<\/div>\r\n\t\t\t\r\n\t\t\t\r\n\t\t\t\r\n\t\t<\/div>\r\n\t\t\r\n\t\t[\/vc_column][\/vc_row][vc_row][vc_column]<div class=\"woocommerce columns-4 \">\n<div class=\"products elements-grid wd-products-holder  wd-spacing-20 grid-columns-3 products-bordered-grid pagination-pagination align-items-start row\" data-source=\"main_loop\" data-min_price=\"\" data-max_price=\"\" data-columns=\"3\">\n<div class=\"product-grid-item product wd-hover-icons  col-lg-4 col-md-4 col-6 first  type-product post-36668 status-publish instock product_cat-accessories-and-consumables-az-2 has-post-thumbnail shipping-taxable purchasable product-type-simple\" data-loop=\"1\" data-id=\"36668\">\r\n\t\r\n\t<div class=\"product-wrapper\">\r\n\t<div class=\"product-element-top wd-quick-shop\">\r\n\t\t<a href=\"https:\/\/airsystems.ge\/shop\/az\/product\/h13-hepa-filter\/\" class=\"product-image-link\">\r\n\t\t\t<img loading=\"lazy\" decoding=\"async\" width=\"430\" height=\"430\" src=\"https:\/\/airsystems.ge\/shop\/wp-content\/uploads\/2024\/01\/Master-Filter-set-4141.216-430x430.jpg\" class=\"attachment-woocommerce_thumbnail size-woocommerce_thumbnail\" alt=\"\" srcset=\"https:\/\/airsystems.ge\/shop\/wp-content\/uploads\/2024\/01\/Master-Filter-set-4141.216-430x430.jpg 430w, https:\/\/airsystems.ge\/shop\/wp-content\/uploads\/2024\/01\/Master-Filter-set-4141.216-300x300.jpg 300w, https:\/\/airsystems.ge\/shop\/wp-content\/uploads\/2024\/01\/Master-Filter-set-4141.216-800x800.jpg 800w, https:\/\/airsystems.ge\/shop\/wp-content\/uploads\/2024\/01\/Master-Filter-set-4141.216-150x150.jpg 150w, https:\/\/airsystems.ge\/shop\/wp-content\/uploads\/2024\/01\/Master-Filter-set-4141.216-768x768.jpg 768w, https:\/\/airsystems.ge\/shop\/wp-content\/uploads\/2024\/01\/Master-Filter-set-4141.216-860x860.jpg 860w, https:\/\/airsystems.ge\/shop\/wp-content\/uploads\/2024\/01\/Master-Filter-set-4141.216-700x700.jpg 700w, https:\/\/airsystems.ge\/shop\/wp-content\/uploads\/2024\/01\/Master-Filter-set-4141.216.jpg 1000w\" sizes=\"auto, (max-width: 430px) 100vw, 430px\" \/>\t\t<\/a>\r\n\r\n\t\t\r\n\t\t<div class=\"wrapp-buttons\">\r\n\t\t\t<div class=\"wd-buttons\">\r\n\t\t\t\t<div class=\"wd-add-btn wd-action-btn wd-style-icon wd-add-cart-icon\"><a href=\"\/shop\/az\/wp-json\/wp\/v2\/product\/23376?add-to-cart=36668\" data-quantity=\"1\" class=\"button product_type_simple add_to_cart_button ajax_add_to_cart add-to-cart-loop\" data-product_id=\"36668\" data-product_sku=\"4141.216\" aria-label=\"Add to cart: &ldquo;H13 HEPA F\u0130LT\u0130R&rdquo;\" rel=\"nofollow\" data-success_message=\"&ldquo;H13 HEPA F\u0130LT\u0130R&rdquo; has been added to your cart\"><span>Add to cart<\/span><\/a><\/div>\r\n\t\t\t\t\t\t\t\t\t\t\t\t\t\t\t\t\t\t\t\t\t\t\t<\/div> \r\n\t\t<\/div>\r\n\t<\/div>\r\n\t\t\t\t\t<h3 class=\"wd-entities-title\"><a href=\"https:\/\/airsystems.ge\/shop\/az\/product\/h13-hepa-filter\/\">H13 HEPA F\u0130LT\u0130R<\/a><\/h3>\t\t\t\t<div class=\"wd-product-cats\">\r\n\t\t\t<a href=\"https:\/\/airsystems.ge\/shop\/az\/product-category\/hava-n%c9%99ml%c9%99ndiricisi-kondisioner-az-ventilyasiya-ventilyator\/accessories-and-consumables-az-2\/\" rel=\"tag\">Accessories and consumables<\/a>\t\t<\/div>\r\n\t\t\t\t\t\t\n\t<span class=\"price\"><span class=\"woocommerce-Price-amount amount\"><bdi>1,00&nbsp;<span class=\"woocommerce-Price-currencySymbol\">&#x20be;<\/span><\/bdi><\/span><\/span>\n\r\n\t\t\r\n\t\t\r\n\t\t\t<\/div>\r\n<\/div>\r\n<\/div><\/div>[\/vc_column][\/vc_row][vc_row][vc_column]\r\n\t\t<div id=\"wd-65aa6e6129302\" class=\"title-wrapper wd-wpb set-mb-s reset-last-child  wd-rs-65aa6e6129302 wd-title-color-default wd-title-style-default text-center  wd-underline-colored\">\r\n\t\t\t\r\n\t\t\t<div class=\"liner-continer\">\r\n\t\t\t\t<h4 class=\"woodmart-title-container title  wd-font-weight- wd-fontsize-l\" >Useful downloads<\/h4>\r\n\t\t\t\t\t\t\t<\/div>\r\n\t\t\t\r\n\t\t\t\r\n\t\t\t\r\n\t\t<\/div>\r\n\t\t\r\n\t\t[\/vc_column][\/vc_row][vc_row][vc_column]\r\n\t\t<ul class=\" wd-rs-65b532a6350f9 wd-list wd-wpb color-scheme- wd-fontsize-xs wd-list-type-icon wd-list-style-square wd-justify-left wd-list-shape-icon \" id=\"wd-65b532a6350f9\">\r\n\t\t\t\t\t\t\t\t\t\t\t<li>\r\n\t\t\t\t\t<span class=\"list-icon fas fa-download\"><\/span>\r\n\t\t\t\t\t<span class=\"list-content\">Master catalogue <\/span>\r\n\t\t\t\t\t\t\t\t\t\t\t<a class=\"wd-fill\" href=\"https:\/\/www.danthermgroup.com\/en-gb\/downloads\/master-catalogue\" title=\"\" aria-label=\"List link\"><\/a>\r\n\t\t\t\t\t\t\t\t\t<\/li>\r\n\t\t\t\t\t\t\t\t\t\t\t<li>\r\n\t\t\t\t\t<span class=\"list-icon fas fa-download\"><\/span>\r\n\t\t\t\t\t<span class=\"list-content\">Water Damage Restoration application guide <\/span>\r\n\t\t\t\t\t\t\t\t\t\t\t<a class=\"wd-fill\" href=\"https:\/\/danthermpublicfiles.blob.core.windows.net\/en-danthermgroup-guides\/Dantherm-Group-WDR-Application-Guide-EN.pdf\" title=\"\" aria-label=\"List link\"><\/a>\r\n\t\t\t\t\t\t\t\t\t<\/li>\r\n\t\t\t\t\t\t\t\t\t\t\t<li>\r\n\t\t\t\t\t<span class=\"list-icon fas fa-download\"><\/span>\r\n\t\t\t\t\t<span class=\"list-content\">Master MAS 13 user manual <\/span>\r\n\t\t\t\t\t\t\t\t\t\t\t<a class=\"wd-fill\" href=\"https:\/\/danthermpublicfiles.blob.core.windows.net\/en-master-manuals\/Master-MAS-13-user-manual-4250.091-Multi.pdf\" title=\"\" aria-label=\"List link\"><\/a>\r\n\t\t\t\t\t\t\t\t\t<\/li>\r\n\t\t\t\t\t<\/ul>\r\n\t\t[\/vc_column][\/vc_row]<\/p>\n<\/div>","protected":false},"excerpt":{"rendered":"<div class=\"mt-1 md:mt-2 text-xl\">\n<p>Hava t\u0259mizl\u0259yicil\u0259ri<\/p>\n<p>MAS 13 hava t\u0259mizl\u0259yicil\u0259ri h\u0259m tozdan, h\u0259m d\u0259 kif sporlar\u0131 v\u0259 viruslar kimi hava hiss\u0259cikl\u0259rind\u0259n t\u0259miz bir m\u00fchit yarad\u0131r v\u0259 bununla da havan\u0131n keyfiyy\u0259tini yax\u015f\u0131la\u015fd\u0131r\u0131r v\u0259 pis qoxular\u0131 azald\u0131r.<\/p>\n<p>Hava ax\u0131n\u0131: 1 300 m3\/saat<\/p>\n<\/div>\n","protected":false},"featured_media":20632,"template":"","meta":[],"product_brand":[],"product_cat":[812],"product_tag":[],"class_list":{"0":"post-23376","1":"product","2":"type-product","3":"status-publish","4":"has-post-thumbnail","6":"product_cat-hava-tmizlyicisi-tmizlm-toz-filtr","8":"first","9":"instock","10":"shipping-taxable","11":"purchasable","12":"product-type-simple"},"_links":{"self":[{"href":"https:\/\/airsystems.ge\/shop\/az\/wp-json\/wp\/v2\/product\/23376","targetHints":{"allow":["GET"]}}],"collection":[{"href":"https:\/\/airsystems.ge\/shop\/az\/wp-json\/wp\/v2\/product"}],"about":[{"href":"https:\/\/airsystems.ge\/shop\/az\/wp-json\/wp\/v2\/types\/product"}],"wp:featuredmedia":[{"embeddable":true,"href":"https:\/\/airsystems.ge\/shop\/az\/wp-json\/wp\/v2\/media\/20632"}],"wp:attachment":[{"href":"https:\/\/airsystems.ge\/shop\/az\/wp-json\/wp\/v2\/media?parent=23376"}],"wp:term":[{"taxonomy":"product_brand","embeddable":true,"href":"https:\/\/airsystems.ge\/shop\/az\/wp-json\/wp\/v2\/product_brand?post=23376"},{"taxonomy":"product_cat","embeddable":true,"href":"https:\/\/airsystems.ge\/shop\/az\/wp-json\/wp\/v2\/product_cat?post=23376"},{"taxonomy":"product_tag","embeddable":true,"href":"https:\/\/airsystems.ge\/shop\/az\/wp-json\/wp\/v2\/product_tag?post=23376"}],"curies":[{"name":"wp","href":"https:\/\/api.w.org\/{rel}","templated":true}]}}