{"id":23374,"date":"2025-01-09T17:42:31","date_gmt":"2025-01-09T13:42:31","guid":{"rendered":"https:\/\/airsystems.ge\/shop\/product\/indoor-packaged-air-conditioner-displacement-with-free-cooling\/"},"modified":"2025-02-22T13:43:17","modified_gmt":"2025-02-22T09:43:17","slug":"indoor-packaged-air-conditioner-displacement-with-free-cooling","status":"publish","type":"product","link":"https:\/\/airsystems.ge\/shop\/az\/product\/indoor-packaged-air-conditioner-displacement-with-free-cooling\/","title":{"rendered":"Qapal\u0131 qabla\u015fd\u0131r\u0131lm\u0131\u015f kondisioner Yer d\u0259yi\u015fdirm\u0259 &#8211; pulsuz soyutma il\u0259"},"content":{"rendered":"<p>AE IF_DP<br \/>\nSoyutma g\u00fcc\u00fc 2,0 kVt-dan 17,0 kVt-a q\u0259d\u0259r<\/p>\n<p>Qapal\u0131 qabla\u015fd\u0131r\u0131lm\u0131\u015f kondisioner qur\u011fular\u0131 hava il\u0259 soyudulmu\u015f tip, otaq daxilind\u0259 qura\u015fd\u0131rma \u00fc\u00e7\u00fcn ideallar, radio baza stansiyas\u0131 v\u0259 m\u0259lumatlar\u0131n emal\u0131 m\u0259rk\u0259zi \u00fc\u00e7\u00fcn s\u0131\u011f\u0131nacaq.<\/p>\n<p>Temperaturun t\u0259nziml\u0259nm\u0259si \u0130nverter texnologiyas\u0131 (kompressorun f\u0131rlanma s\u00fcr\u0259tinin d\u0259yi\u015fm\u0259si) vasit\u0259sil\u0259 kondisionerin soyutma qabiliyy\u0259tinin d\u0259yi\u015fm\u0259si il\u0259 \u0259ld\u0259 edilir. AE__IF_DP seriyal\u0131 kondisionerl\u0259r yerd\u0259yi\u015fm\u0259 n\u00f6v\u00fcd\u00fcr. Soyuducu hava ax\u0131n\u0131 yuxar\u0131dan a\u015fa\u011f\u0131ya do\u011frudur.<\/p>\n<p>Bu avadanl\u0131q s\u0259rb\u0259st soyutma il\u0259 t\u0259chiz edilmi\u015fdir. S\u0259rb\u0259st soyutma sistemi xaricd\u0259n i\u00e7\u0259riy\u0259 v\u0259 \u0259ksin\u0259 hava d\u0259yi\u015fdirm\u0259 qur\u011fusundan ibar\u0259tdir v\u0259 hava \u015f\u0259raiti imkan verdikd\u0259 \u0259h\u0259miyy\u0259tli enerji q\u0259na\u0259ti \u0259ld\u0259 edir.<br \/>\nKondisionerl\u0259r b\u00fct\u00fcn n\u0259zar\u0259t v\u0259 kondisioner funksiyalar\u0131n\u0131n tam ixtisar\u0131n\u0131 t\u0259min ed\u0259n m\u00fcst\u0259qil v\u0259 ya \u0259laq\u0259l\u0259ndirilmi\u015f &#8220;soyutma sistemi&#8221; \u0259ld\u0259 etm\u0259y\u0259 imkan ver\u0259n daxili n\u0259zar\u0259t\u00e7i v\u0259 temperatur v\u0259 t\u0259zyiq zondlar\u0131 il\u0259 t\u0259chiz edilmi\u015fdir.<br \/>\nMonoblok \u0259mrl\u0259rin v\u0259 idar\u0259etm\u0259l\u0259rin idar\u0259 edilm\u0259si \u00fc\u00e7\u00fcn bortda interfeys istifad\u0259\u00e7i paneli, ay\u0131r\u0131c\u0131larla tamamlan\u0131r, h\u0259ddind\u0259n art\u0131q c\u0259r\u0259yandan daxili elektrik m\u00fchafiz\u0259si il\u0259 t\u0259min edilir. Kondisionerl\u0259r xarici hava qaytarma barmaql\u0131qlar\u0131 il\u0259 t\u0259chiz edilmi\u015fdir.<\/p>\n<p>X\u00dcSUS\u0130YY\u018fTL\u018fR\u0130<\/p>\n<p>\u2022 Sinkl\u0259nmi\u015f poladdan haz\u0131rlanm\u0131\u015f \u0259sas \u00e7\u0259r\u00e7iv\u0259 v\u0259 panell\u0259r<br \/>\n\u2022 Y\u00fcks\u0259k korroziyaya davaml\u0131d\u0131r<br \/>\n\u2022 Al\u00fcminium-al\u00fcminium mikrokanall\u0131 kondensator batareyas\u0131<br \/>\n\u2022 Enerji t\u0259chizat\u0131 olmad\u0131qda avtomatik yenid\u0259n i\u015f\u0259 sal\u0131n<br \/>\n\u2022 EC buxarlanma b\u00f6lm\u0259sinin ventilyatorlar\u0131<br \/>\n\u2022 Kondensasiya b\u00f6lm\u0259sinin ventilyatorlar\u0131 kondensasiya t\u0259zyiqin\u0259 uy\u011fun olaraq d\u0259yi\u015f\u0259n s\u00fcr\u0259t\u0259 malikdir<br \/>\n\u2022 Elektron termostatik klapan<br \/>\n\u2022 48Vdc \u00a0hava t\u0259mizl\u0259m\u0259 b\u00f6lm\u0259si<br \/>\n\u2022 EU3 sinifli hava filtri<\/p>\n","protected":false},"excerpt":{"rendered":"<p><a class=\"elementor-button elementor-button-link elementor-size-sm\" href=\"https:\/\/www.enextechnologies.com\/wp-content\/uploads\/2024\/10\/B_AE__IF_DP-ENG-rev.5.pdf\" target=\"_blank\" rel=\"noopener\"><span class=\"elementor-button-content-wrapper\"><span class=\"elementor-button-text\">BROCHURE B_AE_IF_DP<\/span><\/span><\/a><\/p>\n<p><a class=\"elementor-button elementor-button-link elementor-size-sm\" href=\"https:\/\/www.enextechnologies.com\/wp-content\/uploads\/2024\/10\/B_AE__IF_DP_inverter-ENG-rev.5.pdf\" target=\"_blank\" rel=\"noopener\"><span class=\"elementor-button-content-wrapper\"><span class=\"elementor-button-text\">BROCHURE B_AE_IF_DP INVERTER<\/span><\/span><\/a><\/p>\n","protected":false},"featured_media":21688,"template":"","meta":[],"product_brand":[],"product_cat":[875],"product_tag":[],"class_list":{"0":"post-23374","1":"product","2":"type-product","3":"status-publish","4":"has-post-thumbnail","6":"product_cat-snaye-az-kondisionerlr","8":"first","9":"instock","10":"sale","11":"shipping-taxable","12":"purchasable","13":"product-type-simple"},"_links":{"self":[{"href":"https:\/\/airsystems.ge\/shop\/az\/wp-json\/wp\/v2\/product\/23374","targetHints":{"allow":["GET"]}}],"collection":[{"href":"https:\/\/airsystems.ge\/shop\/az\/wp-json\/wp\/v2\/product"}],"about":[{"href":"https:\/\/airsystems.ge\/shop\/az\/wp-json\/wp\/v2\/types\/product"}],"wp:featuredmedia":[{"embeddable":true,"href":"https:\/\/airsystems.ge\/shop\/az\/wp-json\/wp\/v2\/media\/21688"}],"wp:attachment":[{"href":"https:\/\/airsystems.ge\/shop\/az\/wp-json\/wp\/v2\/media?parent=23374"}],"wp:term":[{"taxonomy":"product_brand","embeddable":true,"href":"https:\/\/airsystems.ge\/shop\/az\/wp-json\/wp\/v2\/product_brand?post=23374"},{"taxonomy":"product_cat","embeddable":true,"href":"https:\/\/airsystems.ge\/shop\/az\/wp-json\/wp\/v2\/product_cat?post=23374"},{"taxonomy":"product_tag","embeddable":true,"href":"https:\/\/airsystems.ge\/shop\/az\/wp-json\/wp\/v2\/product_tag?post=23374"}],"curies":[{"name":"wp","href":"https:\/\/api.w.org\/{rel}","templated":true}]}}