{"id":23367,"date":"2025-01-10T17:52:23","date_gmt":"2025-01-10T13:52:23","guid":{"rendered":"https:\/\/airsystems.ge\/shop\/product\/air-conditioners-for-industrial-environment-compact\/"},"modified":"2025-04-21T18:08:34","modified_gmt":"2025-04-21T14:08:34","slug":"air-conditioners-for-industrial-environment-compact","status":"publish","type":"product","link":"https:\/\/airsystems.ge\/shop\/az\/product\/air-conditioners-for-industrial-environment-compact\/","title":{"rendered":"S\u0259naye m\u00fchiti \u00fc\u00e7\u00fcn kondisionerl\u0259r Kompakt Toz v\u0259 vibrasiyaya qar\u015f\u0131 m\u00fcqavim\u0259t, -40\u00b0C-d\u0259n 80\u00b0C-d\u0259k"},"content":{"rendered":"<div class=\"elementor-element elementor-element-70da8153 elementor-widget elementor-widget-theme-page-title elementor-page-title elementor-widget-heading\" data-id=\"70da8153\" data-element_type=\"widget\" data-widget_type=\"theme-page-title.default\">\n<div class=\"elementor-widget-container\">\n<p>S\u0259naye m\u00fchiti \u00fc\u00e7\u00fcn kondisionerl\u0259r<br \/>\nKompakt<br \/>\nCUS<\/p>\n<p>CUS<br \/>\n2,7 kVt-dan 4,5 kVt-a q\u0259d\u0259r<\/p>\n<p>S\u0259naye m\u00fchitl\u0259rind\u0259, toz v\u0259 vibrasiyan\u0131n m\u00f6vcud oldu\u011fu v\u0259 y\u00fcks\u0259k temperatura m\u0259ruz qalmas\u0131 \u00fc\u00e7\u00fcn n\u0259z\u0259rd\u0259 tutulmu\u015f v\u0259 istehsal edilmi\u015f qabla\u015fd\u0131r\u0131lm\u0131\u015f havadan havaya kondisioner qur\u011fular\u0131.<\/p>\n<p>CUS\u00a0Series\u00a0kondisionerl\u0259ri elektrik korpuslar\u0131n\u0131 v\u0259 konteynerl\u0259ri s\u0259rinl\u0259m\u0259k \u00fc\u00e7\u00fcn n\u0259z\u0259rd\u0259 tutulmu\u015fdur: h\u0259r bir komponent bu m\u00fchitl\u0259rin b\u00fct\u00fcn ehtiyaclar\u0131n\u0131 \u00f6d\u0259m\u0259k, daxili hiss\u0259l\u0259r\u0259 giri\u015fi asanla\u015fd\u0131rmaq v\u0259 texniki xidm\u0259ti minimuma endirm\u0259k \u00fc\u00e7\u00fcn se\u00e7ilmi\u015f, se\u00e7ilmi\u015f v\u0259 yerl\u0259\u015fdirilmi\u015fdir.<\/p>\n<p>B\u00f6lm\u0259l\u0259r yer\u0259, \u00fcf\u00fcqi s\u0259thl\u0259r\u0259 qura\u015fd\u0131r\u0131lmal\u0131d\u0131r; hava kanallar v\u0259 izolyasiya edilmi\u015f \u00e7evik borular vasit\u0259sil\u0259 s\u0259rinl\u0259m\u0259k \u00fc\u00e7\u00fcn \u0259traf m\u00fchitd\u0259n al\u0131n\u0131r v\u0259 \u0259trafa g\u00f6nd\u0259rilir.<\/p>\n<p>Kondisionerl\u0259r h\u0259r ikisi elektrik panelin\u0259 yerl\u0259\u015fdiril\u0259n iki termostatla t\u0259chiz olunub, bu da \u0259traf m\u00fchitin temperaturunun soyudulmas\u0131na imkan verir.<\/p>\n<p>Kondisionerl\u0259r 80\u00b0C-\u0259 q\u0259d\u0259r q\u0131sa temperatur pikl\u0259ri zaman\u0131 da i\u015fin davaml\u0131l\u0131\u011f\u0131na z\u0259man\u0259t ver\u0259n COES\u00a0cihaz\u0131 il\u0259 t\u0259chiz oluna bil\u0259r; as\u0131l\u0131l\u0131q hal\u0131nda, onlar\u0131 -40\u00b0C-\u0259 q\u0259d\u0259r xarici temperaturda d\u00fczg\u00fcn i\u015fl\u0259m\u0259y\u0259 imkan ver\u0259n, kabin\u0259ni q\u0131zd\u0131rmaq \u00fc\u00e7\u00fcn\u00a0elektrik q\u0131zd\u0131r\u0131c\u0131s\u0131 il\u0259 t\u0259chiz oluna bil\u0259r.<\/p>\n<p>TEXN\u0130K\u0130 X\u00dcSUS\u0130YY\u018fTL\u018fR<\/p>\n<p>\u2022\u00a0Sinkl\u0259nmi\u015f poladdan haz\u0131rlanm\u0131\u015f \u0259sas \u00e7\u0259r\u00e7iv\u0259 v\u0259 panell\u0259r<br \/>\n\u2022\u00a0Y\u00fcks\u0259k korroziyaya davaml\u0131d\u0131r<br \/>\n\u2022\u00a0Xarici interfeys istifad\u0259\u00e7i paneli olan elektrik l\u00f6vh\u0259si<br \/>\n\u2022\u00a0Enerji t\u0259chizat\u0131 olmad\u0131qda avtomatik yenid\u0259n ba\u015flad\u0131n<br \/>\n\u2022\u00a0Kondensasiya b\u00f6lm\u0259sinin fanatlar\u0131 kondensasiya t\u0259zyiqin\u0259 uy\u011fun olaraq d\u0259yi\u015f\u0259n s\u00fcr\u0259t\u0259 malikdir<br \/>\n\u2022\u00a0Metal hava filtri<br \/>\n\u2022\u00a0-40\u00b0C il\u0259 80\u00b0C aras\u0131nda olan xarici temperaturda i\u015fl\u0259m\u0259k<br \/>\n\u2022\u00a0Toza v\u0259 vibrasiyaya qar\u015f\u0131 m\u00fcqavim\u0259t<\/p>\n<\/div>\n<\/div>\n","protected":false},"excerpt":{"rendered":"<p><a class=\"elementor-button elementor-button-link elementor-size-sm\" href=\"https:\/\/www.enextechnologies.com\/wp-content\/uploads\/2024\/08\/B_CUS-ENG_rev.1-1.pdf\" target=\"_blank\" rel=\"noopener\"><span class=\"elementor-button-content-wrapper\"><span class=\"elementor-button-text\">BROCHURE<\/span><\/span><\/a><\/p>\n","protected":false},"featured_media":21700,"template":"","meta":[],"product_brand":[],"product_cat":[875,1296],"product_tag":[],"class_list":{"0":"post-23367","1":"product","2":"type-product","3":"status-publish","4":"has-post-thumbnail","6":"product_cat-snaye-az-kondisionerlr","7":"product_cat-snaye-muhiti-toz-vibrasiya-40c-dn-80c-y-qdr-olan-kondisionerlr","9":"first","10":"instock","11":"shipping-taxable","12":"product-type-simple"},"_links":{"self":[{"href":"https:\/\/airsystems.ge\/shop\/az\/wp-json\/wp\/v2\/product\/23367","targetHints":{"allow":["GET"]}}],"collection":[{"href":"https:\/\/airsystems.ge\/shop\/az\/wp-json\/wp\/v2\/product"}],"about":[{"href":"https:\/\/airsystems.ge\/shop\/az\/wp-json\/wp\/v2\/types\/product"}],"wp:featuredmedia":[{"embeddable":true,"href":"https:\/\/airsystems.ge\/shop\/az\/wp-json\/wp\/v2\/media\/21700"}],"wp:attachment":[{"href":"https:\/\/airsystems.ge\/shop\/az\/wp-json\/wp\/v2\/media?parent=23367"}],"wp:term":[{"taxonomy":"product_brand","embeddable":true,"href":"https:\/\/airsystems.ge\/shop\/az\/wp-json\/wp\/v2\/product_brand?post=23367"},{"taxonomy":"product_cat","embeddable":true,"href":"https:\/\/airsystems.ge\/shop\/az\/wp-json\/wp\/v2\/product_cat?post=23367"},{"taxonomy":"product_tag","embeddable":true,"href":"https:\/\/airsystems.ge\/shop\/az\/wp-json\/wp\/v2\/product_tag?post=23367"}],"curies":[{"name":"wp","href":"https:\/\/api.w.org\/{rel}","templated":true}]}}