{"id":23352,"date":"2025-01-17T09:28:10","date_gmt":"2025-01-17T05:28:10","guid":{"rendered":"https:\/\/airsystems.ge\/shop\/product\/air-conditioners-for-industrial-environment-wall-mounted-with-frontal-air-supply-return\/"},"modified":"2025-04-21T17:42:09","modified_gmt":"2025-04-21T13:42:09","slug":"air-conditioners-for-industrial-environment-wall-mounted-with-frontal-air-supply-return","status":"publish","type":"product","link":"https:\/\/airsystems.ge\/shop\/az\/product\/air-conditioners-for-industrial-environment-wall-mounted-with-frontal-air-supply-return\/","title":{"rendered":"S\u0259naye m\u00fchiti \u00fc\u00e7\u00fcn kondisionerl\u0259r Toz v\u0259 vibrasiyaya qar\u015f\u0131 m\u00fcqavim\u0259t, \u00d6n hava t\u0259chizat\u0131\/qaytarma il\u0259 divara qura\u015fd\u0131r\u0131lm\u0131\u015fd\u0131r ACU P -40\u00b0C-d\u0259n 80\u00b0C"},"content":{"rendered":"<p>Texniki x\u00fcsusiyy\u0259tl\u0259r:<br \/>\n\u2022 Sinkl\u0259nmi\u015f poladdan haz\u0131rlanm\u0131\u015f \u0259sas \u00e7\u0259r\u00e7iv\u0259 v\u0259 panell\u0259r<br \/>\n\u2022 Y\u00fcks\u0259k korroziyaya davaml\u0131d\u0131r<br \/>\n\u2022 Xarici interfeys istifad\u0259\u00e7i paneli olan elektrik l\u00f6vh\u0259si<br \/>\n\u2022 Enerji t\u0259chizat\u0131 olmad\u0131qda avtomatik yenid\u0259n i\u015f\u0259 sal\u0131n<br \/>\n\u2022 Kondensasiya b\u00f6lm\u0259sinin ventilyatorlar\u0131 kondensasiya t\u0259zyiqin\u0259 uy\u011fun olaraq d\u0259yi\u015f\u0259n s\u00fcr\u0259t\u0259 malikdir<br \/>\n\u2022 Metal hava filtri<br \/>\n\u2022 -40\u00b0C-d\u0259n 80\u00b0C-d\u0259k xarici temperaturda i\u015fl\u0259m\u0259k<br \/>\n\u2022 Toz v\u0259 vibrasiyaya qar\u015f\u0131 m\u00fcqavim\u0259t<\/p>\n<p><a class=\"elementor-button elementor-button-link elementor-size-sm\" href=\"https:\/\/www.enextechnologies.com\/wp-content\/uploads\/2024\/08\/B_ACU_SERIE_P-ENG-_rev.2-1.pdf\" target=\"_blank\" rel=\"noopener\"><span class=\"elementor-button-content-wrapper\"><span class=\"elementor-button-text\">BROCHURE<\/span><\/span><\/a><\/p>\n","protected":false},"excerpt":{"rendered":"<p>4,2-d\u0259n 5,8 kVt-a q\u0259d\u0259r\u00a0 \u00a0 ACU P<\/p>\n<p>Toz, vibrasiya v\u0259 y\u00fcks\u0259k temperaturun m\u00f6vcud oldu\u011fu s\u0259naye m\u00fchitl\u0259rind\u0259 i\u015fl\u0259m\u0259k \u00fc\u00e7\u00fcn n\u0259z\u0259rd\u0259 tutulmu\u015f v\u0259 istehsal edilmi\u015f qabla\u015fd\u0131r\u0131lm\u0131\u015f havadan havaya kondisionerl\u0259r.<br \/>\nACU-P Seriyas\u0131 kondisionerl\u0259ri kran idar\u0259etm\u0259 kabin\u0259l\u0259rini soyutmaq \u00fc\u00e7\u00fcn n\u0259z\u0259rd\u0259 tutulmu\u015fdur: h\u0259r bir komponent idar\u0259etm\u0259 kabin\u0259l\u0259rinin b\u00fct\u00fcn ehtiyaclar\u0131n\u0131 \u00f6d\u0259m\u0259k, daxili hiss\u0259l\u0259r\u0259 giri\u015fi asanla\u015fd\u0131rmaq v\u0259 texniki xidm\u0259ti minimuma endirm\u0259k \u00fc\u00e7\u00fcn dizayn edilmi\u015f, se\u00e7ilmi\u015f v\u0259 yerl\u0259\u015fdirilmi\u015fdir.<br \/>\nB\u00f6lm\u0259l\u0259r xarici divara qura\u015fd\u0131r\u0131lmal\u0131d\u0131r; hava kondisionerin daxili t\u0259r\u0259find\u0259 m\u00f6vcud olan bo\u015fluqlar vasit\u0259sil\u0259 soyudulmaq \u00fc\u00e7\u00fcn kabin\u0259d\u0259n al\u0131n\u0131r v\u0259 kabin\u0259y\u0259 g\u00f6nd\u0259rilir.<br \/>\nKondisionerl\u0259r temperaturu v\u0259 dig\u0259r parametrl\u0259ri t\u0259yin etm\u0259y\u0259 imkan ver\u0259n idar\u0259etm\u0259 paneli il\u0259 t\u0259chiz edilmi\u015fdir.<br \/>\nKondisionerl\u0259r 80\u00b0C-\u0259 q\u0259d\u0259r q\u0131sa temperatur pikl\u0259ri zaman\u0131 da i\u015fin davaml\u0131l\u0131\u011f\u0131na z\u0259man\u0259t ver\u0259n COES cihaz\u0131 il\u0259 t\u0259chiz oluna bil\u0259r; as\u0131l\u0131l\u0131q hal\u0131nda, kabin\u0259ni q\u0131zd\u0131rmaq \u00fc\u00e7\u00fcn elektrik q\u0131zd\u0131r\u0131c\u0131s\u0131 il\u0259 t\u0259chiz oluna bil\u0259r ki, bu da -40 \u00b0 C xarici temperatura q\u0259d\u0259r d\u00fczg\u00fcn i\u015fl\u0259m\u0259y\u0259 imkan verir.<\/p>\n","protected":false},"featured_media":21952,"template":"","meta":[],"product_brand":[],"product_cat":[875,1296],"product_tag":[],"class_list":{"0":"post-23352","1":"product","2":"type-product","3":"status-publish","4":"has-post-thumbnail","6":"product_cat-snaye-az-kondisionerlr","7":"product_cat-snaye-muhiti-toz-vibrasiya-40c-dn-80c-y-qdr-olan-kondisionerlr","9":"first","10":"instock","11":"shipping-taxable","12":"product-type-simple"},"_links":{"self":[{"href":"https:\/\/airsystems.ge\/shop\/az\/wp-json\/wp\/v2\/product\/23352","targetHints":{"allow":["GET"]}}],"collection":[{"href":"https:\/\/airsystems.ge\/shop\/az\/wp-json\/wp\/v2\/product"}],"about":[{"href":"https:\/\/airsystems.ge\/shop\/az\/wp-json\/wp\/v2\/types\/product"}],"wp:featuredmedia":[{"embeddable":true,"href":"https:\/\/airsystems.ge\/shop\/az\/wp-json\/wp\/v2\/media\/21952"}],"wp:attachment":[{"href":"https:\/\/airsystems.ge\/shop\/az\/wp-json\/wp\/v2\/media?parent=23352"}],"wp:term":[{"taxonomy":"product_brand","embeddable":true,"href":"https:\/\/airsystems.ge\/shop\/az\/wp-json\/wp\/v2\/product_brand?post=23352"},{"taxonomy":"product_cat","embeddable":true,"href":"https:\/\/airsystems.ge\/shop\/az\/wp-json\/wp\/v2\/product_cat?post=23352"},{"taxonomy":"product_tag","embeddable":true,"href":"https:\/\/airsystems.ge\/shop\/az\/wp-json\/wp\/v2\/product_tag?post=23352"}],"curies":[{"name":"wp","href":"https:\/\/api.w.org\/{rel}","templated":true}]}}