{"id":23344,"date":"2025-02-06T14:35:20","date_gmt":"2025-02-06T10:35:20","guid":{"rendered":"https:\/\/airsystems.ge\/shop\/product\/inverter-air-conditioner-24-kw-yhkf18xeebmh-inverter-heat-pump-york\/"},"modified":"2025-02-22T13:11:40","modified_gmt":"2025-02-22T09:11:40","slug":"inverter-air-conditioner-24-kw-yhkf18xeebmh-inverter-heat-pump-york","status":"publish","type":"product","link":"https:\/\/airsystems.ge\/shop\/az\/product\/inverter-air-conditioner-24-kw-yhkf18xeebmh-inverter-heat-pump-york\/","title":{"rendered":"\u0130nverter Kondisioner 24 kW YHKF18XEEBMH \u0130nverter \u0130stilik Pompas\u0131 York"},"content":{"rendered":"<table width=\"1276\">\n<tbody>\n<tr>\n<td colspan=\"3\" width=\"730\">York Set Model<\/td>\n<td width=\"132\">YHKF09ZEEDMHORY<\/td>\n<td width=\"139\">YHKF12ZEEDMHORY<\/td>\n<td width=\"146\">YHKF18ZEEBMHORY<\/td>\n<td width=\"129\">YHKF24ZEEBMHORY<\/td>\n<\/tr>\n<tr>\n<td colspan=\"3\">York Outdoor<\/td>\n<td>YHKF09YEEDMHO-Y<\/td>\n<td>YHKF12YEEDMHO-Y<\/td>\n<td>YHKF18YEEBMHO-Y<\/td>\n<td>YHKF24YEEBMHO-Y<\/td>\n<\/tr>\n<tr>\n<td colspan=\"3\">York Indoor<\/td>\n<td>YHKF09XEEDMH-RY<\/td>\n<td>YHKF12XEEDMH-RY<\/td>\n<td>YHKF18XEEBMH-RY<\/td>\n<td>YHKF24XEEBMH-RY<\/td>\n<\/tr>\n<tr>\n<td colspan=\"2\">Power supply<\/td>\n<td>Ph-V-Hz<\/td>\n<td colspan=\"4\">1Ph-220~240V-50Hz<\/td>\n<\/tr>\n<tr>\n<td colspan=\"3\">Power supply by<\/td>\n<td colspan=\"4\">Outdoor<\/td>\n<\/tr>\n<tr>\n<td rowspan=\"6\">Cooling<\/td>\n<td>Capacity<\/td>\n<td>Btu\/h<\/td>\n<td>9,000 (3,500~11,000)<\/td>\n<td>12,000 (4,700~14,700)<\/td>\n<td>18,000 (11,570~20,130)<\/td>\n<td>24,000 (7,200~28,000)<\/td>\n<\/tr>\n<tr>\n<td>Capacity<\/td>\n<td>W<\/td>\n<td>2,637 (1,025~3,224)<\/td>\n<td>3,517 (1,377~4,308)<\/td>\n<td>5,275 (3,931~5,900)<\/td>\n<td>7,034 (2,110~8,206)<\/td>\n<\/tr>\n<tr>\n<td>Power input<\/td>\n<td>W<\/td>\n<td>613 (90~1,140)<\/td>\n<td>977 (130~1,650)<\/td>\n<td>1,550 (560~2,050)<\/td>\n<td>2,510 (420~3,200)<\/td>\n<\/tr>\n<tr>\n<td>Current<\/td>\n<td>A<\/td>\n<td>2.66 (0.4~4.7)<\/td>\n<td>4.24 (0.6~7.2)<\/td>\n<td>6.7\uff082.4~9)<\/td>\n<td>10.9 (1.8~13.9)<\/td>\n<\/tr>\n<tr>\n<td>SEER<\/td>\n<td>W\/W<\/td>\n<td>8.8<\/td>\n<td>8.5<\/td>\n<td>6.7<\/td>\n<td>6.4<\/td>\n<\/tr>\n<tr>\n<td>Energy Efficiency Class<\/td>\n<td>W\/W<\/td>\n<td>A+++<\/td>\n<td>A+++<\/td>\n<td>A++<\/td>\n<td>A++<\/td>\n<\/tr>\n<tr>\n<td rowspan=\"6\">Heating<\/td>\n<td>Capacity<\/td>\n<td>Btu\/h<\/td>\n<td>10,000 (2,800~11,500)<\/td>\n<td>13,000 (3,640~14,950)<\/td>\n<td>19,000 (10,580~19,960)<\/td>\n<td>25,000 (5,300~28,000)<\/td>\n<\/tr>\n<tr>\n<td>Capacity<\/td>\n<td>W<\/td>\n<td>2,930 (821~3,370)<\/td>\n<td>3,811 (1,067~4,381)<\/td>\n<td>5,568 (3,391~5,850)<\/td>\n<td>7,327 (1,553~8,206)<\/td>\n<\/tr>\n<tr>\n<td>Power input<\/td>\n<td>W<\/td>\n<td>637 (110~1,080)<\/td>\n<td>977 (160~1,560)<\/td>\n<td>1,500 (780~2,000)<\/td>\n<td>2,130 (300~3,100)<\/td>\n<\/tr>\n<tr>\n<td>Current<\/td>\n<td>A<\/td>\n<td>2.77 (0.48~4.7)<\/td>\n<td>4.24 (0.7~6.78)<\/td>\n<td>6.5 (3.4~8.7)<\/td>\n<td>9.3 (1.3~13.5)<\/td>\n<\/tr>\n<tr>\n<td>SCOP<\/td>\n<td>W\/W<\/td>\n<td>4.6<\/td>\n<td>4.6<\/td>\n<td>4<\/td>\n<td>4<\/td>\n<\/tr>\n<tr>\n<td>Energy Efficiency Class<\/td>\n<td><\/td>\n<td>A++<\/td>\n<td>A++<\/td>\n<td>A+<\/td>\n<td>A+<\/td>\n<\/tr>\n<tr>\n<td colspan=\"2\">Max. input consumption<\/td>\n<td>W<\/td>\n<td>2,200<\/td>\n<td>2,200<\/td>\n<td>2,500<\/td>\n<td>3,700<\/td>\n<\/tr>\n<tr>\n<td colspan=\"2\">Max. current<\/td>\n<td>A<\/td>\n<td>10.5<\/td>\n<td>10.5<\/td>\n<td>13<\/td>\n<td>19<\/td>\n<\/tr>\n<tr>\n<td rowspan=\"3\">Compressor<\/td>\n<td>Type<\/td>\n<td><\/td>\n<td>ROTARY<\/td>\n<td>ROTARY<\/td>\n<td>ROTARY<\/td>\n<td>ROTARY<\/td>\n<\/tr>\n<tr>\n<td>Rated current(RLA)<\/td>\n<td>A<\/td>\n<td>4.65<\/td>\n<td>4.65<\/td>\n<td>7.5<\/td>\n<td>9.45<\/td>\n<\/tr>\n<tr>\n<td>Refrigerant oil\/oil charge<\/td>\n<td>ml<\/td>\n<td>VG74\/300ml<\/td>\n<td>VG74\/300ml<\/td>\n<td>VG74\/440ml<\/td>\n<td>VG74\/670ml<\/td>\n<\/tr>\n<tr>\n<td rowspan=\"3\">Indoor fan motor<\/td>\n<td>Type<\/td>\n<td><\/td>\n<td>DC<\/td>\n<td>DC<\/td>\n<td>DC<\/td>\n<td>DC<\/td>\n<\/tr>\n<tr>\n<td>Output<\/td>\n<td>W<\/td>\n<td>20<\/td>\n<td>20<\/td>\n<td>20<\/td>\n<td>20<\/td>\n<\/tr>\n<tr>\n<td>Speed(Hi\/Mi\/Lo)<\/td>\n<td>rpm<\/td>\n<td>1,000\/800\/700<\/td>\n<td>1,100\/900\/750<\/td>\n<td>1,100\/900\/750<\/td>\n<td>1,000\/800\/700<\/td>\n<\/tr>\n<tr>\n<td>Indoor air flow (Hi\/Mi\/Lo)<\/td>\n<td><\/td>\n<td>m3\/h<\/td>\n<td>483\/362\/303<\/td>\n<td>584\/477\/395<\/td>\n<td>730\/500\/420<\/td>\n<td>1,020\/830\/640<\/td>\n<\/tr>\n<tr>\n<td colspan=\"2\">Indoor sound power level (Hi)<\/td>\n<td>dB(A)<\/td>\n<td>55<\/td>\n<td>55<\/td>\n<td>59<\/td>\n<td>64<\/td>\n<\/tr>\n<tr>\n<td rowspan=\"3\">Indoor unit<\/td>\n<td>Dimension(W*H*D)<\/td>\n<td>mm<\/td>\n<td>802x297x189<\/td>\n<td>802x297x189<\/td>\n<td>965x319x215<\/td>\n<td>1,080x335x226<\/td>\n<\/tr>\n<tr>\n<td>Packing(W*H*D)<\/td>\n<td>mm<\/td>\n<td>875x380x285<\/td>\n<td>875x380x285<\/td>\n<td>1,045x410x305<\/td>\n<td>1,155x415x320<\/td>\n<\/tr>\n<tr>\n<td>Net\/Gross weight<\/td>\n<td>kg<\/td>\n<td>8.6\/11.1<\/td>\n<td>8.6\/11.1<\/td>\n<td>10.9\/14.2<\/td>\n<td>13.7\/17.3<\/td>\n<\/tr>\n<tr>\n<td rowspan=\"3\">Outdoor fan motor<\/td>\n<td>Type<\/td>\n<td><\/td>\n<td>DC<\/td>\n<td>DC<\/td>\n<td>DC<\/td>\n<td>DC<\/td>\n<\/tr>\n<tr>\n<td>Output<\/td>\n<td>W<\/td>\n<td>34<\/td>\n<td>34<\/td>\n<td>34<\/td>\n<td>80<\/td>\n<\/tr>\n<tr>\n<td>Speed(Hi\/Lo)<\/td>\n<td>rpm<\/td>\n<td>780\/450<\/td>\n<td>800\/450<\/td>\n<td>760\/650<\/td>\n<td>830\/550<\/td>\n<\/tr>\n<tr>\n<td><\/td>\n<td>rpm<\/td>\n<td>780\/450<\/td>\n<td><\/td>\n<td><\/td>\n<td><\/td>\n<td><\/td>\n<\/tr>\n<tr>\n<td colspan=\"2\">Outdoor air flow<\/td>\n<td>m3\/h<\/td>\n<td>2,150<\/td>\n<td>2,200<\/td>\n<td>2,100<\/td>\n<td>3,500<\/td>\n<\/tr>\n<tr>\n<td colspan=\"2\">Outdoor sound power level<\/td>\n<td>dB(A)<\/td>\n<td>60<\/td>\n<td>62<\/td>\n<td>65<\/td>\n<td>67<\/td>\n<\/tr>\n<tr>\n<td rowspan=\"3\">Outdoor unit<\/td>\n<td>Dimension(W*H*D)<\/td>\n<td>mm<\/td>\n<td>765x555x303<\/td>\n<td>765x555x303<\/td>\n<td>805x554x330<\/td>\n<td>890x673x342<\/td>\n<\/tr>\n<tr>\n<td>Packing(W*H*D)<\/td>\n<td>mm<\/td>\n<td>887x610x337<\/td>\n<td>887x610x337<\/td>\n<td>915x615x370<\/td>\n<td>995x740x398<\/td>\n<\/tr>\n<tr>\n<td>Net\/Gross weight<\/td>\n<td>kg<\/td>\n<td>26.7\/29.1<\/td>\n<td>26.7\/29.1<\/td>\n<td>33.5\/36.1<\/td>\n<td>43.9\/46.9<\/td>\n<\/tr>\n<tr>\n<td rowspan=\"3\">Refrigerant<\/td>\n<td>Type<\/td>\n<td><\/td>\n<td>R32<\/td>\n<td>R32<\/td>\n<td>R32<\/td>\n<td>R32<\/td>\n<\/tr>\n<tr>\n<td>GWP<\/td>\n<td><\/td>\n<td>675<\/td>\n<td>675<\/td>\n<td>675<\/td>\n<td>675<\/td>\n<\/tr>\n<tr>\n<td>Charged quantity<\/td>\n<td>kg<\/td>\n<td>0.62<\/td>\n<td>0.62<\/td>\n<td>1.1<\/td>\n<td>1.45<\/td>\n<\/tr>\n<tr>\n<td rowspan=\"3\">Refrigerant piping<\/td>\n<td>Liquid side\/ Gas side<\/td>\n<td>mm<\/td>\n<td>\u00d86.35\/\u00d89.52<\/td>\n<td>\u00d86.35\/\u00d89.52<\/td>\n<td>\u00d86.35\/\u00d812.7<\/td>\n<td>\u00d89.52\/\u00d815.9<\/td>\n<\/tr>\n<tr>\n<td>Max. refrigerant pipe length<\/td>\n<td>m<\/td>\n<td>25<\/td>\n<td>25<\/td>\n<td>30<\/td>\n<td>30<\/td>\n<\/tr>\n<tr>\n<td>Max. difference in level<\/td>\n<td>m<\/td>\n<td>10<\/td>\n<td>10<\/td>\n<td>20<\/td>\n<td>20<\/td>\n<\/tr>\n<tr>\n<td>Operation temperature<\/td>\n<td>Indoor(cooling\/ heating)<\/td>\n<td>\u00b0C<\/td>\n<td>17\uff5e32\/0\uff5e30<\/td>\n<td>17\uff5e32\/0\uff5e30<\/td>\n<td>17\uff5e32\/0\uff5e30<\/td>\n<td>17\uff5e32\/0\uff5e30<\/td>\n<\/tr>\n<tr>\n<td>Indoor(cooling\/ heating)<\/td>\n<td>Outdoor(cooling\/heating)<\/td>\n<td>\u00b0C<\/td>\n<td>-15\uff5e50\/-15\uff5e24<\/td>\n<td>-15\uff5e50\/-15\uff5e24<\/td>\n<td>-15\uff5e50\/-15\uff5e24<\/td>\n<td>-15\uff5e50\/-15\uff5e24<\/td>\n<\/tr>\n<tr>\n<td colspan=\"3\">Qty\u2019per 20\u2019 \/40\u2019 \/40&#8217;HQ<\/td>\n<td>98\/208\/250<\/td>\n<td>98\/208\/250<\/td>\n<td>86\/174\/204<\/td>\n<td>64\/134\/156<\/td>\n<\/tr>\n<\/tbody>\n<\/table>\n","protected":false},"excerpt":{"rendered":"<p>\u018fsas X\u00fcsusiyy\u0259tl\u0259r<br \/>\n\u2022 9.000 il\u0259 24.000 Btu\/saat aras\u0131nda 4 model.<br \/>\n\u2022 R32 \u018ftraf m\u00fchit\u0259 uy\u011fun soyuducu.<br \/>\n\u2022 M\u00fcasir v\u0259 y\u0131\u011fcam dizayn.<br \/>\n\u2022 S\u0259m\u0259r\u0259li Soyutma v\u0259 \u0130stilik.<br \/>\n\u2022 Daxili\/\u00c7\u0131xar\u0131\u015f \u00fc\u00e7\u00fcn q\u0131z\u0131l \u00f6rt\u00fckl\u00fc \u00fczg\u0259cl\u0259r.<br \/>\n\u2022 Avtomatik yenid\u0259n ba\u015flad\u0131n v\u0259 Self Diaqnoz.<br \/>\n\u2022 M\u0259ni izl\u0259 funksiyas\u0131.<br \/>\n\u2022 Louver m\u00f6vqeyi yadda\u015f\u0131.<br \/>\n\u2022 Yuxu rejimi.<br \/>\n\u2022 24 saat A\u00e7ma\/S\u00f6nd\u00fcrm\u0259 taymeri.<br \/>\n\u2022 Turbo rejimi.<\/p>\n<p>Y\u00fcks\u0259k Divar Kondisionerl\u0259rinin YORK\u00ae x\u0259ttin\u0259 geni\u015f \u00f6l\u00e7\u00fcl\u0259r daxildir<br \/>\nm\u0259hsul t\u0259klifinizd\u0259 siz\u0259 daha \u00e7ox \u00e7eviklik verm\u0259k. H\u0259r bir model \u00fc\u00e7\u00fcn n\u0259z\u0259rd\u0259 tutulmu\u015fdur<br \/>\nasan idar\u0259 olunan qur\u011fuda v\u0259 z\u0259rif dizaynda rahatl\u0131q v\u0259 s\u0259m\u0259r\u0259lilik t\u0259min edir<br \/>\nist\u0259r evd\u0259, ist\u0259rs\u0259 d\u0259 ofisd\u0259 m\u00fcxt\u0259lif m\u0259kanlara uy\u011fundur. Modell\u0259r \u0259n y\u00fcks\u0259kl\u0259r\u0259 cavab verir<br \/>\nenerji s\u0259m\u0259r\u0259liliyi reytinql\u0259ri, bel\u0259likl\u0259, rahatl\u0131qdan \u00f6d\u00fcn verm\u0259d\u0259n daha az enerji istehlak edilir<br \/>\nv\u0259 performans. H\u0259m kondensasiya, h\u0259m d\u0259 qapal\u0131 qur\u011fular sakitlik \u00fc\u00e7\u00fcn haz\u0131rlanm\u0131\u015fd\u0131r<br \/>\n\u0259m\u0259liyyat. V\u0259 rahatl\u0131\u011fa n\u0259zar\u0259t parametrl\u0259ri a toxunu\u015fu il\u0259 asanl\u0131qla d\u0259yi\u015fdirilir<br \/>\npultdak\u0131 d\u00fcym\u0259.<\/p>\n<p>Q\u0131z\u0131l Fin<br \/>\nAl\u00fcminium \u00fczg\u0259c \u00fcz\u0259rind\u0259 unikal antikorroziyaya malik q\u0131z\u0131l \u00f6rt\u00fck<br \/>\nistilik d\u0259yi\u015fdiricil\u0259rinin duzlu havaya, ya\u011f\u0131\u015fa v\u0259<br \/>\ndig\u0259r a\u015f\u0131nd\u0131r\u0131c\u0131 elementl\u0259r. Bakteriyalar\u0131n qar\u015f\u0131s\u0131n\u0131 da effektiv \u015f\u0259kild\u0259 al\u0131r<br \/>\nyeti\u015fdirm\u0259d\u0259n v\u0259 istilik s\u0259m\u0259r\u0259liliyini art\u0131r\u0131r.<\/p>\n","protected":false},"featured_media":22140,"template":"","meta":[],"product_brand":[],"product_cat":[801],"product_tag":[],"class_list":{"0":"post-23344","1":"product","2":"type-product","3":"status-publish","4":"has-post-thumbnail","6":"product_cat-air-conditioner-az","8":"first","9":"instock","10":"sale","11":"shipping-taxable","12":"purchasable","13":"product-type-simple"},"_links":{"self":[{"href":"https:\/\/airsystems.ge\/shop\/az\/wp-json\/wp\/v2\/product\/23344","targetHints":{"allow":["GET"]}}],"collection":[{"href":"https:\/\/airsystems.ge\/shop\/az\/wp-json\/wp\/v2\/product"}],"about":[{"href":"https:\/\/airsystems.ge\/shop\/az\/wp-json\/wp\/v2\/types\/product"}],"wp:featuredmedia":[{"embeddable":true,"href":"https:\/\/airsystems.ge\/shop\/az\/wp-json\/wp\/v2\/media\/22140"}],"wp:attachment":[{"href":"https:\/\/airsystems.ge\/shop\/az\/wp-json\/wp\/v2\/media?parent=23344"}],"wp:term":[{"taxonomy":"product_brand","embeddable":true,"href":"https:\/\/airsystems.ge\/shop\/az\/wp-json\/wp\/v2\/product_brand?post=23344"},{"taxonomy":"product_cat","embeddable":true,"href":"https:\/\/airsystems.ge\/shop\/az\/wp-json\/wp\/v2\/product_cat?post=23344"},{"taxonomy":"product_tag","embeddable":true,"href":"https:\/\/airsystems.ge\/shop\/az\/wp-json\/wp\/v2\/product_tag?post=23344"}],"curies":[{"name":"wp","href":"https:\/\/api.w.org\/{rel}","templated":true}]}}