{"id":23303,"date":"2025-02-12T20:49:24","date_gmt":"2025-02-12T16:49:24","guid":{"rendered":"https:\/\/airsystems.ge\/shop\/product\/commercial-air-curtains-electrical-heat-8kw-l1m-pa2210ce08-air-curtain\/"},"modified":"2025-02-22T12:48:43","modified_gmt":"2025-02-22T08:48:43","slug":"commercial-air-curtains-electrical-heat-8kw-l1m-pa2210ce08-air-curtain","status":"publish","type":"product","link":"https:\/\/airsystems.ge\/shop\/az\/product\/commercial-air-curtains-electrical-heat-8kw-l1m-pa2210ce08-air-curtain\/","title":{"rendered":"Ticar\u0259t Hava P\u0259rd\u0259l\u0259ri Elektrikli istilik 8kW, L=1m PA2210CE08 Hava p\u0259rd\u0259si"},"content":{"rendered":"<h3 class=\"\">Technical Data<\/h3>\n<div class=\"IntelliShopSection_is-section__MnxDA\">\n<div class=\"-mx-050\">\n<div class=\"inline-block p-100 m-050 bg-neutral-50\">\n<div class=\"text-style-label-small-bold\">Article name\u00a0 \u00a0 \u00a0 \u00a0PA2210CE08 Air curtain<\/div>\n<\/div>\n<div class=\"inline-block p-100 m-050 bg-neutral-50\">\n<div class=\"text-style-label-small-bold\">Article number\u00a0 \u00a0#19422<\/div>\n<\/div>\n<\/div>\n<table class=\"text-style-label-small\">\n<thead>\n<tr>\n<th class=\"text-style-label-small-bold whitespace-nowrap\" colspan=\"3\">\n<div class=\"text-right\">Default<\/div>\n<\/th>\n<th><\/th>\n<\/tr>\n<\/thead>\n<tbody>\n<tr>\n<th class=\"text-style-heading-h4 pt-300\" colspan=\"3\">Installation<\/th>\n<\/tr>\n<tr>\n<td>Type of installation<\/td>\n<td class=\"text-right\">Horizontal<\/td>\n<td class=\"text-neutral-600 text-left desktop-nav:text-right w-px\"><\/td>\n<\/tr>\n<tr>\n<td>Recommended installation height<\/td>\n<td class=\"text-right\">2.2<\/td>\n<td class=\"text-neutral-600 text-left desktop-nav:text-right w-px\">m<\/td>\n<\/tr>\n<tr>\n<th class=\"text-style-heading-h4 pt-300\" colspan=\"3\">Nominal data<\/th>\n<\/tr>\n<tr>\n<td>Color casing<\/td>\n<td class=\"text-right\">Traffic white<\/td>\n<td class=\"text-neutral-600 text-left desktop-nav:text-right w-px\"><\/td>\n<\/tr>\n<tr>\n<td>Color casing, RAL<\/td>\n<td class=\"text-right\">RAL 9016<\/td>\n<td class=\"text-neutral-600 text-left desktop-nav:text-right w-px\"><\/td>\n<\/tr>\n<tr>\n<td>Color, outlet grilles<\/td>\n<td class=\"text-right\">Telegrey 2<\/td>\n<td class=\"text-neutral-600 text-left desktop-nav:text-right w-px\"><\/td>\n<\/tr>\n<tr>\n<td>Color outlet grilles, RAL<\/td>\n<td class=\"text-right\">RAL 7046<\/td>\n<td class=\"text-neutral-600 text-left desktop-nav:text-right w-px\"><\/td>\n<\/tr>\n<tr>\n<td>Enclosure class<\/td>\n<td class=\"text-right\">IP20<\/td>\n<td class=\"text-neutral-600 text-left desktop-nav:text-right w-px\"><\/td>\n<\/tr>\n<tr>\n<td>Ambient working temperature (dry conditions)<\/td>\n<td class=\"text-right\">-20 to 30<\/td>\n<td class=\"text-neutral-600 text-left desktop-nav:text-right w-px\">\u00b0C<\/td>\n<\/tr>\n<tr>\n<th class=\"text-style-heading-h4 pt-300\" colspan=\"3\">Dimensions and weights<\/th>\n<\/tr>\n<tr>\n<td>Length<\/td>\n<td class=\"text-right\">1,050<\/td>\n<td class=\"text-neutral-600 text-left desktop-nav:text-right w-px\">mm<\/td>\n<\/tr>\n<tr>\n<td>Height<\/td>\n<td class=\"text-right\">210<\/td>\n<td class=\"text-neutral-600 text-left desktop-nav:text-right w-px\">mm<\/td>\n<\/tr>\n<tr>\n<td>Depth<\/td>\n<td class=\"text-right\">345<\/td>\n<td class=\"text-neutral-600 text-left desktop-nav:text-right w-px\">mm<\/td>\n<\/tr>\n<tr>\n<td>Weight<\/td>\n<td class=\"text-right\">19<\/td>\n<td class=\"text-neutral-600 text-left desktop-nav:text-right w-px\">kg<\/td>\n<\/tr>\n<tr>\n<th class=\"text-style-heading-h4 pt-300\" colspan=\"3\">Air flow<\/th>\n<\/tr>\n<tr>\n<td>Air flow<\/td>\n<td class=\"text-right\">900; 1200; 1000<\/td>\n<td class=\"text-neutral-600 text-left desktop-nav:text-right w-px\">m\u00b3\/h<\/td>\n<\/tr>\n<tr>\n<th class=\"text-style-heading-h4 pt-300\" colspan=\"3\">Sound data<\/th>\n<\/tr>\n<tr>\n<td>Sound pressure (LpA)<\/td>\n<td class=\"text-right\">51; 47; 42<\/td>\n<td class=\"text-neutral-600 text-left desktop-nav:text-right w-px\">dB(A)<\/td>\n<\/tr>\n<tr>\n<td>Conditions sound pressure<\/td>\n<td class=\"text-right\">Conditions: Distance to the unit 5 metres. Directional factor: 2. Equivalent absorption area: 200 m\u00b2.<\/td>\n<td class=\"text-neutral-600 text-left desktop-nav:text-right w-px\"><\/td>\n<\/tr>\n<tr>\n<td>Sound power (LWA)<\/td>\n<td class=\"text-right\">67<\/td>\n<td class=\"text-neutral-600 text-left desktop-nav:text-right w-px\">dB(A)<\/td>\n<\/tr>\n<tr>\n<td>Conditions sound level<\/td>\n<td class=\"text-right\">Measurements according to ISO 27327-2: 2014, Installation type E.<\/td>\n<td class=\"text-neutral-600 text-left desktop-nav:text-right w-px\"><\/td>\n<\/tr>\n<tr>\n<th class=\"text-style-heading-h4 pt-300\" colspan=\"3\">Motor\/control supply<\/th>\n<\/tr>\n<tr>\n<td>Control\/motor supply<\/td>\n<td class=\"text-right\">230<\/td>\n<td class=\"text-neutral-600 text-left desktop-nav:text-right w-px\">V<\/td>\n<\/tr>\n<tr>\n<td>Control\/motor current<\/td>\n<td class=\"text-right\">0.45<\/td>\n<td class=\"text-neutral-600 text-left desktop-nav:text-right w-px\">A<\/td>\n<\/tr>\n<tr>\n<td>Input power (P1), motor<\/td>\n<td class=\"text-right\">110<\/td>\n<td class=\"text-neutral-600 text-left desktop-nav:text-right w-px\">W<\/td>\n<\/tr>\n<tr>\n<th class=\"text-style-heading-h4 pt-300\" colspan=\"3\">Electric heat<\/th>\n<\/tr>\n<tr>\n<td>Heat output<\/td>\n<td class=\"text-right\">8; 5<\/td>\n<td class=\"text-neutral-600 text-left desktop-nav:text-right w-px\">kW<\/td>\n<\/tr>\n<tr>\n<td>Heat amperage<\/td>\n<td class=\"text-right\">11.5; 7.2<\/td>\n<td class=\"text-neutral-600 text-left desktop-nav:text-right w-px\">A<\/td>\n<\/tr>\n<tr>\n<td>Heat voltage<\/td>\n<td class=\"text-right\">400<\/td>\n<td class=\"text-neutral-600 text-left desktop-nav:text-right w-px\">V<\/td>\n<\/tr>\n<tr>\n<td>Phases<\/td>\n<td class=\"text-right\">3N~<\/td>\n<td class=\"text-neutral-600 text-left desktop-nav:text-right w-px\"><\/td>\n<\/tr>\n<tr>\n<td>Temperature rise, maximum heat output, highest airflow<\/td>\n<td class=\"text-right\">20<\/td>\n<td class=\"text-neutral-600 text-left desktop-nav:text-right w-px\">\u00b0C<\/td>\n<\/tr>\n<tr>\n<td>Temperature rise, maximum heat output, lowest airflow<\/td>\n<td class=\"text-right\">27<\/td>\n<td class=\"text-neutral-600 text-left desktop-nav:text-right w-px\">\u00b0C<\/td>\n<\/tr>\n<\/tbody>\n<\/table>\n<\/div>\n","protected":false},"excerpt":{"rendered":"<p>Uzaqdan v\u0259 inteqrasiya olunmu\u015f idar\u0259etm\u0259 il\u0259 giri\u015fl\u0259r \u00fc\u00e7\u00fcn d\u0259bli hava p\u0259rd\u0259si<\/p>\n<p>Asan Rahatl\u0131q<br \/>\nPlug &amp; Play<br \/>\nOptimalla\u015fd\u0131r\u0131lm\u0131\u015f Performans<br \/>\nT\u00f6vsiy\u0259 olunan qura\u015fd\u0131rma h\u00fcnd\u00fcrl\u00fcy\u00fc 2,2 m<br \/>\n\u0130stilik\u00a0 \u00a0 Elektrik \u0130stilik<br \/>\nElektrik istilik 8kW, L=1m<\/p>\n","protected":false},"featured_media":22845,"template":"","meta":[],"product_brand":[],"product_cat":[865,801],"product_tag":[],"class_list":{"0":"post-23303","1":"product","2":"type-product","3":"status-publish","4":"has-post-thumbnail","6":"product_cat-hava-prdlri-az","7":"product_cat-air-conditioner-az","9":"first","10":"instock","11":"shipping-taxable","12":"purchasable","13":"product-type-simple"},"_links":{"self":[{"href":"https:\/\/airsystems.ge\/shop\/az\/wp-json\/wp\/v2\/product\/23303","targetHints":{"allow":["GET"]}}],"collection":[{"href":"https:\/\/airsystems.ge\/shop\/az\/wp-json\/wp\/v2\/product"}],"about":[{"href":"https:\/\/airsystems.ge\/shop\/az\/wp-json\/wp\/v2\/types\/product"}],"wp:featuredmedia":[{"embeddable":true,"href":"https:\/\/airsystems.ge\/shop\/az\/wp-json\/wp\/v2\/media\/22845"}],"wp:attachment":[{"href":"https:\/\/airsystems.ge\/shop\/az\/wp-json\/wp\/v2\/media?parent=23303"}],"wp:term":[{"taxonomy":"product_brand","embeddable":true,"href":"https:\/\/airsystems.ge\/shop\/az\/wp-json\/wp\/v2\/product_brand?post=23303"},{"taxonomy":"product_cat","embeddable":true,"href":"https:\/\/airsystems.ge\/shop\/az\/wp-json\/wp\/v2\/product_cat?post=23303"},{"taxonomy":"product_tag","embeddable":true,"href":"https:\/\/airsystems.ge\/shop\/az\/wp-json\/wp\/v2\/product_tag?post=23303"}],"curies":[{"name":"wp","href":"https:\/\/api.w.org\/{rel}","templated":true}]}}