{"id":23265,"date":"2024-01-24T22:34:41","date_gmt":"2024-01-24T18:34:41","guid":{"rendered":"https:\/\/airsystems.ge\/shop\/product\/dantherm-ad-995-condensation-dehumidifier-condensation-dehumidifiers\/"},"modified":"2025-03-30T10:17:50","modified_gmt":"2025-03-30T06:17:50","slug":"dantherm-ad-995-condensation-dehumidifier-condensation-dehumidifiers","status":"publish","type":"product","link":"https:\/\/airsystems.ge\/shop\/az\/product\/dantherm-ad-995-condensation-dehumidifier-condensation-dehumidifiers\/","title":{"rendered":"Dantherm AD 995 \u2013 kondensasiya n\u0259ml\u0259ndiricisi Kondensasiya n\u0259ml\u0259ndiricil\u0259ri"},"content":{"rendered":"<div class=\"md:text-center\">\n<h3 class=\"text-black font-bold text-lg md:text-xl lg:text-2xl\"><strong>Product specifications<\/strong><\/h3>\n<\/div>\n<div class=\" md:mt-10\">\n<div class=\"\">\n<div class=\"lg:mt-0 \">\n<div id=\"spec-ad-995\" class=\"prose max-w-full md:overflow-auto\" data-spec-content=\"\">\n<div class=\"spreadsheet-container hidden md:block\">\n<table class=\"w-full table-fixed mb-0\">\n<thead>\n<tr>\n<th class=\"font-bold text-base\"><span class=\"block px-4\">Specifications<\/span><\/th>\n<th class=\"font-bold text-base text-center\"><span class=\"block px-10 md:px-20\">Units<\/span><\/th>\n<th class=\"font-bold text-base text-center will-change\"><span class=\"block px-4\">AD\u00a0995<\/span><\/th>\n<\/tr>\n<\/thead>\n<tbody>\n<tr class=\"bg-grey-200\/50 p-2\">\n<td colspan=\"1\"><span class=\"block px-4\">Capacity (30\u00b0C\/80% RH)\/Power consumption<\/span><\/td>\n<td class=\"text-center\">\n<div class=\"px-10 md:px-20 flex items-center justify-center\">l\/24h\/W<\/div>\n<\/td>\n<td class=\"text-center will-change\">\n<div class=\"px-10 md:px-20 flex items-center justify-center\">95\/1,830<\/div>\n<\/td>\n<\/tr>\n<tr class=\" p-2\">\n<td colspan=\"1\"><span class=\"block px-4\">Capacity (20\u00b0C\/60% RH)\/Power consumption<\/span><\/td>\n<td class=\"text-center\">\n<div class=\"px-10 md:px-20 flex items-center justify-center\">l\/24h\/W<\/div>\n<\/td>\n<td class=\"text-center will-change\">\n<div class=\"px-10 md:px-20 flex items-center justify-center\">46.5\/1,282<\/div>\n<\/td>\n<\/tr>\n<tr class=\"bg-grey-200\/50 p-2\">\n<td colspan=\"1\"><span class=\"block px-4\">Air flow (Stage 1\/ Stage 2\/ Night mode)<\/span><\/td>\n<td class=\"text-center\">\n<div class=\"px-10 md:px-20 flex items-center justify-center\">m<sup>3<\/sup>\/h<\/div>\n<\/td>\n<td class=\"text-center will-change\">\n<div class=\"px-10 md:px-20 flex items-center justify-center\">750\/900\/750<\/div>\n<\/td>\n<\/tr>\n<tr class=\" p-2\">\n<td colspan=\"1\"><span class=\"block px-4\">Operating temperature range<\/span><\/td>\n<td class=\"text-center\">\n<div class=\"px-10 md:px-20 flex items-center justify-center\">\u00b0C<\/div>\n<\/td>\n<td class=\"text-center will-change\">\n<div class=\"px-10 md:px-20 flex items-center justify-center\">5-30<\/div>\n<\/td>\n<\/tr>\n<tr class=\"bg-grey-200\/50 p-2\">\n<td colspan=\"1\"><span class=\"block px-4\">Operating humidity range<\/span><\/td>\n<td class=\"text-center\">\n<div class=\"px-10 md:px-20 flex items-center justify-center\">% RH<\/div>\n<\/td>\n<td class=\"text-center will-change\">\n<div class=\"px-10 md:px-20 flex items-center justify-center\">30-90<\/div>\n<\/td>\n<\/tr>\n<tr class=\" p-2\">\n<td colspan=\"1\"><span class=\"block px-4\">Max. power consumption<\/span><\/td>\n<td class=\"text-center\">\n<div class=\"px-10 md:px-20 flex items-center justify-center\">W<\/div>\n<\/td>\n<td class=\"text-center will-change\">\n<div class=\"px-10 md:px-20 flex items-center justify-center\">1.9<\/div>\n<\/td>\n<\/tr>\n<tr class=\"bg-grey-200\/50 p-2\">\n<td colspan=\"1\"><span class=\"block px-4\">Power supply<\/span><\/td>\n<td class=\"text-center\">\n<div class=\"px-10 md:px-20 flex items-center justify-center\">V\/Hz<\/div>\n<\/td>\n<td class=\"text-center will-change\">\n<div class=\"px-10 md:px-20 flex items-center justify-center\">230\/50<\/div>\n<\/td>\n<\/tr>\n<tr class=\" p-2\">\n<td colspan=\"1\"><span class=\"block px-4\">Sound level<\/span><\/td>\n<td class=\"text-center\">\n<div class=\"px-10 md:px-20 flex items-center justify-center\">dB(A)<\/div>\n<\/td>\n<td class=\"text-center will-change\">\n<div class=\"px-10 md:px-20 flex items-center justify-center\">64<\/div>\n<\/td>\n<\/tr>\n<tr class=\"bg-grey-200\/50 p-2\">\n<td colspan=\"1\"><span class=\"block px-4\">Condensate tank<\/span><\/td>\n<td class=\"text-center\">\n<div class=\"px-10 md:px-20 flex items-center justify-center\">l<\/div>\n<\/td>\n<td class=\"text-center will-change\">\n<div class=\"px-10 md:px-20 flex items-center justify-center\">with pump<\/div>\n<\/td>\n<\/tr>\n<tr class=\" p-2\">\n<td colspan=\"1\"><span class=\"block px-4\">Condensate drain<\/span><\/td>\n<td class=\"text-center\">\n<div class=\"px-10 md:px-20 flex items-center justify-center\">mm<\/div>\n<\/td>\n<td class=\"text-center will-change\">\n<div class=\"px-10 md:px-20 flex items-center justify-center\">9<\/div>\n<\/td>\n<\/tr>\n<tr class=\"bg-grey-200\/50 p-2\">\n<td colspan=\"1\"><span class=\"block px-4\">Pump height<\/span><\/td>\n<td class=\"text-center\">\n<div class=\"px-10 md:px-20 flex items-center justify-center\">m<\/div>\n<\/td>\n<td class=\"text-center will-change\">\n<div class=\"px-10 md:px-20 flex items-center justify-center\">4<\/div>\n<\/td>\n<\/tr>\n<tr class=\" p-2\">\n<td colspan=\"1\"><span class=\"block px-4\">Power cord<\/span><\/td>\n<td class=\"text-center\">\n<div class=\"px-10 md:px-20 flex items-center justify-center\">m<\/div>\n<\/td>\n<td class=\"text-center will-change\">\n<div class=\"px-10 md:px-20 flex items-center justify-center\">5<\/div>\n<\/td>\n<\/tr>\n<tr class=\"bg-grey-200\/50 p-2\">\n<td colspan=\"1\"><span class=\"block px-4\">Refrigerant<\/span><\/td>\n<td class=\"text-center\">\n<div class=\"px-10 md:px-20 flex items-center justify-center\"><\/div>\n<\/td>\n<td class=\"text-center will-change\">\n<div class=\"px-10 md:px-20 flex items-center justify-center\">R454C<\/div>\n<\/td>\n<\/tr>\n<tr class=\" p-2\">\n<td colspan=\"1\"><span class=\"block px-4\">Product size (h x w x d)<\/span><\/td>\n<td class=\"text-center\">\n<div class=\"px-10 md:px-20 flex items-center justify-center\">mm<\/div>\n<\/td>\n<td class=\"text-center will-change\">\n<div class=\"px-10 md:px-20 flex items-center justify-center\">906 x 502 x 547<\/div>\n<\/td>\n<\/tr>\n<tr class=\"bg-grey-200\/50 p-2\">\n<td colspan=\"1\"><span class=\"block px-4\">Weight<\/span><\/td>\n<td class=\"text-center\">\n<div class=\"px-10 md:px-20 flex items-center justify-center\">kg<\/div>\n<\/td>\n<td class=\"text-center will-change\">\n<div class=\"px-10 md:px-20 flex items-center justify-center\">58.2<\/div>\n<\/td>\n<\/tr>\n<\/tbody>\n<\/table>\n<p><strong>\u00fc\u00e7\u00fcn uy\u011fundur<\/strong><br \/>\nArxivl\u0259r v\u0259 m\u00fchafiz\u0259<br \/>\nTicar\u0259t binalar\u0131<br \/>\nTikinti<br \/>\nS\u0259naye, fabrik v\u0259 istehsal<br \/>\n\u0130car\u0259 \u015firk\u0259tl\u0259ri<br \/>\nAnbarlar v\u0259 anbarlar<br \/>\nSu z\u0259r\u0259rinin b\u0259rpas\u0131<br \/>\nSu i\u015fl\u0259ri<\/p>\n<h2 class=\"font-bold text-sm md:text-lg\"><a class=\"underline underline-offset-2 decoration-transparent transition duration-300 ease-linear hover:decoration-black\" href=\"https:\/\/www.danthermgroup.com\/uk\/downloads\/dantherm-ad-9-series-product-guide\" target=\"_blank\" rel=\"nofollow noindex noopener\">Dantherm AD 9 series \u2013 product guide<\/a><\/h2>\n<h2 class=\"font-bold text-sm md:text-lg\"><a class=\"underline underline-offset-2 decoration-transparent transition duration-300 ease-linear hover:decoration-black\" href=\"https:\/\/www.danthermgroup.com\/uk\/downloads\/dantherm-ad-9-serie-user-manual\" target=\"_blank\" rel=\"nofollow noindex noopener\">Dantherm AD 9 series user manual<\/a><\/h2>\n<\/div>\n<\/div>\n<\/div>\n<\/div>\n<\/div>\n","protected":false},"excerpt":{"rendered":"<p>Dantherm AD 995 \u2013 kondensasiya n\u0259ml\u0259ndiricisi<br \/>\nKondensasiya n\u0259ml\u0259ndiricil\u0259ri<\/p>\n<p>AD 995, \u0259n m\u00fcasir performans x\u00fcsusiyy\u0259tl\u0259rini f\u0259rdil\u0259\u015fdiril\u0259 bil\u0259n v\u0259 ekoloji c\u0259h\u0259td\u0259n t\u0259miz h\u0259ll\u0259ri birl\u0259\u015fdir\u0259n kondensasiya n\u0259minin t\u0259mizl\u0259nm\u0259si texnologiyas\u0131nda yenilik\u00e7idir. \u0130stifad\u0259\u00e7inin rahatl\u0131\u011f\u0131na diqq\u0259t yetir\u0259r\u0259k, o, Dantherm Group-un Simplify uzaqdan izl\u0259m\u0259 sistemi il\u0259 simsiz \u0259laq\u0259 yaratma\u011fa imkan ver\u0259n istifad\u0259\u00e7i dostu CC 6 idar\u0259etm\u0259 paneli il\u0259 birlikd\u0259 standartla\u015fd\u0131r\u0131lm\u0131\u015f v\u0259 s\u00fcbut edilmi\u015f dizayna malikdir. Uzun\u00f6m\u00fcrl\u00fcl\u00fck \u00fc\u00e7\u00fcn haz\u0131rlanm\u0131\u015f AD 9 seriyas\u0131 texniki xidm\u0259ti asanla\u015fd\u0131r\u0131r v\u0259 m\u00fcxt\u0259lif pe\u015f\u0259kar qurutma t\u0259tbiql\u0259rind\u0259 problemsiz i\u015fl\u0259m\u0259yi t\u0259min edir.<\/p>\n<p>Dig\u0259r s\u0259naye kondensasiya n\u0259ml\u0259ndiricil\u0259rin\u0259 bax\u0131n v\u0259 ya \u00e7oxlu t\u0259tbiql\u0259r \u00fc\u00e7\u00fcn uy\u011fun olan tam n\u0259ml\u0259ndiricil\u0259rimiz\u0259 bax\u0131n.<\/p>\n<p>\u018fsas x\u00fcsusiyy\u0259tl\u0259r<br \/>\nSimplify uzaqdan monitorinq h\u0259lli il\u0259 uy\u011fun g\u0259l\u0259n CC 6 idar\u0259etm\u0259 bloku<br \/>\nOEM versiyalar\u0131 t\u0259l\u0259b \u00fczr\u0259 m\u00f6vcuddur (minimum miqdar sifari\u015fi 50)<br \/>\nDantherm Group-un m\u0259hsul portfelind\u0259n standartla\u015fd\u0131r\u0131lm\u0131\u015f komponentl\u0259rin istifad\u0259si ehtiyat hiss\u0259l\u0259rin\u0259 s\u00fcr\u0259tli \u00e7\u0131x\u0131\u015f\u0131 t\u0259min edir<br \/>\nAksesuarlar \u00fc\u00e7\u00fcn inteqrasiya olunmu\u015f interfeys (\u015feh n\u00f6qt\u0259si d\u0259sti v\u0259 xarici higrostat)<br \/>\nAvtomatik nasos d\u0259stinin a\u015fkarlanmas\u0131<br \/>\nStandart olaraq su nasosu qura\u015fd\u0131r\u0131l\u0131b<br \/>\nMID t\u0259r\u0259find\u0259n t\u0259sdiql\u0259nmi\u015f kVt-saat say\u011fac v\u0259 standart olaraq s\u0131f\u0131rlana bilm\u0259y\u0259n saat say\u011fac\u0131<br \/>\n2 pill\u0259li ventilyator<br \/>\n\u0130nteqrasiya edilmi\u015f Gec\u0259 rejimi i\u015f\u011fal olunmu\u015f yerl\u0259rd\u0259 daha sakit i\u015fl\u0259m\u0259yi t\u0259min edir<br \/>\nR454C soyuducu, toksik olmayan v\u0259 al\u0131\u015fmayan, \u00e7ox a\u015fa\u011f\u0131 GWP (Qlobal \u0130stil\u0259\u015fm\u0259 Potensial\u0131)<br \/>\nB\u00f6y\u00fck t\u0259k\u0259rl\u0259r<br \/>\nTeleskopik tutacaq<br \/>\nBax\u0131m v\u0259 xidm\u0259t bax\u0131m\u0131ndan \u0259lveri\u015flidir<\/p>\n<p>Dantherm AD 9 kondensasiya n\u0259ml\u0259ndirici seriyas\u0131: Uzun\u00f6m\u00fcrl\u00fcl\u00fck, s\u0259m\u0259r\u0259lilik v\u0259 s\u0259ysiz texniki xidm\u0259t<\/p>\n<p>AD 9 kondensasiya n\u0259ml\u0259ndiricil\u0259ri uzun\u00f6m\u00fcrl\u00fcl\u00fck v\u0259 y\u00fcks\u0259k s\u0259m\u0259r\u0259lilik n\u0259z\u0259r\u0259 al\u0131nmaqla dizayn edilmi\u015fdir. \u00d6n\/\u00fcst \u00f6rt\u00fcy\u00fc \u00e7\u0131xarmaqla \u0259ld\u0259 edil\u0259n \u0259sas komponentl\u0259r\u0259 asan giri\u015f, asan t\u0259mizl\u0259m\u0259 v\u0259 texniki qulluq. Bundan \u0259lav\u0259, b\u00fct\u00fcn komponentl\u0259r z\u0259d\u0259l\u0259ndikd\u0259 asanl\u0131qla d\u0259yi\u015fdiril\u0259 bil\u0259r, bu da \u0259ng\u0259lsiz i\u015fl\u0259m\u0259yi t\u0259min edir.<\/p>\n<p>CC 6 idar\u0259etm\u0259 paneli<br \/>\nB\u00fct\u00fcn AD 9 qur\u011fular\u0131 standart olaraq Dantherm Group-un Sad\u0259l\u0259\u015fdirici uzaqdan monitorinq h\u0259lli il\u0259 simsiz \u0259laq\u0259 \u00fc\u00e7\u00fcn haz\u0131rlanm\u0131\u015f CC 6 idar\u0259etm\u0259 paneli il\u0259 g\u0259lir.<\/p>\n<p>X\u00fcsusiyy\u0259tl\u0259r:<\/p>\n<p>\u00c7iy n\u00f6qt\u0259si sensorunu qo\u015f v\u0259 i\u015fl\u0259t<br \/>\nPlug and play xarici yand\u0131rma\/s\u00f6nd\u00fcrm\u0259 ba\u011flant\u0131s\u0131 (xarici higrostat il\u0259)<br \/>\nSD kart vasit\u0259sil\u0259 proqram t\u0259minat\u0131n\u0131n yenil\u0259nm\u0259si<br \/>\nTam qrafik ekran, t\u0259rc\u00fcm\u0259 t\u0259l\u0259b olunmur<br \/>\nSad\u0259 3 d\u00fcym\u0259li \u0259m\u0259liyyat<br \/>\nOtaq \u015f\u0259raitinin r\u0259ng kodlu status g\u00f6st\u0259ricisi &#8211; q\u0131rm\u0131z\u0131, k\u0259hr\u0259ba, ya\u015f\u0131l<\/p>\n","protected":false},"featured_media":22042,"template":"","meta":[],"product_brand":[],"product_cat":[809,861,885],"product_tag":[],"class_list":{"0":"post-23265","1":"product","2":"type-product","3":"status-publish","4":"has-post-thumbnail","6":"product_cat-hava-nmlndiricisi-kondisioner-az-ventilyasiya-ventilyator","7":"product_cat-nmlndiricilr-nmlndirici-hava","8":"product_cat-nmlndirici-qurutma-nmlndiricilr-az","10":"first","11":"instock","12":"shipping-taxable","13":"product-type-simple"},"_links":{"self":[{"href":"https:\/\/airsystems.ge\/shop\/az\/wp-json\/wp\/v2\/product\/23265","targetHints":{"allow":["GET"]}}],"collection":[{"href":"https:\/\/airsystems.ge\/shop\/az\/wp-json\/wp\/v2\/product"}],"about":[{"href":"https:\/\/airsystems.ge\/shop\/az\/wp-json\/wp\/v2\/types\/product"}],"wp:featuredmedia":[{"embeddable":true,"href":"https:\/\/airsystems.ge\/shop\/az\/wp-json\/wp\/v2\/media\/22042"}],"wp:attachment":[{"href":"https:\/\/airsystems.ge\/shop\/az\/wp-json\/wp\/v2\/media?parent=23265"}],"wp:term":[{"taxonomy":"product_brand","embeddable":true,"href":"https:\/\/airsystems.ge\/shop\/az\/wp-json\/wp\/v2\/product_brand?post=23265"},{"taxonomy":"product_cat","embeddable":true,"href":"https:\/\/airsystems.ge\/shop\/az\/wp-json\/wp\/v2\/product_cat?post=23265"},{"taxonomy":"product_tag","embeddable":true,"href":"https:\/\/airsystems.ge\/shop\/az\/wp-json\/wp\/v2\/product_tag?post=23265"}],"curies":[{"name":"wp","href":"https:\/\/api.w.org\/{rel}","templated":true}]}}