{"id":23238,"date":"2025-01-19T23:17:59","date_gmt":"2025-01-19T19:17:59","guid":{"rendered":"https:\/\/airsystems.ge\/shop\/product\/calorex-v-pac-12-16-22-inverter-swimming-pool-heat-pumps-top-outlet-swimming-pool-heat-pumps\/"},"modified":"2025-04-08T18:49:43","modified_gmt":"2025-04-08T14:49:43","slug":"calorex-v-pac-12-16-22-inverter-swimming-pool-heat-pumps-top-outlet-swimming-pool-heat-pumps","status":"publish","type":"product","link":"https:\/\/airsystems.ge\/shop\/az\/product\/calorex-v-pac-12-16-22-inverter-swimming-pool-heat-pumps-top-outlet-swimming-pool-heat-pumps\/","title":{"rendered":"Calorex V-PAC 12-16-22 \u2013 inverter \u00fczg\u00fc\u00e7\u00fcl\u00fck hovuzu istilik nasoslar\u0131 \u00dcst \u00e7\u0131x\u0131\u015f hovuzu istilik nasoslar\u0131"},"content":{"rendered":"<div class=\"md:text-center\">\n<h3 class=\"text-black font-bold text-lg md:text-xl lg:text-2xl\"><strong>Product specifications<\/strong><\/h3>\n<\/div>\n<div class=\"mt-6 md:mt-10\">\n<div class=\"lg:flex flex-wrap\">\n<div class=\"lg:mr-10 relative z-[1]\">\n<ul class=\"hidden lg:block\">\n<li>\n<h4 class=\"font-bold\">Select model:<\/h4>\n<\/li>\n<li class=\"mt-2\">V-PAC\u00a012ALX<\/li>\n<li class=\"mt-2\">V-PAC\u00a016ALX<\/li>\n<li class=\"mt-2\">V-PAC\u00a022ALX<\/li>\n<\/ul>\n<div data-mount=\"ProductSpecs\"><\/div>\n<\/div>\n<div class=\"lg:mt-0 md:mt-6 lg:flex-1\">\n<div id=\"spec-v-pac-22alx\" class=\"prose max-w-full md:overflow-auto\" data-spec-content=\"\">\n<div class=\"spreadsheet-container hidden md:block\">\n<table class=\"w-full table-fixed mb-0\">\n<thead>\n<tr>\n<th class=\"font-bold text-base\"><span class=\"block px-4\">Specifications<\/span><\/th>\n<th class=\"font-bold text-base text-center\"><span class=\"block px-10 md:px-20\">Units<\/span><\/th>\n<th class=\"font-bold text-base text-center will-change\"><span class=\"block px-4\">V-PAC\u00a022ALX<\/span><\/th>\n<\/tr>\n<\/thead>\n<tbody>\n<tr class=\"bg-grey-200\/50 p-2\">\n<td colspan=\"1\"><span class=\"block px-4\">Air temperature range<\/span><\/td>\n<td class=\"text-center\">\n<div class=\"px-10 md:px-20 flex items-center justify-center\">\u00b0C<\/div>\n<\/td>\n<td class=\"text-center will-change\">\n<div class=\"px-10 md:px-20 flex items-center justify-center\">-5-43<\/div>\n<\/td>\n<\/tr>\n<tr class=\" p-2\">\n<td colspan=\"1\"><span class=\"block px-4\">Water temperature range<\/span><\/td>\n<td class=\"text-center\">\n<div class=\"px-10 md:px-20 flex items-center justify-center\">\u00b0C<\/div>\n<\/td>\n<td class=\"text-center will-change\">\n<div class=\"px-10 md:px-20 flex items-center justify-center\">8-40<\/div>\n<\/td>\n<\/tr>\n<tr class=\"bg-grey-200\/50 p-2\">\n<td colspan=\"3\"><span class=\"block px-4\"><span class=\"font-bold\">Performance \u2013 air 27\u00b0C 80% RH, water 27\u00b0C<\/span><\/span><\/td>\n<\/tr>\n<tr class=\" p-2\">\n<td colspan=\"1\"><span class=\"block px-4\">Heating capacity<\/span><\/td>\n<td class=\"text-center\">\n<div class=\"px-10 md:px-20 flex items-center justify-center\">kW<\/div>\n<\/td>\n<td class=\"text-center will-change\">\n<div class=\"px-10 md:px-20 flex items-center justify-center\">24.4<\/div>\n<\/td>\n<\/tr>\n<tr class=\"bg-grey-200\/50 p-2\">\n<td colspan=\"1\"><span class=\"block px-4\">COP range<\/span><\/td>\n<td class=\"text-center\">\n<div class=\"px-10 md:px-20 flex items-center justify-center\"><\/div>\n<\/td>\n<td class=\"text-center will-change\">\n<div class=\"px-10 md:px-20 flex items-center justify-center\">13.5-5.14<\/div>\n<\/td>\n<\/tr>\n<tr class=\" p-2\">\n<td colspan=\"1\"><span class=\"block px-4\">Average COP at 50% speed<\/span><\/td>\n<td class=\"text-center\">\n<div class=\"px-10 md:px-20 flex items-center justify-center\"><\/div>\n<\/td>\n<td class=\"text-center will-change\">\n<div class=\"px-10 md:px-20 flex items-center justify-center\">8.8<\/div>\n<\/td>\n<\/tr>\n<tr class=\"bg-grey-200\/50 p-2\">\n<td colspan=\"3\"><span class=\"block px-4\"><span class=\"font-bold\">Performance \u2013 air 15\u00b0C 70% RH, water 26\u00b0C<\/span><\/span><\/td>\n<\/tr>\n<tr class=\" p-2\">\n<td colspan=\"1\"><span class=\"block px-4\">Heating capacity<\/span><\/td>\n<td class=\"text-center\">\n<div class=\"px-10 md:px-20 flex items-center justify-center\">kW<\/div>\n<\/td>\n<td class=\"text-center will-change\">\n<div class=\"px-10 md:px-20 flex items-center justify-center\">17.8<\/div>\n<\/td>\n<\/tr>\n<tr class=\"bg-grey-200\/50 p-2\">\n<td colspan=\"1\"><span class=\"block px-4\">COP range<\/span><\/td>\n<td class=\"text-center\">\n<div class=\"px-10 md:px-20 flex items-center justify-center\"><\/div>\n<\/td>\n<td class=\"text-center will-change\">\n<div class=\"px-10 md:px-20 flex items-center justify-center\">6.2-4.14<\/div>\n<\/td>\n<\/tr>\n<tr class=\" p-2\">\n<td colspan=\"1\"><span class=\"block px-4\">Average COP at 50% speed<\/span><\/td>\n<td class=\"text-center\">\n<div class=\"px-10 md:px-20 flex items-center justify-center\"><\/div>\n<\/td>\n<td class=\"text-center will-change\">\n<div class=\"px-10 md:px-20 flex items-center justify-center\">4.7<\/div>\n<\/td>\n<\/tr>\n<tr class=\"bg-grey-200\/50 p-2\">\n<td colspan=\"3\"><span class=\"block px-4\"><span class=\"font-bold\">Performance \u2013 air 5\u00b0C 70% RH, water 10\u00b0C<\/span><\/span><\/td>\n<\/tr>\n<tr class=\" p-2\">\n<td colspan=\"1\"><span class=\"block px-4\">Heating capacity<\/span><\/td>\n<td class=\"text-center\">\n<div class=\"px-10 md:px-20 flex items-center justify-center\">kW<\/div>\n<\/td>\n<td class=\"text-center will-change\">\n<div class=\"px-10 md:px-20 flex items-center justify-center\">13.9<\/div>\n<\/td>\n<\/tr>\n<tr class=\"bg-grey-200\/50 p-2\">\n<td colspan=\"3\"><span class=\"block px-4\"><span class=\"font-bold\">Performance \u2013 air 35\u00b0C 80% RH, water 28\u00b0C<\/span><\/span><\/td>\n<\/tr>\n<tr class=\" p-2\">\n<td colspan=\"1\"><span class=\"block px-4\">Cooling capacity<\/span><\/td>\n<td class=\"text-center\">\n<div class=\"px-10 md:px-20 flex items-center justify-center\">kW<\/div>\n<\/td>\n<td class=\"text-center will-change\">\n<div class=\"px-10 md:px-20 flex items-center justify-center\">10.9<\/div>\n<\/td>\n<\/tr>\n<tr class=\"bg-grey-200\/50 p-2\">\n<td colspan=\"1\"><span class=\"block px-4\">Power supply<\/span><\/td>\n<td class=\"text-center\">\n<div class=\"px-10 md:px-20 flex items-center justify-center\">V\/Hz<\/div>\n<\/td>\n<td class=\"text-center will-change\">\n<div class=\"px-10 md:px-20 flex items-center justify-center\">230\/1ph\/50<\/div>\n<\/td>\n<\/tr>\n<tr class=\" p-2\">\n<td colspan=\"1\"><span class=\"block px-4\">Rated input power<\/span><\/td>\n<td class=\"text-center\">\n<div class=\"px-10 md:px-20 flex items-center justify-center\">kW<\/div>\n<\/td>\n<td class=\"text-center will-change\">\n<div class=\"px-10 md:px-20 flex items-center justify-center\">0.75-4.75<\/div>\n<\/td>\n<\/tr>\n<tr class=\"bg-grey-200\/50 p-2\">\n<td colspan=\"1\"><span class=\"block px-4\">Maximum input current<\/span><\/td>\n<td class=\"text-center\">\n<div class=\"px-10 md:px-20 flex items-center justify-center\">A<\/div>\n<\/td>\n<td class=\"text-center will-change\">\n<div class=\"px-10 md:px-20 flex items-center justify-center\">24.5<\/div>\n<\/td>\n<\/tr>\n<tr class=\" p-2\">\n<td colspan=\"1\"><span class=\"block px-4\">Water flow<\/span><\/td>\n<td class=\"text-center\">\n<div class=\"px-10 md:px-20 flex items-center justify-center\">m\u00b3\/h<\/div>\n<\/td>\n<td class=\"text-center will-change\">\n<div class=\"px-10 md:px-20 flex items-center justify-center\">9.0<\/div>\n<\/td>\n<\/tr>\n<tr class=\"bg-grey-200\/50 p-2\">\n<td colspan=\"1\"><span class=\"block px-4\">Water connection<\/span><\/td>\n<td class=\"text-center\">\n<div class=\"px-10 md:px-20 flex items-center justify-center\">&#8220;\/mm<\/div>\n<\/td>\n<td class=\"text-center will-change\">\n<div class=\"px-10 md:px-20 flex items-center justify-center\">1\u00bd\/50<\/div>\n<\/td>\n<\/tr>\n<tr class=\" p-2\">\n<td colspan=\"1\"><span class=\"block px-4\">Compressor<\/span><\/td>\n<td class=\"text-center\">\n<div class=\"px-10 md:px-20 flex items-center justify-center\"><\/div>\n<\/td>\n<td class=\"text-center will-change\">\n<div class=\"px-10 md:px-20 flex items-center justify-center\">Inverter<\/div>\n<\/td>\n<\/tr>\n<tr class=\"bg-grey-200\/50 p-2\">\n<td colspan=\"1\"><span class=\"block px-4\">Condenser<\/span><\/td>\n<td class=\"text-center\">\n<div class=\"px-10 md:px-20 flex items-center justify-center\"><\/div>\n<\/td>\n<td class=\"text-center will-change\">\n<div class=\"px-10 md:px-20 flex items-center justify-center\">Titanium<\/div>\n<\/td>\n<\/tr>\n<tr class=\" p-2\">\n<td colspan=\"1\"><span class=\"block px-4\">R32 gas weight\/CO<sub>2<\/sub>\u00a0equivalent<\/span><\/td>\n<td class=\"text-center\">\n<div class=\"px-10 md:px-20 flex items-center justify-center\">kg\/t<\/div>\n<\/td>\n<td class=\"text-center will-change\">\n<div class=\"px-10 md:px-20 flex items-center justify-center\">1.7\/1.15<\/div>\n<\/td>\n<\/tr>\n<tr class=\"bg-grey-200\/50 p-2\">\n<td colspan=\"1\"><span class=\"block px-4\">Sound level @ 10m<\/span><\/td>\n<td class=\"text-center\">\n<div class=\"px-10 md:px-20 flex items-center justify-center\">dB(A)<\/div>\n<\/td>\n<td class=\"text-center will-change\">\n<div class=\"px-10 md:px-20 flex items-center justify-center\">&lt;30<\/div>\n<\/td>\n<\/tr>\n<tr class=\" p-2\">\n<td colspan=\"1\"><span class=\"block px-4\">Product size (w x d x h)<\/span><\/td>\n<td class=\"text-center\">\n<div class=\"px-10 md:px-20 flex items-center justify-center\">mm<\/div>\n<\/td>\n<td class=\"text-center will-change\">\n<div class=\"px-10 md:px-20 flex items-center justify-center\">745 x 752 x 967<\/div>\n<\/td>\n<\/tr>\n<tr class=\"bg-grey-200\/50 p-2\">\n<td colspan=\"1\"><span class=\"block px-4\">Weight<\/span><\/td>\n<td class=\"text-center\">\n<div class=\"px-10 md:px-20 flex items-center justify-center\">kg<\/div>\n<\/td>\n<td class=\"text-center will-change\">\n<div class=\"px-10 md:px-20 flex items-center justify-center\">95<\/div>\n<\/td>\n<\/tr>\n<tr class=\" p-2\">\n<td colspan=\"1\"><span class=\"block px-4\">Included in the box<\/span><\/td>\n<td class=\"text-center\">\n<div class=\"px-10 md:px-20 flex items-center justify-center\"><\/div>\n<\/td>\n<td class=\"text-center will-change\">\n<div class=\"px-10 md:px-20 flex items-center justify-center\">Rubber feet, drainage pipe, water union<\/div>\n<\/td>\n<\/tr>\n<\/tbody>\n<\/table>\n<\/div>\n<\/div>\n<\/div>\n<\/div>\n<\/div>\n","protected":false},"excerpt":{"rendered":"<p>Calorex V-PAC 12-16-22 \u2013 Hovuz \u00fc\u00e7\u00fcn inverter istilik nasoslar\u0131<br \/>\n\u00dcst \u00e7\u0131x\u0131\u015f hovuz istilik nasoslar\u0131<\/p>\n<p>\u0130nverter texnologiyas\u0131 hovuzun istiliyin\u0259 s\u0259m\u0259r\u0259li n\u0259zar\u0259t etm\u0259y\u0259 imkan verir v\u0259 V-PAC yaln\u0131z laz\u0131m olduqda enerjini istifad\u0259 edir. Orta \u00c7NL &gt;8,7 olan modulyasiya ed\u0259n pill\u0259siz \u00e7evirici kompressor il\u0259 y\u00fcks\u0259k s\u0259m\u0259r\u0259lilik.<\/p>\n<p>Bu g\u00fcn \u00fczg\u00fc\u00e7\u00fcl\u00fck hovuzu istilik nasoslar\u0131 \u00e7e\u015fidimiz\u0259 bax\u0131n v\u0259 ist\u0259nil\u0259n miqyasda b\u00fct\u00fcn m\u0259i\u015f\u0259t v\u0259 kommersiya m\u0259qs\u0259dl\u0259ri \u00fc\u00e7\u00fcn uy\u011fun olan b\u00f6y\u00fck hovuz istilik nasoslar\u0131 v\u0259 ki\u00e7ik hovuz istilik nasoslar\u0131n\u0131 tap\u0131n.<\/p>\n<p>\u018fsas x\u00fcsusiyy\u0259tl\u0259r<br \/>\nOrta \u00c7NL &gt;8,7 = yand\u0131rma\/s\u00f6nd\u00fcrm\u0259 istilik nasoslar\u0131ndan 2 d\u0259f\u0259 daha s\u0259m\u0259r\u0259lidir<br \/>\nEkoloji c\u0259h\u0259td\u0259n t\u0259miz soyuducu R32 = 675 GWP, (Qlobal \u0130stil\u0259\u015fm\u0259 Potensial\u0131)<br \/>\n\u0130nverter istilik nasosu<br \/>\n14 il\u0259 24 kVt aras\u0131nda g\u00fcc g\u00f6st\u0259ricil\u0259ri<br \/>\n&#8220;P\u0131\u00e7\u0131lt\u0131 rejimi&#8221; il\u0259 ekvivalent yand\u0131rma\/s\u00f6nd\u00fcrm\u0259 istilik nasosu il\u0259 m\u00fcqayis\u0259d\u0259 9-11 dB(A) s\u0259sin azald\u0131lmas\u0131<br \/>\nM\u0259hdud m\u0259kanlar \u00fc\u00e7\u00fcn ideald\u0131r<br \/>\n-5\u00b0C-d\u0259n +43\u00b0C-d\u0259k hava temperaturunda i\u015fl\u0259yir<br \/>\nSensorlu istifad\u0259\u00e7i interfeysi il\u0259 inteqrasiya olunmu\u015f n\u0259zar\u0259t\u00e7i<br \/>\n\u0130stilik, soyutma v\u0259 ya istilik\/soyutma \u00fc\u00e7\u00fcn funksiya parametrl\u0259ri<br \/>\nYum\u015faq ba\u015flan\u011f\u0131c<br \/>\nABS \u015fkaf\u0131<\/p>\n<p>Yeni soyuducu qaz<br \/>\nA\u015fa\u011f\u0131 GWP var (675)<br \/>\nS\u0131f\u0131r ozon da\u011f\u0131d\u0131c\u0131 potensial (ODP)<br \/>\nF-qaz faza a\u015fa\u011f\u0131ya uy\u011fundur<br \/>\nH\u0259r kVt \u00fc\u00e7\u00fcn daha az soyuducu h\u0259cmi t\u0259l\u0259b olunur<br \/>\nYenid\u0259n istifad\u0259 etm\u0259k v\u0259 t\u0259krar emal etm\u0259k daha asand\u0131r<\/p>\n","protected":false},"featured_media":22062,"template":"","meta":[],"product_brand":[],"product_cat":[809,1173],"product_tag":[],"class_list":{"0":"post-23238","1":"product","2":"type-product","3":"status-publish","4":"has-post-thumbnail","6":"product_cat-hava-nmlndiricisi-kondisioner-az-ventilyasiya-ventilyator","7":"product_cat-swimming-pool-heat-pumps-az-2","9":"first","10":"instock","11":"shipping-taxable","12":"product-type-simple"},"_links":{"self":[{"href":"https:\/\/airsystems.ge\/shop\/az\/wp-json\/wp\/v2\/product\/23238","targetHints":{"allow":["GET"]}}],"collection":[{"href":"https:\/\/airsystems.ge\/shop\/az\/wp-json\/wp\/v2\/product"}],"about":[{"href":"https:\/\/airsystems.ge\/shop\/az\/wp-json\/wp\/v2\/types\/product"}],"wp:featuredmedia":[{"embeddable":true,"href":"https:\/\/airsystems.ge\/shop\/az\/wp-json\/wp\/v2\/media\/22062"}],"wp:attachment":[{"href":"https:\/\/airsystems.ge\/shop\/az\/wp-json\/wp\/v2\/media?parent=23238"}],"wp:term":[{"taxonomy":"product_brand","embeddable":true,"href":"https:\/\/airsystems.ge\/shop\/az\/wp-json\/wp\/v2\/product_brand?post=23238"},{"taxonomy":"product_cat","embeddable":true,"href":"https:\/\/airsystems.ge\/shop\/az\/wp-json\/wp\/v2\/product_cat?post=23238"},{"taxonomy":"product_tag","embeddable":true,"href":"https:\/\/airsystems.ge\/shop\/az\/wp-json\/wp\/v2\/product_tag?post=23238"}],"curies":[{"name":"wp","href":"https:\/\/api.w.org\/{rel}","templated":true}]}}