{"id":23207,"date":"2025-01-18T23:08:17","date_gmt":"2025-01-18T19:08:17","guid":{"rendered":"https:\/\/airsystems.ge\/shop\/product\/condensate-pump-external\/"},"modified":"2025-02-20T21:28:04","modified_gmt":"2025-02-20T17:28:04","slug":"condensate-pump-external","status":"publish","type":"product","link":"https:\/\/airsystems.ge\/shop\/az\/product\/condensate-pump-external\/","title":{"rendered":"Xarici kondensat nasosu"},"content":{"rendered":"<p>Xarici kondensat nasosu<\/p>\n<p>M\u0259hsul t\u0259sviri<br \/>\nA\u015fa\u011f\u0131dak\u0131 ECO v\u0259 TTK-S kommersiya seriyal\u0131 Trotec n\u0259ml\u0259ndiricil\u0259ri \u00fc\u00e7\u00fcn kondensat nasosu:<\/p>\n<p>TTK 75 ECO<br \/>\nTTK 165 ECO<br \/>\nTTK 166 ECO<br \/>\nTTK 170 ECO<br \/>\nTTK 171 ECO<br \/>\nTTK 380 ECO<br \/>\nTTK 570 ECO<\/p>\n","protected":false},"excerpt":{"rendered":"<h2><a href=\"https:\/\/uk.trotec.com\/fileadmin\/downloads\/Entfeuchtung\/Zubehoer\/Kondensatpumpenkit_Extern\/TRT-Kondensatpumpe-TTK-Extern-HS-005-DE.pdf\" target=\"_blank\" rel=\"noopener\">Operating manual External condensate pump kit (DE)<\/a><\/h2>\n","protected":false},"featured_media":21954,"template":"","meta":[],"product_brand":[],"product_cat":[837,817],"product_tag":[],"class_list":{"0":"post-23207","1":"product","2":"type-product","3":"status-publish","4":"has-post-thumbnail","6":"product_cat-dehumidifiers-trotec-az","7":"product_cat-trotec-az","9":"first","10":"instock","11":"sale","12":"shipping-taxable","13":"purchasable","14":"product-type-simple"},"_links":{"self":[{"href":"https:\/\/airsystems.ge\/shop\/az\/wp-json\/wp\/v2\/product\/23207","targetHints":{"allow":["GET"]}}],"collection":[{"href":"https:\/\/airsystems.ge\/shop\/az\/wp-json\/wp\/v2\/product"}],"about":[{"href":"https:\/\/airsystems.ge\/shop\/az\/wp-json\/wp\/v2\/types\/product"}],"wp:featuredmedia":[{"embeddable":true,"href":"https:\/\/airsystems.ge\/shop\/az\/wp-json\/wp\/v2\/media\/21954"}],"wp:attachment":[{"href":"https:\/\/airsystems.ge\/shop\/az\/wp-json\/wp\/v2\/media?parent=23207"}],"wp:term":[{"taxonomy":"product_brand","embeddable":true,"href":"https:\/\/airsystems.ge\/shop\/az\/wp-json\/wp\/v2\/product_brand?post=23207"},{"taxonomy":"product_cat","embeddable":true,"href":"https:\/\/airsystems.ge\/shop\/az\/wp-json\/wp\/v2\/product_cat?post=23207"},{"taxonomy":"product_tag","embeddable":true,"href":"https:\/\/airsystems.ge\/shop\/az\/wp-json\/wp\/v2\/product_tag?post=23207"}],"curies":[{"name":"wp","href":"https:\/\/api.w.org\/{rel}","templated":true}]}}