{"id":23165,"date":"2025-02-08T15:43:49","date_gmt":"2025-02-08T11:43:49","guid":{"rendered":"https:\/\/airsystems.ge\/shop\/product\/polyurethane-roll\/"},"modified":"2025-02-20T11:40:20","modified_gmt":"2025-02-20T07:40:20","slug":"polyurethane-roll","status":"publish","type":"product","link":"https:\/\/airsystems.ge\/shop\/az\/product\/polyurethane-roll\/","title":{"rendered":"Poliuretan rulon"},"content":{"rendered":"<table class=\"shop_attributes\">\n<thead>\n<tr>\n<th>Product Code<\/th>\n<th colspan=\"2\">Classification<\/th>\n<th>Thickness<\/th>\n<th>Dimensions<\/th>\n<th>Efficiency<\/th>\n<th>Working Temperature<\/th>\n<th>Flow Rate<\/th>\n<th>Intitial Pressure Drop<\/th>\n<th>Final Pressure Drop<\/th>\n<th>Dust Holding Capacity<\/th>\n<\/tr>\n<tr>\n<th><\/th>\n<th>ISO 16890<\/th>\n<th>En779<\/th>\n<th>mm<\/th>\n<th>m<\/th>\n<th>%<\/th>\n<th>\u00ba C<\/th>\n<th>m\u00b3\/h<\/th>\n<th>Pa<\/th>\n<th>Pa<\/th>\n<th>g<\/th>\n<\/tr>\n<\/thead>\n<tbody>\n<tr>\n<td>MGPOL-20\/6<\/td>\n<td>Coarse 30%<\/td>\n<td>G2<\/td>\n<td>6<\/td>\n<td>1.57&#215;2<\/td>\n<td>75<\/td>\n<td>80<\/td>\n<td>5400<\/td>\n<td>5<\/td>\n<td>250<\/td>\n<td>110<\/td>\n<\/tr>\n<tr>\n<td>MGPOL-20\/10<\/td>\n<td>Coarse 50%<\/td>\n<td>G3<\/td>\n<td>10<\/td>\n<td>1.57&#215;2<\/td>\n<td>77<\/td>\n<td>80<\/td>\n<td>5400<\/td>\n<td>10<\/td>\n<td>250<\/td>\n<td>220<\/td>\n<\/tr>\n<tr>\n<td>MGPOL-20\/20<\/td>\n<td>Coarse 50%<\/td>\n<td>G3<\/td>\n<td>20<\/td>\n<td>1.57&#215;2<\/td>\n<td>78<\/td>\n<td>80<\/td>\n<td>5400<\/td>\n<td>15<\/td>\n<td>250<\/td>\n<td>300<\/td>\n<\/tr>\n<tr>\n<td>MGPOL-45\/10<\/td>\n<td>Coarse 50%<\/td>\n<td>G3<\/td>\n<td>10<\/td>\n<td>1.57&#215;2<\/td>\n<td>80<\/td>\n<td>80<\/td>\n<td>5400<\/td>\n<td>20<\/td>\n<td>250<\/td>\n<td>300<\/td>\n<\/tr>\n<\/tbody>\n<\/table>\n","protected":false},"excerpt":{"rendered":"<p>Poliuretan rulon<\/p>\n<p>Yuyula bil\u0259r, n\u0259mli m\u00fchit\u0259 uy\u011fundur<br \/>\nHavaland\u0131rma v\u0259 s\u0259naye kondisioner qur\u011fular\u0131.<br \/>\nOrta y\u00fcks\u0259k qranulometriya il\u0259 hiss\u0259cikl\u0259rin \u0259vv\u0259lc\u0259d\u0259n s\u00fcz\u00fclm\u0259si v\u0259 ayr\u0131lmas\u0131.<\/p>\n<p>F\u0130LTRE S\u0130NF\u0130: ISO Kobud 40%, \u0130SO Kobud 50%<br \/>\nMED\u0130A: Poliuretan k\u00f6p\u00fck<br \/>\nT\u018fTB\u0130Q: HVAC \u00fc\u00e7\u00fcn \u00f6n filtr<br \/>\nAlova DAVAMLILIQ: F1 &#8211; DIN.53438<br \/>\nMAX \u0130\u015eL\u018fM\u018f TEMPERATURASI: 90 \u00bac<\/p>\n<p>Yuyula bil\u0259n, davaml\u0131 Media<br \/>\nAsanl\u0131qla i\u015fl\u0259nir<br \/>\nEffektiv \u00dcst\u00fcn toz tutma qabiliyy\u0259ti<\/p>\n","protected":false},"featured_media":22697,"template":"","meta":[],"product_brand":[],"product_cat":[814],"product_tag":[],"class_list":{"0":"post-23165","1":"product","2":"type-product","3":"status-publish","4":"has-post-thumbnail","6":"product_cat-hava-filtrlri","8":"first","9":"instock","10":"shipping-taxable","11":"product-type-simple"},"_links":{"self":[{"href":"https:\/\/airsystems.ge\/shop\/az\/wp-json\/wp\/v2\/product\/23165","targetHints":{"allow":["GET"]}}],"collection":[{"href":"https:\/\/airsystems.ge\/shop\/az\/wp-json\/wp\/v2\/product"}],"about":[{"href":"https:\/\/airsystems.ge\/shop\/az\/wp-json\/wp\/v2\/types\/product"}],"wp:featuredmedia":[{"embeddable":true,"href":"https:\/\/airsystems.ge\/shop\/az\/wp-json\/wp\/v2\/media\/22697"}],"wp:attachment":[{"href":"https:\/\/airsystems.ge\/shop\/az\/wp-json\/wp\/v2\/media?parent=23165"}],"wp:term":[{"taxonomy":"product_brand","embeddable":true,"href":"https:\/\/airsystems.ge\/shop\/az\/wp-json\/wp\/v2\/product_brand?post=23165"},{"taxonomy":"product_cat","embeddable":true,"href":"https:\/\/airsystems.ge\/shop\/az\/wp-json\/wp\/v2\/product_cat?post=23165"},{"taxonomy":"product_tag","embeddable":true,"href":"https:\/\/airsystems.ge\/shop\/az\/wp-json\/wp\/v2\/product_tag?post=23165"}],"curies":[{"name":"wp","href":"https:\/\/api.w.org\/{rel}","templated":true}]}}