{"id":23163,"date":"2025-02-08T15:48:27","date_gmt":"2025-02-08T11:48:27","guid":{"rendered":"https:\/\/airsystems.ge\/shop\/product\/glass-fiber-roll\/"},"modified":"2025-02-20T11:38:46","modified_gmt":"2025-02-20T07:38:46","slug":"glass-fiber-roll","status":"publish","type":"product","link":"https:\/\/airsystems.ge\/shop\/az\/product\/glass-fiber-roll\/","title":{"rendered":"\u015e\u00fc\u015f\u0259 lif rulon"},"content":{"rendered":"<table class=\"shop_attributes\">\n<thead>\n<tr>\n<th>Product Code<\/th>\n<th colspan=\"2\">Classification<\/th>\n<th>Thickness<\/th>\n<th>Dimension<\/th>\n<th>Flow Rate<\/th>\n<th>Initial Pressure Drop<\/th>\n<th>Final Pressure<\/th>\n<\/tr>\n<tr>\n<th><\/th>\n<th>\u0131so 16890<\/th>\n<th>EN 779<\/th>\n<th>mm<\/th>\n<th>m<\/th>\n<th>m3\/h<\/th>\n<th>Pa<\/th>\n<th>Pa<\/th>\n<\/tr>\n<\/thead>\n<tbody>\n<tr>\n<td>MGGR-2-2000&#215;10<\/td>\n<td>ISO Coarse 40%<\/td>\n<td>G2<\/td>\n<td>25<\/td>\n<td>1&#215;20<\/td>\n<td>5000<\/td>\n<td>25<\/td>\n<td>250<\/td>\n<\/tr>\n<tr>\n<td>MGGR-3-2000&#215;10<\/td>\n<td>ISO Coarse 50%<\/td>\n<td>G3<\/td>\n<td>50<\/td>\n<td>1&#215;20<\/td>\n<td>5000<\/td>\n<td>35<\/td>\n<td>250<\/td>\n<\/tr>\n<\/tbody>\n<\/table>\n","protected":false},"excerpt":{"rendered":"<p>\u015e\u00fc\u015f\u0259 lif rulon<\/p>\n<p>F\u0130LTRE S\u0130NF\u0130: ISO Kobud 40%, \u0130SO Kobud 50%<br \/>\nMED\u0130A: \u015e\u00fc\u015f\u0259 lifi<br \/>\nT\u018fTB\u0130Q: Boyama kabin\u0259l\u0259ri<br \/>\nMAX \u0130\u015eL\u018fM\u018f TEMPERATURASI: 120 \u00bac<\/p>\n<p>Yanmayan Davaml\u0131 Media<br \/>\nAsanl\u0131qla i\u015fl\u0259nir<br \/>\nEffektiv \u00dcst\u00fcn toz tutma qabiliyy\u0259ti<\/p>\n","protected":false},"featured_media":22699,"template":"","meta":[],"product_brand":[],"product_cat":[814],"product_tag":[],"class_list":{"0":"post-23163","1":"product","2":"type-product","3":"status-publish","4":"has-post-thumbnail","6":"product_cat-hava-filtrlri","8":"first","9":"instock","10":"shipping-taxable","11":"product-type-simple"},"_links":{"self":[{"href":"https:\/\/airsystems.ge\/shop\/az\/wp-json\/wp\/v2\/product\/23163","targetHints":{"allow":["GET"]}}],"collection":[{"href":"https:\/\/airsystems.ge\/shop\/az\/wp-json\/wp\/v2\/product"}],"about":[{"href":"https:\/\/airsystems.ge\/shop\/az\/wp-json\/wp\/v2\/types\/product"}],"wp:featuredmedia":[{"embeddable":true,"href":"https:\/\/airsystems.ge\/shop\/az\/wp-json\/wp\/v2\/media\/22699"}],"wp:attachment":[{"href":"https:\/\/airsystems.ge\/shop\/az\/wp-json\/wp\/v2\/media?parent=23163"}],"wp:term":[{"taxonomy":"product_brand","embeddable":true,"href":"https:\/\/airsystems.ge\/shop\/az\/wp-json\/wp\/v2\/product_brand?post=23163"},{"taxonomy":"product_cat","embeddable":true,"href":"https:\/\/airsystems.ge\/shop\/az\/wp-json\/wp\/v2\/product_cat?post=23163"},{"taxonomy":"product_tag","embeddable":true,"href":"https:\/\/airsystems.ge\/shop\/az\/wp-json\/wp\/v2\/product_tag?post=23163"}],"curies":[{"name":"wp","href":"https:\/\/api.w.org\/{rel}","templated":true}]}}