{"id":23154,"date":"2025-02-08T16:07:31","date_gmt":"2025-02-08T12:07:31","guid":{"rendered":"https:\/\/airsystems.ge\/shop\/product\/pleated-panel-filter\/"},"modified":"2025-02-20T11:33:44","modified_gmt":"2025-02-20T07:33:44","slug":"pleated-panel-filter","status":"publish","type":"product","link":"https:\/\/airsystems.ge\/shop\/az\/product\/pleated-panel-filter\/","title":{"rendered":"Qatl\u0131 panel filtri"},"content":{"rendered":"<table class=\"shop_attributes\" style=\"height: 884px;\" width=\"696\">\n<thead>\n<tr>\n<th>Product Code<\/th>\n<th colspan=\"2\">Class<\/th>\n<th>Dimensions (WxHxD)<\/th>\n<th>Air flow<\/th>\n<th>Filter surface<\/th>\n<th>Initial Pressure Drop<\/th>\n<th>Max. Final Pressure Drop<\/th>\n<th>Weight<\/th>\n<\/tr>\n<tr>\n<th><\/th>\n<th>En779<\/th>\n<th>ISO 16890<\/th>\n<th>mm<\/th>\n<th>m\u00b3\/h<\/th>\n<th>m2<\/th>\n<th>Pa<\/th>\n<th>Pa<\/th>\n<th>Kg<\/th>\n<\/tr>\n<\/thead>\n<tbody>\n<tr>\n<td>MGC-G4-287x287x48<\/td>\n<td>G4<\/td>\n<td>Coarse 70%<\/td>\n<td>287x287x48<\/td>\n<td>850<\/td>\n<td>0.15<\/td>\n<td>60<\/td>\n<td>450<\/td>\n<td>0.8<\/td>\n<\/tr>\n<tr>\n<td>MGC-G4-400x500x48<\/td>\n<td>G4<\/td>\n<td>Coarse 70%<\/td>\n<td>400x500x48<\/td>\n<td>1.950<\/td>\n<td>0.34<\/td>\n<td>60<\/td>\n<td>450<\/td>\n<td>1.1<\/td>\n<\/tr>\n<tr>\n<td>MGC-G4-500x500x48<\/td>\n<td>G4<\/td>\n<td>Coarse 70%<\/td>\n<td>500x500x48<\/td>\n<td>2.450<\/td>\n<td>0.42<\/td>\n<td>60<\/td>\n<td>450<\/td>\n<td>1.3<\/td>\n<\/tr>\n<tr>\n<td>MGC-G4-500x625x48<\/td>\n<td>G4<\/td>\n<td>Coarse 70%<\/td>\n<td>500x625x48<\/td>\n<td>3.000<\/td>\n<td>0.53<\/td>\n<td>60<\/td>\n<td>450<\/td>\n<td>1.5<\/td>\n<\/tr>\n<tr>\n<td>MGC-G4-287x592x48<\/td>\n<td>G4<\/td>\n<td>Coarse 70%<\/td>\n<td>287x592x48<\/td>\n<td>1.700<\/td>\n<td>0.3<\/td>\n<td>60<\/td>\n<td>450<\/td>\n<td>1.1<\/td>\n<\/tr>\n<tr>\n<td>MGC-G4-490x592x48<\/td>\n<td>G4<\/td>\n<td>Coarse 70%<\/td>\n<td>490x592x48<\/td>\n<td>2.820<\/td>\n<td>0.49<\/td>\n<td>60<\/td>\n<td>450<\/td>\n<td>1.4<\/td>\n<\/tr>\n<tr>\n<td>MGC-G4-592x592x48<\/td>\n<td>G4<\/td>\n<td>Coarse 70%<\/td>\n<td>592x592x48<\/td>\n<td>3.400<\/td>\n<td>0.6<\/td>\n<td>60<\/td>\n<td>450<\/td>\n<td>1.6<\/td>\n<\/tr>\n<tr>\n<td>MGC-G4-287x287x95<\/td>\n<td>G4<\/td>\n<td>Coarse 70%<\/td>\n<td>287x287x95<\/td>\n<td>1.000<\/td>\n<td>0.2<\/td>\n<td>55<\/td>\n<td>450<\/td>\n<td>1.1<\/td>\n<\/tr>\n<tr>\n<td>MGC-G4-400x500x95<\/td>\n<td>G4<\/td>\n<td>Coarse 70%<\/td>\n<td>400x500x95<\/td>\n<td>2.400<\/td>\n<td>0.48<\/td>\n<td>55<\/td>\n<td>450<\/td>\n<td>1.8<\/td>\n<\/tr>\n<tr>\n<td>MGC-G4-500x500x95<\/td>\n<td>G4<\/td>\n<td>Coarse 70%<\/td>\n<td>500x500x95<\/td>\n<td>3.000<\/td>\n<td>0.6<\/td>\n<td>55<\/td>\n<td>450<\/td>\n<td>2.1<\/td>\n<\/tr>\n<tr>\n<td>MGC-G4-500x625x95<\/td>\n<td>G4<\/td>\n<td>Coarse 70%<\/td>\n<td>500x625x95<\/td>\n<td>3.600<\/td>\n<td>0.75<\/td>\n<td>55<\/td>\n<td>450<\/td>\n<td>2.25<\/td>\n<\/tr>\n<tr>\n<td>MGC-G4-287x592x95<\/td>\n<td>G4<\/td>\n<td>Coarse 70%<\/td>\n<td>287x592x95<\/td>\n<td>2.100<\/td>\n<td>0.4<\/td>\n<td>55<\/td>\n<td>450<\/td>\n<td>1.7<\/td>\n<\/tr>\n<tr>\n<td>MGC-G4-490x592x95<\/td>\n<td>G4<\/td>\n<td>Coarse 70%<\/td>\n<td>490x592x95<\/td>\n<td>3.500<\/td>\n<td>0.7<\/td>\n<td>55<\/td>\n<td>450<\/td>\n<td>2.1<\/td>\n<\/tr>\n<tr>\n<td>MGC-G4-592x592x95<\/td>\n<td>G4<\/td>\n<td>Coarse 70%<\/td>\n<td>592x592x95<\/td>\n<td>4.250<\/td>\n<td>0.85<\/td>\n<td>55<\/td>\n<td>450<\/td>\n<td>2.5<\/td>\n<\/tr>\n<\/tbody>\n<\/table>\n","protected":false},"excerpt":{"rendered":"<p>Z-Line Filtrl\u0259ri kondisioner sisteml\u0259rini inc\u0259 v\u0259 qaba toz hiss\u0259cikl\u0259rind\u0259n qorumaq \u00fc\u00e7\u00fcn \u0259vv\u0259lc\u0259d\u0259n v\u0259 ya \u0259sas filtr kimi istifad\u0259 olunur. Bunlar divar v\u0259 kanal qura\u015fd\u0131r\u0131lmas\u0131 \u00fc\u00e7\u00fcn uy\u011fundur. Q\u0131vr\u0131mlar\u0131n d\u0259rinliyin\u0259 g\u00f6r\u0259 effektiv filtr s\u0259thi sah\u0259si; bu \u015f\u0259kild\u0259 filtr biz\u0259 a\u015fa\u011f\u0131 hava m\u00fcqavim\u0259tind\u0259 y\u00fcks\u0259k toz tutma qabiliyy\u0259ti verir.<\/p>\n<p>F\u0130LTRE S\u0130NF\u0130: ISO Qaba 40%<br \/>\nMED\u0130A: Polyester<br \/>\n\u00c7\u0259r\u00e7iv\u0259 N\u00f6v\u00fc: Sinkl\u0259nmi\u015f, Al\u00fcminium, Paslanmayan polad<br \/>\nT\u018fTB\u0130Q: HVAC \u00fc\u00e7\u00fcn \u00f6n filtr<br \/>\nMAX \u0130\u015eL\u018fM\u018f TEMPERATURASI: 75 \u00bac<\/p>\n<p>Sad\u0259 v\u0259 y\u00fcng\u00fcl \u00e7\u0259ki<br \/>\nH\u0259r iki t\u0259r\u0259fd\u0259n grid<br \/>\nD\u0259yi\u015f\u0259n sintetik media<br \/>\n\u0130st\u0259nil\u0259n \u00f6l\u00e7\u00fcd\u0259 m\u00fcxt\u0259lif \u00e7\u0259r\u00e7iv\u0259 \u00f6l\u00e7\u00fcl\u0259ri<br \/>\nUzun t\u0259mir intervallar\u0131<br \/>\nAsan qura\u015fd\u0131rma<br \/>\nY\u00fcks\u0259k toz tutma qabiliyy\u0259ti<\/p>\n","protected":false},"featured_media":22705,"template":"","meta":[],"product_brand":[],"product_cat":[814],"product_tag":[],"class_list":{"0":"post-23154","1":"product","2":"type-product","3":"status-publish","4":"has-post-thumbnail","6":"product_cat-hava-filtrlri","8":"first","9":"instock","10":"shipping-taxable","11":"product-type-simple"},"_links":{"self":[{"href":"https:\/\/airsystems.ge\/shop\/az\/wp-json\/wp\/v2\/product\/23154","targetHints":{"allow":["GET"]}}],"collection":[{"href":"https:\/\/airsystems.ge\/shop\/az\/wp-json\/wp\/v2\/product"}],"about":[{"href":"https:\/\/airsystems.ge\/shop\/az\/wp-json\/wp\/v2\/types\/product"}],"wp:featuredmedia":[{"embeddable":true,"href":"https:\/\/airsystems.ge\/shop\/az\/wp-json\/wp\/v2\/media\/22705"}],"wp:attachment":[{"href":"https:\/\/airsystems.ge\/shop\/az\/wp-json\/wp\/v2\/media?parent=23154"}],"wp:term":[{"taxonomy":"product_brand","embeddable":true,"href":"https:\/\/airsystems.ge\/shop\/az\/wp-json\/wp\/v2\/product_brand?post=23154"},{"taxonomy":"product_cat","embeddable":true,"href":"https:\/\/airsystems.ge\/shop\/az\/wp-json\/wp\/v2\/product_cat?post=23154"},{"taxonomy":"product_tag","embeddable":true,"href":"https:\/\/airsystems.ge\/shop\/az\/wp-json\/wp\/v2\/product_tag?post=23154"}],"curies":[{"name":"wp","href":"https:\/\/api.w.org\/{rel}","templated":true}]}}