{"id":23152,"date":"2025-02-08T16:16:05","date_gmt":"2025-02-08T12:16:05","guid":{"rendered":"https:\/\/airsystems.ge\/shop\/product\/polyurethane-panel-filter\/"},"modified":"2025-02-20T11:31:55","modified_gmt":"2025-02-20T07:31:55","slug":"polyurethane-panel-filter","status":"publish","type":"product","link":"https:\/\/airsystems.ge\/shop\/az\/product\/polyurethane-panel-filter\/","title":{"rendered":"Poliuretan panel filtri"},"content":{"rendered":"<table class=\"shop_attributes\">\n<thead>\n<tr>\n<th>Product Code<\/th>\n<th colspan=\"2\">Class<\/th>\n<th>Dimensions (WxHxD)<\/th>\n<th>Air flow<\/th>\n<th>Filter surface<\/th>\n<th>Initial Pressure Drop<\/th>\n<th>Max. Final Pressure Drop<\/th>\n<th>Weight<\/th>\n<\/tr>\n<tr>\n<th><\/th>\n<th>En779<\/th>\n<th>ISO 16890<\/th>\n<th>mm<\/th>\n<th>m\u00b3\/h<\/th>\n<th>m2<\/th>\n<th>Pa<\/th>\n<th>Pa<\/th>\n<th>Kg<\/th>\n<\/tr>\n<\/thead>\n<tbody>\n<tr>\n<td>MGC-G2POL-592x592x20<\/td>\n<td>G2<\/td>\n<td>Coarse 40%<\/td>\n<td>592x592x20<\/td>\n<td>3.200<\/td>\n<td>0.35<\/td>\n<td>60<\/td>\n<td>450<\/td>\n<td>1.2<\/td>\n<\/tr>\n<tr>\n<td>MGC-G2POL-490x592x20<\/td>\n<td>G2<\/td>\n<td>Coarse 40%<\/td>\n<td>490x592x20<\/td>\n<td>2.650<\/td>\n<td>0.26<\/td>\n<td>60<\/td>\n<td>450<\/td>\n<td>0.9<\/td>\n<\/tr>\n<tr>\n<td>MGC-G2POL-287x592x20<\/td>\n<td>G2<\/td>\n<td>Coarse 40%<\/td>\n<td>287x592x20<\/td>\n<td>1.600<\/td>\n<td>0.17<\/td>\n<td>60<\/td>\n<td>450<\/td>\n<td>0.6<\/td>\n<\/tr>\n<tr>\n<td>MGC-G2POL-287x287x20<\/td>\n<td>G2<\/td>\n<td>Coarse 40%<\/td>\n<td>287x287x20<\/td>\n<td>800<\/td>\n<td>0.08<\/td>\n<td>60<\/td>\n<td>450<\/td>\n<td>0.3<\/td>\n<\/tr>\n<tr>\n<td>MGC-G2POL-592x592x48<\/td>\n<td>G3<\/td>\n<td>Coarse 50%<\/td>\n<td>592x592x48<\/td>\n<td>3.200<\/td>\n<td>0.6<\/td>\n<td>40<\/td>\n<td>450<\/td>\n<td>1.7<\/td>\n<\/tr>\n<tr>\n<td>MGC-G2POL-490x592x48<\/td>\n<td>G3<\/td>\n<td>Coarse 50%<\/td>\n<td>490x592x48<\/td>\n<td>2.650<\/td>\n<td>0.49<\/td>\n<td>40<\/td>\n<td>450<\/td>\n<td>1.3<\/td>\n<\/tr>\n<tr>\n<td>MGC-G2POL-287x592x48<\/td>\n<td>G3<\/td>\n<td>Coarse 50%<\/td>\n<td>287x592x48<\/td>\n<td>1.600<\/td>\n<td>0.30<\/td>\n<td>40<\/td>\n<td>450<\/td>\n<td>0.8<\/td>\n<\/tr>\n<tr>\n<td>MGC-G2POL-287x287x48<\/td>\n<td>G3<\/td>\n<td>Coarse 50%<\/td>\n<td>287x287x48<\/td>\n<td>800<\/td>\n<td>0.15<\/td>\n<td>40<\/td>\n<td>450<\/td>\n<td>0.4<\/td>\n<\/tr>\n<\/tbody>\n<\/table>\n","protected":false},"excerpt":{"rendered":"<p>X\u00fcsusil\u0259 aqressiv atmosferi olan m\u00fchitl\u0259rd\u0259 hava filtrasiyas\u0131. Ya\u011f v\u0259 par\u0131ldamaya qar\u015f\u0131 filtrasiya, ya\u011f dumanlar\u0131n\u0131n ayr\u0131lmas\u0131.<\/p>\n<p>F\u0130LTRE S\u0130NF\u0130: ISO Kobud 40%, \u0130SO Kobud 50%<br \/>\nMED\u0130A: Poliuretan<br \/>\n\u00c7\u0259r\u00e7iv\u0259 N\u00f6v\u00fc: Sinkl\u0259nmi\u015f Polad<br \/>\nT\u018fTB\u0130Q: HVAC \u00fc\u00e7\u00fcn \u00f6n filtr<br \/>\nMAX \u0130\u015eL\u018fM\u018f TEMPERATURASI: 75 \u00bac<\/p>\n<p>A\u00e7\u0131q h\u00fcceyr\u0259li poliuretan filtr m\u00fchiti<br \/>\nYuyula bil\u0259n<br \/>\nPortativ ki\u00e7ik h\u0259cm<br \/>\n\u0130st\u0259nil\u0259n \u00f6l\u00e7\u00fcd\u0259 m\u00fcxt\u0259lif \u00e7\u0259r\u00e7iv\u0259 \u00f6l\u00e7\u00fcl\u0259ri<br \/>\nH\u0259r iki t\u0259r\u0259fd\u0259n tor<br \/>\n\u0130st\u0259nil\u0259n \u00f6l\u00e7\u00fcd\u0259 m\u00fcxt\u0259lif \u00e7\u0259r\u00e7iv\u0259 d\u0259rinlikl\u0259ri<\/p>\n","protected":false},"featured_media":22707,"template":"","meta":[],"product_brand":[],"product_cat":[814],"product_tag":[],"class_list":{"0":"post-23152","1":"product","2":"type-product","3":"status-publish","4":"has-post-thumbnail","6":"product_cat-hava-filtrlri","8":"first","9":"instock","10":"shipping-taxable","11":"product-type-simple"},"_links":{"self":[{"href":"https:\/\/airsystems.ge\/shop\/az\/wp-json\/wp\/v2\/product\/23152","targetHints":{"allow":["GET"]}}],"collection":[{"href":"https:\/\/airsystems.ge\/shop\/az\/wp-json\/wp\/v2\/product"}],"about":[{"href":"https:\/\/airsystems.ge\/shop\/az\/wp-json\/wp\/v2\/types\/product"}],"wp:featuredmedia":[{"embeddable":true,"href":"https:\/\/airsystems.ge\/shop\/az\/wp-json\/wp\/v2\/media\/22707"}],"wp:attachment":[{"href":"https:\/\/airsystems.ge\/shop\/az\/wp-json\/wp\/v2\/media?parent=23152"}],"wp:term":[{"taxonomy":"product_brand","embeddable":true,"href":"https:\/\/airsystems.ge\/shop\/az\/wp-json\/wp\/v2\/product_brand?post=23152"},{"taxonomy":"product_cat","embeddable":true,"href":"https:\/\/airsystems.ge\/shop\/az\/wp-json\/wp\/v2\/product_cat?post=23152"},{"taxonomy":"product_tag","embeddable":true,"href":"https:\/\/airsystems.ge\/shop\/az\/wp-json\/wp\/v2\/product_tag?post=23152"}],"curies":[{"name":"wp","href":"https:\/\/api.w.org\/{rel}","templated":true}]}}