{"id":23145,"date":"2025-02-08T16:37:28","date_gmt":"2025-02-08T12:37:28","guid":{"rendered":"https:\/\/airsystems.ge\/shop\/product\/f7-bag-filter\/"},"modified":"2025-02-20T11:27:17","modified_gmt":"2025-02-20T07:27:17","slug":"f7-bag-filter","status":"publish","type":"product","link":"https:\/\/airsystems.ge\/shop\/az\/product\/f7-bag-filter\/","title":{"rendered":"F7 \u00c7anta filtri"},"content":{"rendered":"<table class=\"shop_attributes\">\n<thead>\n<tr>\n<th>Product Code<\/th>\n<th colspan=\"2\">Class<\/th>\n<th>Dimensions (WxHxD)<\/th>\n<th>Bags<\/th>\n<th>Air flow<\/th>\n<th>Filter surface<\/th>\n<th>Pressure<\/th>\n<th>Max. Final Pressure Drop<\/th>\n<th>Weight<\/th>\n<\/tr>\n<tr>\n<th><\/th>\n<th>En779<\/th>\n<th>ISO 16890<\/th>\n<th>mm<\/th>\n<th>Adet<\/th>\n<th>m\u00b3\/h<\/th>\n<th>m2<\/th>\n<th>Pa<\/th>\n<th>Pa<\/th>\n<th>Kg<\/th>\n<\/tr>\n<\/thead>\n<tbody>\n<tr>\n<td>MGB-F7\/4-287x592x360<\/td>\n<td>F7<\/td>\n<td>ePM1 60%<\/td>\n<td>287x592x360<\/td>\n<td>4<\/td>\n<td>1700<\/td>\n<td>1.3<\/td>\n<td>75<\/td>\n<td>450<\/td>\n<td>1.1<\/td>\n<\/tr>\n<tr>\n<td>MGB-F7\/6-490x592x360<\/td>\n<td>F7<\/td>\n<td>ePM1 60%<\/td>\n<td>490x592x360<\/td>\n<td>6<\/td>\n<td>2800<\/td>\n<td>2.2<\/td>\n<td>75<\/td>\n<td>450<\/td>\n<td>1.5<\/td>\n<\/tr>\n<tr>\n<td>MGB-F7\/8-592x592x360<\/td>\n<td>F7<\/td>\n<td>ePM1 60%<\/td>\n<td>592x592x360<\/td>\n<td>8<\/td>\n<td>3400<\/td>\n<td>2.6<\/td>\n<td>75<\/td>\n<td>450<\/td>\n<td>2<\/td>\n<\/tr>\n<tr>\n<td>MGB-F7\/4-287x592x535<\/td>\n<td>F7<\/td>\n<td>ePM1 60%<\/td>\n<td>287x592x535<\/td>\n<td>4<\/td>\n<td>1700<\/td>\n<td>2.8<\/td>\n<td>60<\/td>\n<td>450<\/td>\n<td>1.2<\/td>\n<\/tr>\n<tr>\n<td>MGB-F7\/6-490x592x535<\/td>\n<td>F7<\/td>\n<td>ePM1 60%<\/td>\n<td>490x592x535<\/td>\n<td>6<\/td>\n<td>2800<\/td>\n<td>4.4<\/td>\n<td>60<\/td>\n<td>450<\/td>\n<td>1.8<\/td>\n<\/tr>\n<tr>\n<td>MGB-F7\/8-592x592x535<\/td>\n<td>F7<\/td>\n<td>ePM1 60%<\/td>\n<td>592x592x535<\/td>\n<td>8<\/td>\n<td>3400<\/td>\n<td>5.8<\/td>\n<td>60<\/td>\n<td>450<\/td>\n<td>2.4<\/td>\n<\/tr>\n<tr>\n<td>MGB-F7\/4-287x592x635<\/td>\n<td>F7<\/td>\n<td>ePM1 60%<\/td>\n<td>287x592x635<\/td>\n<td>4<\/td>\n<td>1700<\/td>\n<td>3.4<\/td>\n<td>55<\/td>\n<td>450<\/td>\n<td>1.2<\/td>\n<\/tr>\n<tr>\n<td>MGB-F7\/6-490x592x635<\/td>\n<td>F7<\/td>\n<td>ePM1 60%<\/td>\n<td>490x592x635<\/td>\n<td>6<\/td>\n<td>2800<\/td>\n<td>5.1<\/td>\n<td>55<\/td>\n<td>450<\/td>\n<td>1.9<\/td>\n<\/tr>\n<tr>\n<td>MGB-F7\/8-592x592x635<\/td>\n<td>F7<\/td>\n<td>ePM1 60%<\/td>\n<td>592x592x635<\/td>\n<td>8<\/td>\n<td>3400<\/td>\n<td>7.2<\/td>\n<td>55<\/td>\n<td>450<\/td>\n<td>2.6<\/td>\n<\/tr>\n<\/tbody>\n<\/table>\n","protected":false},"excerpt":{"rendered":"<p>Birinci m\u0259rh\u0259l\u0259d\u0259 filtrasiyadan sonra inc\u0259 v\u0259 y\u00fcks\u0259k effektiv filtrl\u0259r kimi \u00fc\u00e7 qat y\u00fcks\u0259k keyfiyy\u0259tli sintetik m\u00fchitd\u0259n haz\u0131rlanm\u0131\u015fd\u0131r. Termo qaynaql\u0131 \u00e7antalar m\u00fck\u0259mm\u0259l s\u0131zd\u0131rmazl\u0131\u011fa v\u0259 davaml\u0131l\u0131\u011fa z\u0259man\u0259t verir. Filtr m\u00fchiti a\u015fa\u011f\u0131 t\u0259zyiq d\u00fc\u015fm\u0259sind\u0259 y\u00fcks\u0259k hava ax\u0131n\u0131 \u0259ld\u0259 etm\u0259k \u00fc\u00e7\u00fcn bir s\u0131ra m\u00f6h\u00fcrl\u0259nmi\u015f torbalardan ibar\u0259tdir. \u00c7\u0259r\u00e7iv\u0259 sinkl\u0259nmi\u015f metaldan haz\u0131rlana bil\u0259r. Filtr Effektivlik Sinfi: M5 (EU5) &#8211; M6 (EU6) &#8211; F7 (EU7) &#8211; F8 (EU) &#8211; F9 (EU9)<\/p>\n<p>F\u0130LTRE S\u0130NF\u0130: ePM1 60%<br \/>\nMED\u0130A: Sinetik<br \/>\n\u00c7\u0259r\u00e7iv\u0259 N\u00f6v\u00fc: Sinkl\u0259nmi\u015f Polad, Plastik<br \/>\nT\u018fTB\u0130Q: HVAC \u00fc\u00e7\u00fcn \u00f6n filtr<br \/>\nMAX \u0130\u015e TEMPERATURASI: 75\u00bac<\/p>\n<p>Sad\u0259 v\u0259 y\u00fcng\u00fcl \u00e7\u0259ki<br \/>\nSintetik \u00e7antalar<br \/>\nA\u015fa\u011f\u0131 t\u0259zyiq d\u00fc\u015fm\u0259si<br \/>\nUzun xidm\u0259t m\u00fcdd\u0259ti<br \/>\nPortativ ki\u00e7ik h\u0259cm<br \/>\nAsan keyfiyy\u0259tli filtrasiya<br \/>\nGeni\u015f t\u0259tbiq sah\u0259si<\/p>\n","protected":false},"featured_media":22713,"template":"","meta":[],"product_brand":[],"product_cat":[814],"product_tag":[],"class_list":{"0":"post-23145","1":"product","2":"type-product","3":"status-publish","4":"has-post-thumbnail","6":"product_cat-hava-filtrlri","8":"first","9":"instock","10":"shipping-taxable","11":"product-type-simple"},"_links":{"self":[{"href":"https:\/\/airsystems.ge\/shop\/az\/wp-json\/wp\/v2\/product\/23145","targetHints":{"allow":["GET"]}}],"collection":[{"href":"https:\/\/airsystems.ge\/shop\/az\/wp-json\/wp\/v2\/product"}],"about":[{"href":"https:\/\/airsystems.ge\/shop\/az\/wp-json\/wp\/v2\/types\/product"}],"wp:featuredmedia":[{"embeddable":true,"href":"https:\/\/airsystems.ge\/shop\/az\/wp-json\/wp\/v2\/media\/22713"}],"wp:attachment":[{"href":"https:\/\/airsystems.ge\/shop\/az\/wp-json\/wp\/v2\/media?parent=23145"}],"wp:term":[{"taxonomy":"product_brand","embeddable":true,"href":"https:\/\/airsystems.ge\/shop\/az\/wp-json\/wp\/v2\/product_brand?post=23145"},{"taxonomy":"product_cat","embeddable":true,"href":"https:\/\/airsystems.ge\/shop\/az\/wp-json\/wp\/v2\/product_cat?post=23145"},{"taxonomy":"product_tag","embeddable":true,"href":"https:\/\/airsystems.ge\/shop\/az\/wp-json\/wp\/v2\/product_tag?post=23145"}],"curies":[{"name":"wp","href":"https:\/\/api.w.org\/{rel}","templated":true}]}}