{"id":23122,"date":"2025-02-08T17:46:12","date_gmt":"2025-02-08T13:46:12","guid":{"rendered":"https:\/\/airsystems.ge\/shop\/product\/gel-sealant-laminar-flow-hepa-filter-80-104mm\/"},"modified":"2025-02-20T11:08:50","modified_gmt":"2025-02-20T07:08:50","slug":"gel-sealant-laminar-flow-hepa-filter-80-104mm","status":"publish","type":"product","link":"https:\/\/airsystems.ge\/shop\/az\/product\/gel-sealant-laminar-flow-hepa-filter-80-104mm\/","title":{"rendered":"Gel mastik laminar ax\u0131n HEPA filtri &#8211; 80\/104MM"},"content":{"rendered":"<div class=\"col-lg-9 content-area\">\n<div class=\"ttm-single-product-details product\">\n<div class=\"ttm-tabs tabs-for-single-products\" data-effect=\"fadeIn\">\n<div class=\"content-tab ttm-bgcolor-white\">\n<div class=\"content-inner active\">\n<table class=\"shop_attributes\">\n<thead>\n<tr>\n<th>Product Code<\/th>\n<th>Classification<\/th>\n<th>Dimensions (WxHxD)<\/th>\n<th>Flow Rate<\/th>\n<th>Filter surface<\/th>\n<th>\u0130nitial Pressure Drop<\/th>\n<th>Max. Final Pressure Drop<\/th>\n<th>Efficiency@ MPPS<\/th>\n<th>Efficiency @0,3 \u00b5 DOP<\/th>\n<th>Weight<\/th>\n<\/tr>\n<tr>\n<th><\/th>\n<th>En1822<\/th>\n<th>mm<\/th>\n<th>m\u00b3\/h<\/th>\n<th>m2<\/th>\n<th>Pa<\/th>\n<th>Pa<\/th>\n<th>%<\/th>\n<th>%<\/th>\n<th>Kg<\/th>\n<\/tr>\n<\/thead>\n<tbody>\n<tr>\n<td>MGH-13J-305x305x80<\/td>\n<td>H13<\/td>\n<td>305x305x80<\/td>\n<td>150<\/td>\n<td>2.25<\/td>\n<td>100<\/td>\n<td>600<\/td>\n<td>99.95<\/td>\n<td>99.75<\/td>\n<td>2.7<\/td>\n<\/tr>\n<tr>\n<td>MGH-13J-305x610x80<\/td>\n<td>H13<\/td>\n<td>305x610x80<\/td>\n<td>300<\/td>\n<td>4.5<\/td>\n<td>100<\/td>\n<td>600<\/td>\n<td>99.95<\/td>\n<td>99.75<\/td>\n<td>4.3<\/td>\n<\/tr>\n<tr>\n<td>MGH-13J-457x457x80<\/td>\n<td>H13<\/td>\n<td>457x457x80<\/td>\n<td>340<\/td>\n<td>5.1<\/td>\n<td>100<\/td>\n<td>600<\/td>\n<td>99.95<\/td>\n<td>99.75<\/td>\n<td>3.6<\/td>\n<\/tr>\n<tr>\n<td>MGH-13J-610x610x80<\/td>\n<td>H13<\/td>\n<td>610x610x80<\/td>\n<td>600<\/td>\n<td>9<\/td>\n<td>100<\/td>\n<td>600<\/td>\n<td>99.95<\/td>\n<td>99.75<\/td>\n<td>7.7<\/td>\n<\/tr>\n<tr>\n<td>MGH-13J-610x762x80<\/td>\n<td>H13<\/td>\n<td>610x762x80<\/td>\n<td>750<\/td>\n<td>11.3<\/td>\n<td>100<\/td>\n<td>600<\/td>\n<td>99.95<\/td>\n<td>99.75<\/td>\n<td>9.5<\/td>\n<\/tr>\n<tr>\n<td>MGH-13J-610x915x80<\/td>\n<td>H13<\/td>\n<td>610x915x80<\/td>\n<td>900<\/td>\n<td>13.5<\/td>\n<td>100<\/td>\n<td>600<\/td>\n<td>99.95<\/td>\n<td>99.75<\/td>\n<td>10.4<\/td>\n<\/tr>\n<tr>\n<td>MGH-13J-610x1220x80<\/td>\n<td>H13<\/td>\n<td>610x1220x80<\/td>\n<td>1200<\/td>\n<td>18<\/td>\n<td>100<\/td>\n<td>600<\/td>\n<td>99.95<\/td>\n<td>99.75<\/td>\n<td>12.2<\/td>\n<\/tr>\n<tr>\n<td>MGH-14J-305x305x80<\/td>\n<td>H14<\/td>\n<td>305x305x80<\/td>\n<td>150<\/td>\n<td>2.25<\/td>\n<td>125<\/td>\n<td>600<\/td>\n<td>99.995<\/td>\n<td>99.975<\/td>\n<td>2.7<\/td>\n<\/tr>\n<tr>\n<td>MGH-14J-305x610x80<\/td>\n<td>H14<\/td>\n<td>305x610x80<\/td>\n<td>300<\/td>\n<td>4.5<\/td>\n<td>125<\/td>\n<td>600<\/td>\n<td>99.995<\/td>\n<td>99.975<\/td>\n<td>4.3<\/td>\n<\/tr>\n<tr>\n<td>MGH-14J-457x457x80<\/td>\n<td>H14<\/td>\n<td>457x457x80<\/td>\n<td>340<\/td>\n<td>5.1<\/td>\n<td>125<\/td>\n<td>600<\/td>\n<td>99.995<\/td>\n<td>99.975<\/td>\n<td>3.6<\/td>\n<\/tr>\n<tr>\n<td>MGH-14J-610x610x80<\/td>\n<td>H14<\/td>\n<td>610x610x80<\/td>\n<td>600<\/td>\n<td>9<\/td>\n<td>125<\/td>\n<td>600<\/td>\n<td>99.995<\/td>\n<td>99.975<\/td>\n<td>7.7<\/td>\n<\/tr>\n<tr>\n<td>MGH-14J-610x762x80<\/td>\n<td>H14<\/td>\n<td>610x762x80<\/td>\n<td>750<\/td>\n<td>11.3<\/td>\n<td>125<\/td>\n<td>600<\/td>\n<td>99.995<\/td>\n<td>99.975<\/td>\n<td>9.5<\/td>\n<\/tr>\n<tr>\n<td>MGH-14J-610x915x80<\/td>\n<td>H14<\/td>\n<td>610x915x80<\/td>\n<td>900<\/td>\n<td>13.5<\/td>\n<td>125<\/td>\n<td>600<\/td>\n<td>99.995<\/td>\n<td>99.975<\/td>\n<td>10.4<\/td>\n<\/tr>\n<tr>\n<td>MGH-14J-610x1220x80<\/td>\n<td>H14<\/td>\n<td>610x1220x80<\/td>\n<td>1200<\/td>\n<td>18<\/td>\n<td>125<\/td>\n<td>600<\/td>\n<td>99.995<\/td>\n<td>99.975<\/td>\n<td>12.2<\/td>\n<\/tr>\n<tr>\n<td>MGH-15J-305x305x80<\/td>\n<td>H14<\/td>\n<td>305x305x80<\/td>\n<td>150<\/td>\n<td>2.25<\/td>\n<td>140<\/td>\n<td>600<\/td>\n<td>99.9995<\/td>\n<td>99.975<\/td>\n<td>2.7<\/td>\n<\/tr>\n<tr>\n<td>MGH-15J-30x610x80<\/td>\n<td>U15<\/td>\n<td>305x610x80<\/td>\n<td>300<\/td>\n<td>4.5<\/td>\n<td>140<\/td>\n<td>600<\/td>\n<td>99.9995<\/td>\n<td>99.9975<\/td>\n<td>4.3<\/td>\n<\/tr>\n<tr>\n<td>MGH-15J-457x457x80<\/td>\n<td>U15<\/td>\n<td>457x457x80<\/td>\n<td>340<\/td>\n<td>5.1<\/td>\n<td>140<\/td>\n<td>600<\/td>\n<td>99.9995<\/td>\n<td>99.9975<\/td>\n<td>3.6<\/td>\n<\/tr>\n<tr>\n<td>MGH-15J-610x762x80<\/td>\n<td>U15<\/td>\n<td>610x762x80<\/td>\n<td>750<\/td>\n<td>11.3<\/td>\n<td>140<\/td>\n<td>600<\/td>\n<td>99.9995<\/td>\n<td>99.9975<\/td>\n<td>9.5<\/td>\n<\/tr>\n<tr>\n<td>MGH-15J-610x915x80<\/td>\n<td>U15<\/td>\n<td>610x915x80<\/td>\n<td>900<\/td>\n<td>13.5<\/td>\n<td>140<\/td>\n<td>600<\/td>\n<td>99.9995<\/td>\n<td>99.9975<\/td>\n<td>10.4<\/td>\n<\/tr>\n<tr>\n<td>MGH-15J-610x1220x80<\/td>\n<td>U15<\/td>\n<td>610x1220x80<\/td>\n<td>1200<\/td>\n<td>18<\/td>\n<td>140<\/td>\n<td>600<\/td>\n<td>99.9995<\/td>\n<td>99.9975<\/td>\n<td>12.2<\/td>\n<\/tr>\n<tr>\n<td>MGH-13J-305x305x104<\/td>\n<td>H13<\/td>\n<td>305x305x104<\/td>\n<td>150<\/td>\n<td>2.25<\/td>\n<td>100<\/td>\n<td>600<\/td>\n<td>99.95<\/td>\n<td>99.75<\/td>\n<td>3<\/td>\n<\/tr>\n<tr>\n<td>MGH-13J-305x610x104<\/td>\n<td>H13<\/td>\n<td>305x610x104<\/td>\n<td>300<\/td>\n<td>4.5<\/td>\n<td>100<\/td>\n<td>600<\/td>\n<td>99.95<\/td>\n<td>99.75<\/td>\n<td>4.8<\/td>\n<\/tr>\n<tr>\n<td>MGH-13J-457x457x104<\/td>\n<td>H13<\/td>\n<td>457x457x104<\/td>\n<td>340<\/td>\n<td>5.1<\/td>\n<td>100<\/td>\n<td>600<\/td>\n<td>99.95<\/td>\n<td>99.75<\/td>\n<td>4<\/td>\n<\/tr>\n<tr>\n<td>MGH-13J-610x610x104<\/td>\n<td>H13<\/td>\n<td>610x610x104<\/td>\n<td>600<\/td>\n<td>9<\/td>\n<td>100<\/td>\n<td>600<\/td>\n<td>99.95<\/td>\n<td>99.75<\/td>\n<td>8.5<\/td>\n<\/tr>\n<tr>\n<td>MGH-13J-610x762x104<\/td>\n<td>H13<\/td>\n<td>610x762x104<\/td>\n<td>750<\/td>\n<td>11.3<\/td>\n<td>100<\/td>\n<td>600<\/td>\n<td>99.95<\/td>\n<td>99.75<\/td>\n<td>10.5<\/td>\n<\/tr>\n<tr>\n<td>MGH-13J-610x915x104<\/td>\n<td>H13<\/td>\n<td>610x915x104<\/td>\n<td>900<\/td>\n<td>13.5<\/td>\n<td>100<\/td>\n<td>600<\/td>\n<td>99.95<\/td>\n<td>99.75<\/td>\n<td>11.5<\/td>\n<\/tr>\n<tr>\n<td>MGH-13J-610x1220x104<\/td>\n<td>H13<\/td>\n<td>610x1220x104<\/td>\n<td>1200<\/td>\n<td>18<\/td>\n<td>100<\/td>\n<td>600<\/td>\n<td>99.95<\/td>\n<td>99.75<\/td>\n<td>13.5<\/td>\n<\/tr>\n<tr>\n<td>MGH-14J-305x305x104<\/td>\n<td>H13<\/td>\n<td>305x305x104<\/td>\n<td>150<\/td>\n<td>2.25<\/td>\n<td>125<\/td>\n<td>600<\/td>\n<td>99.95<\/td>\n<td>99.75<\/td>\n<td>3<\/td>\n<\/tr>\n<tr>\n<td>MGH-14J-305x610x104<\/td>\n<td>H13<\/td>\n<td>305x610x104<\/td>\n<td>300<\/td>\n<td>4.5<\/td>\n<td>125<\/td>\n<td>600<\/td>\n<td>99.95<\/td>\n<td>99.75<\/td>\n<td>4.8<\/td>\n<\/tr>\n<tr>\n<td>MGH-14J-457x457x104<\/td>\n<td>H13<\/td>\n<td>457x457x104<\/td>\n<td>340<\/td>\n<td>5.1<\/td>\n<td>125<\/td>\n<td>600<\/td>\n<td>99.95<\/td>\n<td>99.75<\/td>\n<td>4<\/td>\n<\/tr>\n<tr>\n<td>MGH-14J-610x610x104<\/td>\n<td>H14<\/td>\n<td>610x610x104<\/td>\n<td>600<\/td>\n<td>9<\/td>\n<td>125<\/td>\n<td>600<\/td>\n<td>99.995<\/td>\n<td>99.975<\/td>\n<td>8.5<\/td>\n<\/tr>\n<tr>\n<td>MGH-14J-610x762x104<\/td>\n<td>H14<\/td>\n<td>610x762x104<\/td>\n<td>750<\/td>\n<td>11.3<\/td>\n<td>125<\/td>\n<td>600<\/td>\n<td>99.995<\/td>\n<td>99.975<\/td>\n<td>10.5<\/td>\n<\/tr>\n<tr>\n<td>MGH-14J-610x915x104<\/td>\n<td>H14<\/td>\n<td>610x915x104<\/td>\n<td>900<\/td>\n<td>13.5<\/td>\n<td>125<\/td>\n<td>600<\/td>\n<td>99.995<\/td>\n<td>99.975<\/td>\n<td>11.5<\/td>\n<\/tr>\n<tr>\n<td>MGH-14J-610x1220x104<\/td>\n<td>H14<\/td>\n<td>610x1220x104<\/td>\n<td>1200<\/td>\n<td>18<\/td>\n<td>125<\/td>\n<td>600<\/td>\n<td>99.995<\/td>\n<td>99.975<\/td>\n<td>13.5<\/td>\n<\/tr>\n<tr>\n<td>MGH-15J-305x305x104<\/td>\n<td>U15<\/td>\n<td>305x305x104<\/td>\n<td>150<\/td>\n<td>2.25<\/td>\n<td>140<\/td>\n<td>600<\/td>\n<td>99.9995<\/td>\n<td>99.9975<\/td>\n<td>3<\/td>\n<\/tr>\n<tr>\n<td>MGH-15J-305x610x104<\/td>\n<td>U15<\/td>\n<td>305x610x104<\/td>\n<td>300<\/td>\n<td>4.5<\/td>\n<td>140<\/td>\n<td>600<\/td>\n<td>99.9995<\/td>\n<td>99.9975<\/td>\n<td>4.8<\/td>\n<\/tr>\n<tr>\n<td>MGH-15J-457x457x104<\/td>\n<td>U15<\/td>\n<td>457x457x104<\/td>\n<td>340<\/td>\n<td>5.1<\/td>\n<td>140<\/td>\n<td>600<\/td>\n<td>99.9995<\/td>\n<td>99.9975<\/td>\n<td>4<\/td>\n<\/tr>\n<tr>\n<td>MGH-15J-610x610x104<\/td>\n<td>U15<\/td>\n<td>610x610x104<\/td>\n<td>600<\/td>\n<td>9<\/td>\n<td>140<\/td>\n<td>600<\/td>\n<td>99.9995<\/td>\n<td>99.9975<\/td>\n<td>8.5<\/td>\n<\/tr>\n<tr>\n<td>MGH-15J-610x762x104<\/td>\n<td>U15<\/td>\n<td>610x762x104<\/td>\n<td>750<\/td>\n<td>11.3<\/td>\n<td>140<\/td>\n<td>600<\/td>\n<td>99.9995<\/td>\n<td>99.9975<\/td>\n<td>10.5<\/td>\n<\/tr>\n<tr>\n<td>MGH-15J-610x915x104<\/td>\n<td>U15<\/td>\n<td>610x915x104<\/td>\n<td>900<\/td>\n<td>13.5<\/td>\n<td>140<\/td>\n<td>600<\/td>\n<td>99.9995<\/td>\n<td>99.9975<\/td>\n<td>11.5<\/td>\n<\/tr>\n<tr>\n<td>MGH-15J-610x1220x104<\/td>\n<td>U15<\/td>\n<td>610x1220x104<\/td>\n<td>1200<\/td>\n<td>18<\/td>\n<td>140<\/td>\n<td>600<\/td>\n<td>99.9995<\/td>\n<td>99.9975<\/td>\n<td>13.5<\/td>\n<\/tr>\n<\/tbody>\n<\/table>\n<\/div>\n<\/div>\n<\/div>\n<\/div>\n<\/div>\n","protected":false},"excerpt":{"rendered":"<p>Mikro elektronika, tibb, \u0259cza\u00e7\u0131l\u0131q, qida s\u0259nayesi, mikrobiologiya, kimya laboratoriyalar\u0131, x\u0259st\u0259xana v\u0259 \u0259m\u0259liyyat otaqlar\u0131, laminar ax\u0131n qutular\u0131, fan filtrl\u0259ri, n\u00fcv\u0259 enerjisi v\u0259 n\u00fcv\u0259 t\u0259dqiqatlar\u0131 kimi s\u0259naye prosesl\u0259ri.<\/p>\n<p>F\u0130LTRE S\u0130NF\u0130:H13-H14-U15<br \/>\nM\u018fHM\u018fTL\u018fR\u0130C\u0130 T\u018fRK\u0130B: \u0130ki komponentli poliuretan<br \/>\n\u00c7\u018fR\u00c7\u018fK N\u00d6V\u00dc: Anodizel, ekstr\u00fcde al\u00fcminium<br \/>\nFACEQUARD: Al\u00fcminium t\u0259b\u0259q\u0259<br \/>\nMONTAJ:Gel<br \/>\nT\u018fTB\u0130Q: T\u0259miz otaqlar, \u0259m\u0259liyyat ota\u011f\u0131<br \/>\nMED\u0130A:Y\u00fcks\u0259k keyfiyy\u0259tli \u015f\u00fc\u015f\u0259 lif<br \/>\nMAX \u0130\u015eL\u018fM\u018f TEMPERATURASI:75 \u00bac<br \/>\nSEPERATOR: \u0130sti \u0259rim\u0259<\/p>\n<p>Poliuretan gel conta<br \/>\nB\u0131\u00e7aq k\u0259nar\u0131 \u00e7\u0259r\u00e7iv\u0259 sisteml\u0259ri \u00fc\u00e7\u00fcn uy\u011fundur<br \/>\nY\u00fcks\u0259k keyfiyy\u0259tli filtrasiya<br \/>\nLaminar ax\u0131n \u015f\u0259raitind\u0259 y\u00fcks\u0259k qeyri-b\u0259rab\u0259rlik<br \/>\nA\u015fa\u011f\u0131 t\u0259zyiq d\u00fc\u015fm\u0259si<br \/>\nDaha az enerji<br \/>\nvonsumption<br \/>\nHomojen s\u00fcr\u0259t paylanmas\u0131<br \/>\nS\u0131zd\u0131rmaz z\u0259man\u0259t<br \/>\nindividiula test sertifikat\u0131 il\u0259 (EN1822)<br \/>\n\u0130st\u0259nil\u0259n \u00f6l\u00e7\u00fcd\u0259 m\u00fcxt\u0259lif \u00e7\u0259r\u00e7iv\u0259 d\u0259rinliyi YAN\u011eIN S\u0130NF\u0130: Normal temperatur \u00fc\u00e7\u00fcn K2\/F2<\/p>\n","protected":false},"featured_media":22733,"template":"","meta":[],"product_brand":[],"product_cat":[814],"product_tag":[],"class_list":{"0":"post-23122","1":"product","2":"type-product","3":"status-publish","4":"has-post-thumbnail","6":"product_cat-hava-filtrlri","8":"first","9":"instock","10":"shipping-taxable","11":"product-type-simple"},"_links":{"self":[{"href":"https:\/\/airsystems.ge\/shop\/az\/wp-json\/wp\/v2\/product\/23122","targetHints":{"allow":["GET"]}}],"collection":[{"href":"https:\/\/airsystems.ge\/shop\/az\/wp-json\/wp\/v2\/product"}],"about":[{"href":"https:\/\/airsystems.ge\/shop\/az\/wp-json\/wp\/v2\/types\/product"}],"wp:featuredmedia":[{"embeddable":true,"href":"https:\/\/airsystems.ge\/shop\/az\/wp-json\/wp\/v2\/media\/22733"}],"wp:attachment":[{"href":"https:\/\/airsystems.ge\/shop\/az\/wp-json\/wp\/v2\/media?parent=23122"}],"wp:term":[{"taxonomy":"product_brand","embeddable":true,"href":"https:\/\/airsystems.ge\/shop\/az\/wp-json\/wp\/v2\/product_brand?post=23122"},{"taxonomy":"product_cat","embeddable":true,"href":"https:\/\/airsystems.ge\/shop\/az\/wp-json\/wp\/v2\/product_cat?post=23122"},{"taxonomy":"product_tag","embeddable":true,"href":"https:\/\/airsystems.ge\/shop\/az\/wp-json\/wp\/v2\/product_tag?post=23122"}],"curies":[{"name":"wp","href":"https:\/\/api.w.org\/{rel}","templated":true}]}}