{"id":23105,"date":"2025-02-08T19:11:16","date_gmt":"2025-02-08T15:11:16","guid":{"rendered":"https:\/\/airsystems.ge\/shop\/product\/activated-carbon-panel-filter\/"},"modified":"2025-02-20T10:52:06","modified_gmt":"2025-02-20T06:52:06","slug":"activated-carbon-panel-filter","status":"publish","type":"product","link":"https:\/\/airsystems.ge\/shop\/az\/product\/activated-carbon-panel-filter\/","title":{"rendered":"Aktivl\u0259\u015fdirilmi\u015f Karbon Panel Filtr"},"content":{"rendered":"<div class=\"col-lg-9 content-area\">\n<div class=\"ttm-single-product-details product\">\n<div class=\"ttm-tabs tabs-for-single-products\" data-effect=\"fadeIn\">\n<div class=\"content-tab ttm-bgcolor-white\">\n<div class=\"content-inner active\">\n<table class=\"shop_attributes\">\n<thead>\n<tr>\n<th>Product Code<\/th>\n<th colspan=\"2\">Class<\/th>\n<th>Dimensions (WxHxD)<\/th>\n<th>Air flow<\/th>\n<th>Filter surface<\/th>\n<th>Pressure<\/th>\n<th>Max. Final Pressure Drop<\/th>\n<th>Weight<\/th>\n<\/tr>\n<tr>\n<th><\/th>\n<th>EN 779<\/th>\n<th>ISO 16890<\/th>\n<th>mm<\/th>\n<th>m\u00b3\/h<\/th>\n<th>m2<\/th>\n<th>Pa<\/th>\n<th>Pa<\/th>\n<th>Kg<\/th>\n<\/tr>\n<\/thead>\n<tbody>\n<tr>\n<td>MGC-AC-287x287x48<\/td>\n<td>G4<\/td>\n<td>Coarse 75%<\/td>\n<td>287x287x48<\/td>\n<td>850<\/td>\n<td>0.15<\/td>\n<td>60<\/td>\n<td>450<\/td>\n<td>0.8<\/td>\n<\/tr>\n<tr>\n<td>MGC-AC-400x500x48<\/td>\n<td>G4<\/td>\n<td>Coarse 75%<\/td>\n<td>400x500x48<\/td>\n<td>1.950<\/td>\n<td>0.34<\/td>\n<td>60<\/td>\n<td>450<\/td>\n<td>1.1<\/td>\n<\/tr>\n<tr>\n<td>MGC-AC-500x500x48<\/td>\n<td>G4<\/td>\n<td>Coarse 75%<\/td>\n<td>500x500x48<\/td>\n<td>2.450<\/td>\n<td>0.42<\/td>\n<td>60<\/td>\n<td>450<\/td>\n<td>1.3<\/td>\n<\/tr>\n<tr>\n<td>MGC-AC-500x625x48<\/td>\n<td>G4<\/td>\n<td>Coarse 75%<\/td>\n<td>500x625x48<\/td>\n<td>3.000<\/td>\n<td>0.53<\/td>\n<td>60<\/td>\n<td>450<\/td>\n<td>1.5<\/td>\n<\/tr>\n<tr>\n<td>MGC-AC-287x592x48<\/td>\n<td>G4<\/td>\n<td>Coarse 75%<\/td>\n<td>287x592x48<\/td>\n<td>1.700<\/td>\n<td>0.3<\/td>\n<td>60<\/td>\n<td>450<\/td>\n<td>1.1<\/td>\n<\/tr>\n<tr>\n<td>MGC-AC-490x592x48<\/td>\n<td>G4<\/td>\n<td>Coarse 75%<\/td>\n<td>490x592x48<\/td>\n<td>2.820<\/td>\n<td>0.49<\/td>\n<td>60<\/td>\n<td>450<\/td>\n<td>1.4<\/td>\n<\/tr>\n<tr>\n<td>MGC-AC-592x592x48<\/td>\n<td>G4<\/td>\n<td>Coarse 75%<\/td>\n<td>592x592x48<\/td>\n<td>3.400<\/td>\n<td>0.6<\/td>\n<td>60<\/td>\n<td>450<\/td>\n<td>1.6<\/td>\n<\/tr>\n<tr>\n<td>MGC-AC-500x500x48<\/td>\n<td>G4<\/td>\n<td>Coarse 75%<\/td>\n<td>500x500x48<\/td>\n<td>2.450<\/td>\n<td>0.42<\/td>\n<td>60<\/td>\n<td>450<\/td>\n<td>1.3<\/td>\n<\/tr>\n<\/tbody>\n<\/table>\n<\/div>\n<\/div>\n<\/div>\n<\/div>\n<\/div>\n","protected":false},"excerpt":{"rendered":"<p>F\u0130LTRE S\u0130NF\u0130: G4<br \/>\n\u00c7\u0259r\u00e7iv\u0259 N\u00f6v\u00fc: Sinkl\u0259nmi\u015f, Al\u00fcminium, paslanmayan polad<br \/>\nT\u018fTB\u0130Q: HVAC \u00fc\u00e7\u00fcn \u00f6n filtr<br \/>\nMED\u0130A: Emprenye edilmi\u015f karbonlu sintetik polyester<br \/>\nMAX \u0130\u015eL\u018fM\u018f TEMPERATURASI:75 \u00bac<\/p>\n<p>Sad\u0259 v\u0259 y\u00fcng\u00fcl \u00e7\u0259ki<br \/>\n\u00c7oxlu filtrasiya n\u00f6vl\u0259ri<br \/>\nH\u0259r iki t\u0259r\u0259fd\u0259n grid<br \/>\nD\u0259yi\u015f\u0259n sintetik media<br \/>\n\u0130st\u0259nil\u0259n \u00f6l\u00e7\u00fcd\u0259 m\u00fcxt\u0259lif \u00e7\u0259r\u00e7iv\u0259 \u00f6l\u00e7\u00fcl\u0259ri<br \/>\nAsan qura\u015fd\u0131rma<\/p>\n","protected":false},"featured_media":22753,"template":"","meta":[],"product_brand":[],"product_cat":[814],"product_tag":[],"class_list":{"0":"post-23105","1":"product","2":"type-product","3":"status-publish","4":"has-post-thumbnail","6":"product_cat-hava-filtrlri","8":"first","9":"instock","10":"shipping-taxable","11":"product-type-simple"},"_links":{"self":[{"href":"https:\/\/airsystems.ge\/shop\/az\/wp-json\/wp\/v2\/product\/23105","targetHints":{"allow":["GET"]}}],"collection":[{"href":"https:\/\/airsystems.ge\/shop\/az\/wp-json\/wp\/v2\/product"}],"about":[{"href":"https:\/\/airsystems.ge\/shop\/az\/wp-json\/wp\/v2\/types\/product"}],"wp:featuredmedia":[{"embeddable":true,"href":"https:\/\/airsystems.ge\/shop\/az\/wp-json\/wp\/v2\/media\/22753"}],"wp:attachment":[{"href":"https:\/\/airsystems.ge\/shop\/az\/wp-json\/wp\/v2\/media?parent=23105"}],"wp:term":[{"taxonomy":"product_brand","embeddable":true,"href":"https:\/\/airsystems.ge\/shop\/az\/wp-json\/wp\/v2\/product_brand?post=23105"},{"taxonomy":"product_cat","embeddable":true,"href":"https:\/\/airsystems.ge\/shop\/az\/wp-json\/wp\/v2\/product_cat?post=23105"},{"taxonomy":"product_tag","embeddable":true,"href":"https:\/\/airsystems.ge\/shop\/az\/wp-json\/wp\/v2\/product_tag?post=23105"}],"curies":[{"name":"wp","href":"https:\/\/api.w.org\/{rel}","templated":true}]}}