{"id":22989,"date":"2025-02-16T12:06:09","date_gmt":"2025-02-16T08:06:09","guid":{"rendered":"https:\/\/airsystems.ge\/shop\/product\/wind-measurement-masts\/"},"modified":"2025-04-02T09:31:56","modified_gmt":"2025-04-02T05:31:56","slug":"wind-measurement-masts","status":"publish","type":"product","link":"https:\/\/airsystems.ge\/shop\/az\/product\/wind-measurement-masts\/","title":{"rendered":"K\u00fcl\u0259k \u00f6l\u00e7m\u0259 q\u00fcll\u0259si K\u00fcl\u0259k q\u00fcll\u0259l\u0259ri K\u00fcl\u0259k enerjisi"},"content":{"rendered":"","protected":false},"excerpt":{"rendered":"<p>K\u00fcl\u0259k q\u00fcll\u0259l\u0259ri K\u00fcl\u0259k enerjisi<br \/>\nBiz 3 n\u00f6v q\u0259f\u0259sli mast istehsal edirik:<br \/>\nNormal<br \/>\n1. Normal Buzsuz dir\u0259k \u2013 a\u015fa\u011f\u0131 k\u00fcl\u0259yin s\u00fcr\u0259ti v\u0259 normal q\u0131\u015f \u00fc\u00e7\u00fcn n\u0259z\u0259rd\u0259 tutulmu\u015fdur<\/p>\n<p>2. G\u00fccl\u0259ndirilmi\u015f Buzsuz dir\u0259kl\u0259r \u2013 k\u00fcl\u0259yin s\u00fcr\u0259ti u 15-22 m\/s v\u0259 a\u011f\u0131r q\u0131\u015f \u00fc\u00e7\u00fcn n\u0259z\u0259rd\u0259 tutulmu\u015fdur<\/p>\n<p>3. Super G\u00fccl\u0259ndirilmi\u015f Buzsuz dir\u0259kl\u0259r \u2013 k\u00fcl\u0259yin s\u00fcr\u0259ti 22-30 m\/s-\u0259 q\u0259d\u0259r v\u0259 artik m\u00f6vs\u00fcm v\u0259 ya y\u00fcks\u0259k da\u011flar \u00fc\u00e7\u00fcn n\u0259z\u0259rd\u0259 tutulmu\u015fdur<\/p>\n<p>Onlar 120-140 m-\u0259 q\u0259d\u0259r b\u00f6y\u00fck \u00f6l\u00e7\u00fcl\u0259r\u0259 \u00e7ata bil\u0259r, \u0259sas\u0259n m\u00fcmk\u00fcn q\u0259d\u0259r d\u0259qiq \u00f6l\u00e7m\u0259 \u00fc\u00e7\u00fcn, g\u0259l\u0259c\u0259k turbinl\u0259rin h\u00fcnd\u00fcrl\u00fcy\u00fcn\u0259 m\u00fcmk\u00fcn q\u0259d\u0259r yax\u0131n h\u00fcnd\u00fcrl\u00fckl\u0259rd\u0259 istifad\u0259 olunur.<\/p>\n","protected":false},"featured_media":22978,"template":"","meta":[],"product_brand":[],"product_cat":[794],"product_tag":[],"class_list":{"0":"post-22989","1":"product","2":"type-product","3":"status-publish","4":"has-post-thumbnail","6":"product_cat-kulk-olcm-qullsi-dirklri-kulk","8":"first","9":"instock","10":"shipping-taxable","11":"product-type-simple"},"_links":{"self":[{"href":"https:\/\/airsystems.ge\/shop\/az\/wp-json\/wp\/v2\/product\/22989","targetHints":{"allow":["GET"]}}],"collection":[{"href":"https:\/\/airsystems.ge\/shop\/az\/wp-json\/wp\/v2\/product"}],"about":[{"href":"https:\/\/airsystems.ge\/shop\/az\/wp-json\/wp\/v2\/types\/product"}],"wp:featuredmedia":[{"embeddable":true,"href":"https:\/\/airsystems.ge\/shop\/az\/wp-json\/wp\/v2\/media\/22978"}],"wp:attachment":[{"href":"https:\/\/airsystems.ge\/shop\/az\/wp-json\/wp\/v2\/media?parent=22989"}],"wp:term":[{"taxonomy":"product_brand","embeddable":true,"href":"https:\/\/airsystems.ge\/shop\/az\/wp-json\/wp\/v2\/product_brand?post=22989"},{"taxonomy":"product_cat","embeddable":true,"href":"https:\/\/airsystems.ge\/shop\/az\/wp-json\/wp\/v2\/product_cat?post=22989"},{"taxonomy":"product_tag","embeddable":true,"href":"https:\/\/airsystems.ge\/shop\/az\/wp-json\/wp\/v2\/product_tag?post=22989"}],"curies":[{"name":"wp","href":"https:\/\/api.w.org\/{rel}","templated":true}]}}